{"id":3894,"date":"2026-03-27T20:26:29","date_gmt":"2026-03-27T20:26:29","guid":{"rendered":"https:\/\/lightlifesystem.com\/?page_id=3894"},"modified":"2026-03-28T14:06:39","modified_gmt":"2026-03-28T14:06:39","slug":"light-life-3","status":"publish","type":"page","link":"https:\/\/lightlifesystem.com\/?page_id=3894","title":{"rendered":"Light Life"},"content":{"rendered":"<h1>Light Life<\/h1>\n<h1>Monde actuel et proposition<\/p>\n<\/h1>\n<ul>\n<li>\n<p>        <img decoding=\"async\" src=\"\/wp-content\/uploads\/three.png\" alt=\"\"><\/p>\n<h3>SYST\u00c8ME DE TH\u00c9RAPIE QUANTIQUE BIO\u00c9NERG\u00c9TIQUE<\/h3>\n<div>Aujourd\u2019hui, il est possible d\u2019acc\u00e9der \u00e0 cette BIO\u00c9NERGIE comme jamais auparavant et d\u2019aider l\u2019\u00eatre dans son int\u00e9gralit\u00e9 \u00e0 se renforcer.<\/div>\n<p><a href=\"\/?page_id=3046&amp;lang=fr\">En savoir plus<\/a><\/p>\n<\/li>\n<li>\n<p>        <img decoding=\"async\" src=\"\/wp-content\/uploads\/two.png\" alt=\"\"><\/p>\n<h3>CE QUE NOUS FAISONS ET COMMENT NOUS LE FAISONS<\/h3>\n<div>Actuellement, nous proposons des s\u00e9ances de soins individuels \u00e0 distance. Le receveur peut se trouver n\u2019importe o\u00f9 dans le monde, car le travail ne d\u00e9pend pas d\u2019une pr\u00e9sence physique, mais plut\u00f4t d\u2019une connexion avec des dimensions sup\u00e9rieures.<\/div>\n<p><a href=\"\/?page_id=3042&amp;lang=fr\">En savoir plus<\/a><\/p>\n<\/li>\n<li>\n<p>        <img decoding=\"async\" src=\"\/wp-content\/uploads\/z2.png\" alt=\"\"><\/p>\n<h3>INSTALLER ET ACTIVER DES PORTAILS DIMENSIONNELS<\/h3>\n<div>Nous cherchons \u00e0 installer et \u00e0 activer des portails dimensionnels pour relier deux mondes.<\/div>\n<p><a href=\"\/?page_id=3050&amp;lang=fr\">En savoir plus<\/a><\/p>\n<\/li>\n<\/ul>\n<p><!--more--><br \/>\n<!-- {\"type\":\"layout\",\"children\":[{\"type\":\"section\",\"props\":{\"header_transparent\":true,\"header_transparent_noplaceholder\":true,\"header_transparent_text_color\":\"light\",\"image_position\":\"center-center\",\"padding_bottom\":\"none\",\"padding_top\":\"none\",\"preserve_color\":true,\"style\":\"default\",\"title_breakpoint\":\"xl\",\"title_position\":\"top-left\",\"title_rotation\":\"left\",\"vertical_align\":\"\",\"width\":\"\"},\"children\":[{\"type\":\"row\",\"props\":{\"height\":\"viewport\",\"height_viewport_offset\":true},\"children\":[{\"type\":\"column\",\"props\":{\"image\":\"wp-content\/uploads\/un.png\",\"image_position\":\"center-center\",\"image_size\":\"cover\",\"image_width\":\"2560\",\"media_overlay\":\"rgba(0, 0, 0, 0)\",\"padding\":\"none\",\"position_sticky\":\"section\",\"position_sticky_breakpoint\":\"\"}}]},{\"type\":\"row\",\"props\":{\"css\":\".el-row {\\n    position: relative;\\n    z-index: 1;\\n    margin-top: -100vh;\\n}\",\"height\":\"viewport\"},\"children\":[{\"type\":\"column\",\"props\":{\"image_position\":\"center-center\",\"position_sticky_breakpoint\":\"m\",\"text_color\":\"light\",\"vertical_align\":\"middle\"},\"children\":[{\"type\":\"image\",\"props\":{\"animation\":\"parallax\",\"block_align\":\"center\",\"image\":\"\",\"image_loading\":true,\"image_svg_color\":\"emphasis\",\"image_width\":99,\"margin_bottom\":\"small\",\"margin_top\":\"small\",\"maxwidth\":\"xlarge\",\"parallax_blur\":\"50\",\"parallax_opacity\":\"1,0,0\",\"parallax_scale\":\"0.5\",\"parallax_start\":\"55vh + 50%\",\"position\":\"relative\",\"position_z_index\":\"1\",\"text_align\":\"left\",\"text_align_breakpoint\":\"l\",\"text_align_fallback\":\"left\"}},{\"type\":\"headline\",\"props\":{\"animation\":\"parallax\",\"content\":\"Light Life\",\"image_align\":\"left\",\"image_margin\":\"xsmall\",\"margin_top\":\"remove\",\"parallax_opacity\":\"1,0,0\",\"parallax_scale\":\"0.5\",\"parallax_start\":\"55vh + 50%\",\"position\":\"relative\",\"position_z_index\":\"1\",\"text_align\":\"center\",\"title_color\":\"secondary\",\"title_element\":\"h1\",\"title_style\":\"heading-xlarge\",\"visibility\":\"s\"}},{\"type\":\"headline\",\"props\":{\"animation\":\"parallax\",\"content\":\"\",\"image_align\":\"left\",\"image_margin\":\"xsmall\",\"margin_top\":\"remove\",\"parallax_opacity\":\"1,0,0\",\"parallax_scale\":\"0.5\",\"parallax_start\":\"55vh + 50%\",\"position\":\"relative\",\"position_z_index\":\"1\",\"text_align\":\"center\",\"title_color\":\"secondary\",\"title_element\":\"h1\",\"title_style\":\"heading-small\",\"visibility\":\"s\"}},{\"type\":\"headline\",\"props\":{\"animation\":\"parallax\",\"content\":\"Monde actuel et proposition\\n\\n\\n\",\"image_align\":\"left\",\"image_margin\":\"xsmall\",\"margin_top\":\"remove\",\"parallax_blur\":\"50\",\"parallax_opacity\":\"1,0,0\",\"parallax_scale\":\"0.5\",\"parallax_start\":\"50vh + 50%\",\"position\":\"relative\",\"position_z_index\":\"1\",\"text_align\":\"center\",\"title_element\":\"h1\",\"title_style\":\"heading-large\",\"visibility\":\"hidden-s\"}}]}]}],\"name\":\"Hero\"},{\"type\":\"section\",\"props\":{\"height\":\"viewport\",\"image_position\":\"center-center\",\"padding_bottom\":\"xlarge\",\"padding_top\":\"xlarge\",\"style\":\"default\",\"title_breakpoint\":\"xl\",\"title_position\":\"top-left\",\"title_rotation\":\"left\",\"vertical_align\":\"middle\",\"width\":\"xlarge\"},\"children\":[{\"type\":\"row\",\"children\":[{\"type\":\"column\",\"props\":{\"image_position\":\"center-center\",\"position_sticky_breakpoint\":\"m\"},\"children\":[{\"name\":\"Grid Gaps None\",\"type\":\"grid\",\"children\":[{\"type\":\"grid_item\",\"props\":{\"content\":\"Aujourd\u2019hui, il est possible d\u2019acc\u00e9der \u00e0 cette BIO\u00c9NERGIE comme jamais auparavant et d\u2019aider l\u2019\u00eatre dans son int\u00e9gralit\u00e9 \u00e0 se renforcer.\",\"image\":\"wp-content\/uploads\/three.png\",\"link\":\"?page_id=3046&lang=fr\",\"meta\":\"\",\"title\":\"SYST\u00c8ME DE TH\u00c9RAPIE QUANTIQUE BIO\u00c9NERG\u00c9TIQUE\",\"video\":\"\"}},{\"type\":\"grid_item\",\"props\":{\"content\":\"Actuellement, nous proposons des s\u00e9ances de soins individuels \u00e0 distance. Le receveur peut se trouver n\u2019importe o\u00f9 dans le monde, car le travail ne d\u00e9pend pas d\u2019une pr\u00e9sence physique, mais plut\u00f4t d\u2019une connexion avec des dimensions sup\u00e9rieures.\",\"image\":\"wp-content\/uploads\/two.png\",\"link\":\"?page_id=3042&lang=fr\",\"meta\":\"\",\"title\":\"CE QUE NOUS FAISONS ET COMMENT NOUS LE FAISONS\",\"video\":\"\"}},{\"type\":\"grid_item\",\"props\":{\"content\":\"Nous cherchons \u00e0 installer et \u00e0 activer des portails dimensionnels pour relier deux mondes.\",\"image\":\"wp-content\/uploads\/z2.png\",\"link\":\"?page_id=3050&lang=fr\",\"meta\":\"\",\"title\":\"INSTALLER ET ACTIVER DES PORTAILS DIMENSIONNELS\",\"video\":\"\"}}],\"props\":{\"content_column_breakpoint\":\"m\",\"filter_align\":\"left\",\"filter_all\":true,\"filter_grid_breakpoint\":\"m\",\"filter_grid_width\":\"auto\",\"filter_position\":\"top\",\"filter_style\":\"tab\",\"grid_column_gap\":\"large\",\"grid_default\":\"1\",\"grid_medium\":\"3\",\"grid_row_gap\":\"large\",\"grid_small\":\"2\",\"image_align\":\"top\",\"image_expand\":false,\"image_grid_breakpoint\":\"m\",\"image_grid_width\":\"1-2\",\"image_height\":800,\"image_svg_color\":\"emphasis\",\"image_transition\":\"scale-up\",\"image_width\":800,\"item_animation\":true,\"lightbox_bg_close\":true,\"link_margin\":\"medium\",\"link_style\":\"primary\",\"link_text\":\"En savoir plus\",\"margin_bottom\":\"default\",\"margin_top\":\"default\",\"meta_align\":\"above-title\",\"meta_element\":\"div\",\"meta_margin\":\"small\",\"meta_style\":\"text-meta\",\"panel_link\":true,\"panel_padding\":\"default\",\"parallax_easing\":\"1\",\"show_content\":true,\"show_hover_image\":true,\"show_hover_video\":true,\"show_image\":true,\"show_link\":true,\"show_meta\":true,\"show_title\":true,\"show_video\":true,\"title_align\":\"top\",\"title_element\":\"h3\",\"title_grid_breakpoint\":\"m\",\"title_grid_width\":\"1-2\",\"title_hover_style\":\"reset\",\"title_margin\":\"small\",\"title_style\":\"h1\"}}]}]}]}],\"version\":\"5.0.19\"} --><\/p>\n","protected":false},"excerpt":{"rendered":"<p>Light Life Monde actuel et proposition SYST\u00c8ME DE TH\u00c9RAPIE QUANTIQUE BIO\u00c9NERG\u00c9TIQUE Aujourd\u2019hui, il est possible d\u2019acc\u00e9der \u00e0 cette BIO\u00c9NERGIE comme jamais auparavant et d\u2019aider l\u2019\u00eatre dans son int\u00e9gralit\u00e9 \u00e0 se renforcer. En savoir plus CE QUE NOUS FAISONS ET COMMENT NOUS LE FAISONS Actuellement, nous proposons des s\u00e9ances de soins individuels \u00e0 distance. Le receveur [&hellip;]<\/p>\n","protected":false},"author":1,"featured_media":0,"parent":0,"menu_order":0,"comment_status":"closed","ping_status":"closed","template":"","meta":{"_themeisle_gutenberg_block_has_review":false,"footnotes":""},"class_list":["post-3894","page","type-page","status-publish","hentry"],"_links":{"self":[{"href":"https:\/\/lightlifesystem.com\/index.php?rest_route=\/wp\/v2\/pages\/3894","targetHints":{"allow":["GET"]}}],"collection":[{"href":"https:\/\/lightlifesystem.com\/index.php?rest_route=\/wp\/v2\/pages"}],"about":[{"href":"https:\/\/lightlifesystem.com\/index.php?rest_route=\/wp\/v2\/types\/page"}],"author":[{"embeddable":true,"href":"https:\/\/lightlifesystem.com\/index.php?rest_route=\/wp\/v2\/users\/1"}],"replies":[{"embeddable":true,"href":"https:\/\/lightlifesystem.com\/index.php?rest_route=%2Fwp%2Fv2%2Fcomments&post=3894"}],"version-history":[{"count":16,"href":"https:\/\/lightlifesystem.com\/index.php?rest_route=\/wp\/v2\/pages\/3894\/revisions"}],"predecessor-version":[{"id":3978,"href":"https:\/\/lightlifesystem.com\/index.php?rest_route=\/wp\/v2\/pages\/3894\/revisions\/3978"}],"wp:attachment":[{"href":"https:\/\/lightlifesystem.com\/index.php?rest_route=%2Fwp%2Fv2%2Fmedia&parent=3894"}],"curies":[{"name":"wp","href":"https:\/\/api.w.org\/{rel}","templated":true}]}}