{"id":3892,"date":"2026-03-27T20:26:10","date_gmt":"2026-03-27T20:26:10","guid":{"rendered":"https:\/\/lightlifesystem.com\/?page_id=3892"},"modified":"2026-03-28T14:05:57","modified_gmt":"2026-03-28T14:05:57","slug":"monde-actuel-et-proposition-2","status":"publish","type":"page","link":"https:\/\/lightlifesystem.com\/?page_id=3892","title":{"rendered":"Monde actuel et proposition"},"content":{"rendered":"<h1>Monde actuel<br \/>&#038; proposition<\/p>\n<\/h1>\n<h1>Monde actuel et proposition<\/p>\n<\/h1>\n<ul>\n<li>\n<p><video src=\"\/wp-content\/uploads\/5.mp4\"><\/video><\/p>\n<h3>Aper\u00e7u<BR\/>du monde actuel<\/h3>\n<div>Notre initiative s\u2019inscrit dans un contexte marqu\u00e9 par de profonds conflits id\u00e9ologiques, des catastrophes r\u00e9currentes et un d\u00e9s\u00e9quilibre dont l\u2019humanit\u00e9 souffre depuis ses origines. <\/div>\n<p><a href=\"\/?page_id=3040&amp;lang=fr\">En savoir plus<\/a><\/p>\n<\/li>\n<li>\n<p><video src=\"\/wp-content\/uploads\/yootheme\/3.mp4\"><\/video><\/p>\n<h3>Notre proposition face \u00e0 ce sc\u00e9nario<\/h3>\n<div>Face a\u0300 ce contexte de chaos et de pe\u0301nurie, notre initiative vise a\u0300 contrer ces forces de\u0301stabilisatrices. Nous proposons d\u2019agir comme un e\u0301quilibreur, en apportant au plan physique des e\u0301nergies provenant d\u2019une source ou\u0300 le bien absolu abonde.<\/div>\n<p><a href=\"\/?page_id=3042&amp;lang=fr\">En savoir plus<\/a><\/p>\n<\/li>\n<li>\n<p><video src=\"\/wp-content\/uploads\/6.mp4\"><\/video><\/p>\n<h3>R\u00e9sum\u00e9<br \/>du concept<\/h3>\n<div>Tous les \u00eatres sur cette terre sont constamment immerg\u00e9s dans un oc\u00e9an d\u2019\u00e9nergie. Insignifiants comme une goutte d\u2019eau dans l\u2019oc\u00e9an, chaque \u00eatre existe entre le vide et l\u2019\u00e9nergie, toujours en son sein, sans comprendre son environnement.\n<\/div>\n<p><a href=\"\/?page_id=3044&amp;lang=fr\">En savoir plus<\/a><\/p>\n<\/li>\n<\/ul>\n<p><!--more--><br \/>\n<!-- {\"type\":\"layout\",\"children\":[{\"type\":\"section\",\"props\":{\"header_transparent\":true,\"header_transparent_noplaceholder\":true,\"header_transparent_text_color\":\"light\",\"image_position\":\"center-center\",\"padding_bottom\":\"none\",\"padding_top\":\"none\",\"preserve_color\":true,\"style\":\"default\",\"title_breakpoint\":\"xl\",\"title_position\":\"top-left\",\"title_rotation\":\"left\",\"vertical_align\":\"\",\"width\":\"\"},\"children\":[{\"type\":\"row\",\"props\":{\"height\":\"viewport\",\"height_viewport_offset\":true},\"children\":[{\"type\":\"column\",\"props\":{\"image_position\":\"center-center\",\"image_size\":\"cover\",\"image_width\":\"2560\",\"media_overlay\":\"rgba(0, 0, 0, 0)\",\"padding\":\"none\",\"position_sticky\":\"section\",\"position_sticky_breakpoint\":\"\",\"video\":\"wp-content\/uploads\/5.mp4\"}}]},{\"type\":\"row\",\"props\":{\"css\":\".el-row {\\n    position: relative;\\n    z-index: 1;\\n    margin-top: -100vh;\\n}\",\"height\":\"viewport\"},\"children\":[{\"type\":\"column\",\"props\":{\"image_position\":\"center-center\",\"position_sticky_breakpoint\":\"m\",\"text_color\":\"light\",\"vertical_align\":\"middle\"},\"children\":[{\"type\":\"image\",\"props\":{\"animation\":\"parallax\",\"block_align\":\"center\",\"image\":\"\",\"image_loading\":true,\"image_svg_color\":\"emphasis\",\"image_width\":99,\"margin_bottom\":\"small\",\"margin_top\":\"small\",\"maxwidth\":\"xlarge\",\"parallax_blur\":\"50\",\"parallax_opacity\":\"1,0,0\",\"parallax_scale\":\"0.5\",\"parallax_start\":\"55vh + 50%\",\"position\":\"relative\",\"position_z_index\":\"1\",\"text_align\":\"left\",\"text_align_breakpoint\":\"l\",\"text_align_fallback\":\"left\"}},{\"type\":\"headline\",\"props\":{\"animation\":\"parallax\",\"content\":\"Monde actuel<br \/>& proposition\\n\\n\\n\",\"image_align\":\"left\",\"image_margin\":\"xsmall\",\"margin_top\":\"remove\",\"parallax_opacity\":\"1,0,0\",\"parallax_scale\":\"0.5\",\"parallax_start\":\"55vh + 50%\",\"position\":\"relative\",\"position_z_index\":\"1\",\"text_align\":\"center\",\"title_color\":\"secondary\",\"title_element\":\"h1\",\"title_style\":\"heading-large\",\"visibility\":\"s\"}},{\"type\":\"headline\",\"props\":{\"animation\":\"parallax\",\"content\":\"\",\"image_align\":\"left\",\"image_margin\":\"xsmall\",\"margin_top\":\"remove\",\"parallax_opacity\":\"1,0,0\",\"parallax_scale\":\"0.5\",\"parallax_start\":\"55vh + 50%\",\"position\":\"relative\",\"position_z_index\":\"1\",\"text_align\":\"center\",\"title_color\":\"secondary\",\"title_element\":\"h1\",\"title_style\":\"heading-small\",\"visibility\":\"s\"}},{\"type\":\"headline\",\"props\":{\"animation\":\"parallax\",\"content\":\"Monde actuel et proposition\\n\\n\\n\",\"image_align\":\"left\",\"image_margin\":\"xsmall\",\"margin_top\":\"remove\",\"parallax_blur\":\"50\",\"parallax_opacity\":\"1,0,0\",\"parallax_scale\":\"0.5\",\"parallax_start\":\"50vh + 50%\",\"position\":\"relative\",\"position_z_index\":\"1\",\"text_align\":\"center\",\"title_element\":\"h1\",\"title_style\":\"heading-large\",\"visibility\":\"hidden-s\"}}]}]}],\"name\":\"Hero\"},{\"type\":\"section\",\"props\":{\"height\":\"viewport\",\"image_position\":\"center-center\",\"padding_bottom\":\"xlarge\",\"padding_top\":\"xlarge\",\"style\":\"default\",\"title_breakpoint\":\"xl\",\"title_position\":\"top-left\",\"title_rotation\":\"left\",\"vertical_align\":\"middle\",\"width\":\"xlarge\"},\"children\":[{\"type\":\"row\",\"children\":[{\"type\":\"column\",\"props\":{\"image_position\":\"center-center\",\"position_sticky_breakpoint\":\"m\"},\"children\":[{\"name\":\"Grid Gaps None\",\"type\":\"grid\",\"children\":[{\"type\":\"grid_item\",\"props\":{\"content\":\"Notre initiative s\u2019inscrit dans un contexte marqu\u00e9 par de profonds conflits id\u00e9ologiques, des catastrophes r\u00e9currentes et un d\u00e9s\u00e9quilibre dont l\u2019humanit\u00e9 souffre depuis ses origines. \",\"image\":\"\",\"link\":\"?page_id=3040&lang=fr\",\"meta\":\"\",\"title\":\"Aper\u00e7u<BR\/>du monde actuel\",\"video\":\"wp-content\/uploads\/5.mp4\"}},{\"type\":\"grid_item\",\"props\":{\"content\":\"Face a\u0300 ce contexte de chaos et de pe\u0301nurie, notre initiative vise a\u0300 contrer ces forces de\u0301stabilisatrices. Nous proposons d\u2019agir comme un e\u0301quilibreur, en apportant au plan physique des e\u0301nergies provenant d\u2019une source ou\u0300 le bien absolu abonde.\",\"image\":\"\",\"link\":\"?page_id=3042&lang=fr\",\"meta\":\"\",\"title\":\"Notre proposition face \u00e0 ce sc\u00e9nario\",\"video\":\"wp-content\/uploads\/yootheme\/3.mp4\"}},{\"type\":\"grid_item\",\"props\":{\"content\":\"Tous les \u00eatres sur cette terre sont constamment immerg\u00e9s dans un oc\u00e9an d\u2019\u00e9nergie. Insignifiants comme une goutte d\u2019eau dans l\u2019oc\u00e9an, chaque \u00eatre existe entre le vide et l\u2019\u00e9nergie, toujours en son sein, sans comprendre son environnement.\\n\",\"image\":\"\",\"link\":\"?page_id=3044&lang=fr\",\"meta\":\"\",\"title\":\"R\u00e9sum\u00e9<br \/>du concept\",\"video\":\"wp-content\/uploads\/6.mp4\"}}],\"props\":{\"content_column_breakpoint\":\"m\",\"filter_align\":\"left\",\"filter_all\":true,\"filter_grid_breakpoint\":\"m\",\"filter_grid_width\":\"auto\",\"filter_position\":\"top\",\"filter_style\":\"tab\",\"grid_column_gap\":\"large\",\"grid_default\":\"1\",\"grid_medium\":\"3\",\"grid_row_gap\":\"large\",\"grid_small\":\"2\",\"image_align\":\"top\",\"image_expand\":false,\"image_grid_breakpoint\":\"m\",\"image_grid_width\":\"1-2\",\"image_height\":800,\"image_svg_color\":\"emphasis\",\"image_transition\":\"scale-up\",\"image_width\":800,\"item_animation\":true,\"lightbox_bg_close\":true,\"link_margin\":\"medium\",\"link_style\":\"primary\",\"link_text\":\"En savoir plus\",\"margin_bottom\":\"default\",\"margin_top\":\"default\",\"meta_align\":\"above-title\",\"meta_element\":\"div\",\"meta_margin\":\"small\",\"meta_style\":\"text-meta\",\"panel_link\":true,\"panel_padding\":\"default\",\"parallax_easing\":\"1\",\"show_content\":true,\"show_hover_image\":true,\"show_hover_video\":true,\"show_image\":true,\"show_link\":true,\"show_meta\":true,\"show_title\":true,\"show_video\":true,\"title_align\":\"top\",\"title_element\":\"h3\",\"title_grid_breakpoint\":\"m\",\"title_grid_width\":\"1-2\",\"title_hover_style\":\"reset\",\"title_margin\":\"small\",\"title_style\":\"h1\"}}]}]}]}],\"version\":\"5.0.19\"} --><\/p>\n","protected":false},"excerpt":{"rendered":"<p>Monde actuel&#038; proposition Monde actuel et proposition Aper\u00e7udu monde actuel Notre initiative s\u2019inscrit dans un contexte marqu\u00e9 par de profonds conflits id\u00e9ologiques, des catastrophes r\u00e9currentes et un d\u00e9s\u00e9quilibre dont l\u2019humanit\u00e9 souffre depuis ses origines. En savoir plus Notre proposition face \u00e0 ce sc\u00e9nario Face a\u0300 ce contexte de chaos et de pe\u0301nurie, notre initiative vise [&hellip;]<\/p>\n","protected":false},"author":1,"featured_media":0,"parent":0,"menu_order":0,"comment_status":"closed","ping_status":"closed","template":"","meta":{"_themeisle_gutenberg_block_has_review":false,"footnotes":""},"class_list":["post-3892","page","type-page","status-publish","hentry"],"_links":{"self":[{"href":"https:\/\/lightlifesystem.com\/index.php?rest_route=\/wp\/v2\/pages\/3892","targetHints":{"allow":["GET"]}}],"collection":[{"href":"https:\/\/lightlifesystem.com\/index.php?rest_route=\/wp\/v2\/pages"}],"about":[{"href":"https:\/\/lightlifesystem.com\/index.php?rest_route=\/wp\/v2\/types\/page"}],"author":[{"embeddable":true,"href":"https:\/\/lightlifesystem.com\/index.php?rest_route=\/wp\/v2\/users\/1"}],"replies":[{"embeddable":true,"href":"https:\/\/lightlifesystem.com\/index.php?rest_route=%2Fwp%2Fv2%2Fcomments&post=3892"}],"version-history":[{"count":30,"href":"https:\/\/lightlifesystem.com\/index.php?rest_route=\/wp\/v2\/pages\/3892\/revisions"}],"predecessor-version":[{"id":3977,"href":"https:\/\/lightlifesystem.com\/index.php?rest_route=\/wp\/v2\/pages\/3892\/revisions\/3977"}],"wp:attachment":[{"href":"https:\/\/lightlifesystem.com\/index.php?rest_route=%2Fwp%2Fv2%2Fmedia&parent=3892"}],"curies":[{"name":"wp","href":"https:\/\/api.w.org\/{rel}","templated":true}]}}