{"id":3653,"date":"2026-03-06T21:07:55","date_gmt":"2026-03-06T21:07:55","guid":{"rendered":"https:\/\/lightlifesystem.com\/?page_id=3653"},"modified":"2026-03-07T00:43:23","modified_gmt":"2026-03-07T00:43:23","slug":"preguntas-frecuentes","status":"publish","type":"page","link":"https:\/\/lightlifesystem.com\/?page_id=3653&lang=es","title":{"rendered":"Preguntas frecuentes"},"content":{"rendered":"<h1>PREGUNTAS<br \/>FRECUENTES<\/h1>\n<div>Aqu\u00ed encontrar\u00e1 la mayor\u00eda de las respuestas.<br \/>Si a\u00fan tiene preguntas, no dude en contactarnos.<\/div>\n<ul>\n<li>\n<h3>Qu\u00e9 es Light Life System ?<\/h3>\n<div>Este es un Sistema \u00danico de Bioenerg\u00eda<br \/>\nuna Posibiidad de Auxiliar a Todos, en Todos los NIvelels del Ser Integrai.<\/div>\n<\/li>\n<li>\n<h3>Para Qui\u00e9nes ?<\/h3>\n<div>Sin Contraindicaciones o Condiciones, Todos Indistintamente.<\/div>\n<\/li>\n<li>\n<h3>Qu\u00e9 necesito hacer ?<\/h3>\n<div>Si Usted Quiere Conectar con esta Bioenerg\u00eda y Beneficiarse de esta Experiencia y Vivir este Sistema. Todo lo que Necesita Hacer, es Contactarnos y Hacer un Agendamiento.<br \/>\nY Definirimos un D\u00eda y Hora, y Usted Escojer\u00e1 un Lugar Apropiado para la Calma Internalizaci\u00f3n; desde el Conforto de su Casa, durante 20 Minutos.<\/div>\n<\/li>\n<\/ul>\n<p><!--more--><br \/>\n<!-- {\"type\":\"layout\",\"children\":[{\"name\":\"FAQ\",\"type\":\"section\",\"props\":{\"height_viewport\":false,\"image_position\":\"center-center\",\"image_size\":\"cover\",\"media_background\":\"#fff\",\"media_overlay\":\"rgba(0,0,0,0)\",\"padding_bottom\":\"xlarge\",\"padding_top\":\"large\",\"style\":\"secondary\",\"title_breakpoint\":\"xl\",\"title_position\":\"top-left\",\"title_rotation\":\"left\",\"vertical_align\":\"\",\"width\":\"small\"},\"children\":[{\"type\":\"row\",\"children\":[{\"type\":\"column\",\"props\":{\"image_position\":\"center-center\",\"position_sticky_breakpoint\":\"m\",\"width_medium\":\"1-1\"},\"children\":[{\"type\":\"headline\",\"props\":{\"block_align\":\"center\",\"content\":\"PREGUNTAS<br \/>FRECUENTES\",\"image_align\":\"left\",\"image_margin\":\"xsmall\",\"text_align\":\"center\",\"title_element\":\"h1\",\"title_style\":\"heading-small\"}},{\"type\":\"text\",\"props\":{\"block_align\":\"center\",\"column_breakpoint\":\"m\",\"content\":\"Aqu\u00ed encontrar\u00e1 la mayor\u00eda de las respuestas.<br \/>Si a\u00fan tiene preguntas, no dude en contactarnos.\",\"margin_bottom\":\"xlarge\",\"margin_top\":\"remove\",\"maxwidth\":\"2xlarge\",\"text_align\":\"center\",\"text_style\":\"lead\"}},{\"type\":\"accordion\",\"props\":{\"collapsible\":true,\"content_column_breakpoint\":\"m\",\"image_align\":\"top\",\"image_grid_breakpoint\":\"m\",\"image_grid_width\":\"1-2\",\"image_svg_color\":\"emphasis\",\"link_style\":\"default\",\"link_text\":\"Read more\",\"margin_bottom\":\"xlarge\",\"margin_top\":\"remove\",\"multiple\":false,\"show_image\":true,\"show_link\":true},\"children\":[{\"type\":\"accordion_item\",\"props\":{\"content\":\"Este es un Sistema \u00danico de Bioenerg\u00eda\\nuna Posibiidad de Auxiliar a Todos, en Todos los NIvelels del Ser Integrai.\",\"title\":\"Qu\u00e9 es Light Life System ?\"}},{\"type\":\"accordion_item\",\"props\":{\"content\":\"Sin Contraindicaciones o Condiciones, Todos Indistintamente.\",\"title\":\"Para Qui\u00e9nes ?\"}},{\"type\":\"accordion_item\",\"props\":{\"content\":\"Si Usted Quiere Conectar con esta Bioenerg\u00eda y Beneficiarse de esta Experiencia y Vivir este Sistema. Todo lo que Necesita Hacer, es Contactarnos y Hacer un Agendamiento.\\nY Definirimos un D\u00eda y Hora, y Usted Escojer\u00e1 un Lugar Apropiado para la Calma Internalizaci\u00f3n; desde el Conforto de su Casa, durante 20 Minutos.\",\"title\":\"Qu\u00e9 necesito hacer ?\"}}]}]}]}]}],\"version\":\"5.0.19\"} --><\/p>\n","protected":false},"excerpt":{"rendered":"<p>PREGUNTASFRECUENTES Aqu\u00ed encontrar\u00e1 la mayor\u00eda de las respuestas.Si a\u00fan tiene preguntas, no dude en contactarnos. Qu\u00e9 es Light Life System ? Este es un Sistema \u00danico de Bioenerg\u00eda una Posibiidad de Auxiliar a Todos, en Todos los NIvelels del Ser Integrai. Para Qui\u00e9nes ? Sin Contraindicaciones o Condiciones, Todos Indistintamente. Qu\u00e9 necesito hacer ? Si [&hellip;]<\/p>\n","protected":false},"author":1,"featured_media":0,"parent":0,"menu_order":0,"comment_status":"closed","ping_status":"closed","template":"","meta":{"_themeisle_gutenberg_block_has_review":false,"footnotes":""},"class_list":["post-3653","page","type-page","status-publish","hentry"],"_links":{"self":[{"href":"https:\/\/lightlifesystem.com\/index.php?rest_route=\/wp\/v2\/pages\/3653","targetHints":{"allow":["GET"]}}],"collection":[{"href":"https:\/\/lightlifesystem.com\/index.php?rest_route=\/wp\/v2\/pages"}],"about":[{"href":"https:\/\/lightlifesystem.com\/index.php?rest_route=\/wp\/v2\/types\/page"}],"author":[{"embeddable":true,"href":"https:\/\/lightlifesystem.com\/index.php?rest_route=\/wp\/v2\/users\/1"}],"replies":[{"embeddable":true,"href":"https:\/\/lightlifesystem.com\/index.php?rest_route=%2Fwp%2Fv2%2Fcomments&post=3653"}],"version-history":[{"count":4,"href":"https:\/\/lightlifesystem.com\/index.php?rest_route=\/wp\/v2\/pages\/3653\/revisions"}],"predecessor-version":[{"id":3752,"href":"https:\/\/lightlifesystem.com\/index.php?rest_route=\/wp\/v2\/pages\/3653\/revisions\/3752"}],"wp:attachment":[{"href":"https:\/\/lightlifesystem.com\/index.php?rest_route=%2Fwp%2Fv2%2Fmedia&parent=3653"}],"curies":[{"name":"wp","href":"https:\/\/api.w.org\/{rel}","templated":true}]}}