{"id":3649,"date":"2026-03-06T21:06:47","date_gmt":"2026-03-06T21:06:47","guid":{"rendered":"https:\/\/lightlifesystem.com\/?page_id=3649"},"modified":"2026-03-06T22:29:05","modified_gmt":"2026-03-06T22:29:05","slug":"nuestros-servicios","status":"publish","type":"page","link":"https:\/\/lightlifesystem.com\/?page_id=3649&lang=es","title":{"rendered":"Nuestros servicios"},"content":{"rendered":"<h1>SERVICIOS<\/h1>\n<h1>SERVICIOS<\/h1>\n<h1>NUESTROS SERVICIOS<\/h1>\n<div>Aclaramos que ofrecemos dos sesiones de pago, para una experiencia comparativa y de seguimiento, y de acuerdo con su capacidad econ\u00f3mica usted puede elegir cu\u00e1nto puede pagar (recordando que, independientemente de la categor\u00eda, todos recibir\u00e1n el mismo servicio).\n<\/div>\n<div>\n<h3>Accesible<\/h3>\n<p>80 \u20ac<\/p>\n<div>(02 sesiones)<br \/>y seguimiento.<\/div>\n<\/div>\n<div>\n<h3>Sustentador<\/h3>\n<p>150 \u20ac<\/p>\n<div>(02 sesiones)<br \/>y seguimiento.<\/div>\n<\/div>\n<div>Se trata de una posibilidad filantr\u00f3pica y altruista, estas \u00abcategor\u00edas\u00bb se han establecido en funci\u00f3n de las condiciones reales y los m\u00e1s bajos precios de los sistemas integrales de bioenerg\u00eda (tenga en cuenta que se trata de un sistema \u00fanico que nadie m\u00e1s puede ofrecer).<\/div>\n<div>Sin embargo, si realmente desea y comprende los beneficios de esta posibilidad, tambi\u00e9n puede apoyarnos mediante donaciones, seg\u00fan su capacidad, y le ofreceremos una sesi\u00f3n al<br \/>\nmes, independientemente del valor de su aporte.<\/div>\n<div>Para donaciones de empresas, p\u00f3ngase primero en contacto con nosotros por correo electr\u00f3nico.<\/div>\n<hr>\n<div>Nicolas andr\u00e9<\/div>\n<div><a href=\"tel:+21997959609\">+ 21 997 95 96 09<\/a><\/div>\n<div><a href=\"mailto:lightlifesystem@gmail.com\">lightlifesystem@gmail.com<\/a><\/div>\n<ul>\n<li><a href=\"https:\/\/www.facebook.com\/\">facebook<\/a>\n<\/li>\n<li><a href=\"https:\/\/www.instagram.com\/\">instagram<\/a>\n<\/li>\n<\/ul>\n<hr>\n<p><!--more--><br \/>\n<!-- {\"type\":\"layout\",\"children\":[{\"type\":\"section\",\"props\":{\"header_transparent\":true,\"header_transparent_noplaceholder\":true,\"header_transparent_text_color\":\"light\",\"image_position\":\"center-center\",\"padding_bottom\":\"none\",\"padding_top\":\"none\",\"preserve_color\":true,\"style\":\"default\",\"title_breakpoint\":\"xl\",\"title_position\":\"top-left\",\"title_rotation\":\"left\",\"vertical_align\":\"\",\"width\":\"\"},\"children\":[{\"type\":\"row\",\"props\":{\"height\":\"viewport\",\"height_viewport_offset\":true},\"children\":[{\"type\":\"column\",\"props\":{\"image_position\":\"center-center\",\"image_size\":\"cover\",\"image_width\":\"2560\",\"padding\":\"none\",\"position_sticky\":\"section\",\"position_sticky_breakpoint\":\"\",\"video\":\"wp-content\/uploads\/yootheme\/3.mp4\"}}]},{\"type\":\"row\",\"props\":{\"css\":\".el-row {\\n    position: relative;\\n    z-index: 1;\\n    margin-top: -100vh;\\n}\",\"height\":\"viewport\"},\"children\":[{\"type\":\"column\",\"props\":{\"image_position\":\"center-center\",\"position_sticky_breakpoint\":\"m\",\"text_color\":\"light\",\"vertical_align\":\"middle\"},\"children\":[{\"type\":\"image\",\"props\":{\"animation\":\"parallax\",\"block_align\":\"center\",\"image\":\"\",\"image_loading\":true,\"image_svg_color\":\"emphasis\",\"image_width\":99,\"margin_bottom\":\"small\",\"margin_top\":\"small\",\"maxwidth\":\"xlarge\",\"parallax_blur\":\"50\",\"parallax_opacity\":\"1,0,0\",\"parallax_scale\":\"0.5\",\"parallax_start\":\"55vh + 50%\",\"position\":\"relative\",\"position_z_index\":\"1\",\"text_align\":\"left\",\"text_align_breakpoint\":\"l\",\"text_align_fallback\":\"left\"}},{\"type\":\"headline\",\"props\":{\"animation\":\"parallax\",\"content\":\"SERVICIOS\",\"image_align\":\"left\",\"image_margin\":\"xsmall\",\"margin_top\":\"remove\",\"parallax_opacity\":\"1,0,0\",\"parallax_scale\":\"0.5\",\"parallax_start\":\"55vh + 50%\",\"position\":\"relative\",\"position_z_index\":\"1\",\"text_align\":\"center\",\"title_color\":\"secondary\",\"title_element\":\"h1\",\"title_style\":\"heading-2xlarge\",\"visibility\":\"s\"}},{\"type\":\"headline\",\"props\":{\"animation\":\"parallax\",\"content\":\"SERVICIOS\",\"image_align\":\"left\",\"image_margin\":\"xsmall\",\"margin_top\":\"remove\",\"parallax_blur\":\"50\",\"parallax_opacity\":\"1,0,0\",\"parallax_scale\":\"0.5\",\"parallax_start\":\"50vh + 50%\",\"position\":\"relative\",\"position_z_index\":\"1\",\"text_align\":\"center\",\"title_element\":\"h1\",\"title_style\":\"heading-2xlarge\",\"visibility\":\"hidden-s\"}}]}]}],\"name\":\"Hero\"},{\"name\":\"01\",\"type\":\"section\",\"props\":{\"animation\":\"fade\",\"animation_delay\":\"200\",\"header_transparent\":true,\"header_transparent_noplaceholder\":true,\"header_transparent_text_color\":\"dark\",\"id\":\"01\",\"image_loading\":true,\"image_position\":\"center-center\",\"image_width\":\"1300\",\"padding_bottom\":\"xlarge\",\"padding_top\":\"large\",\"preserve_color\":true,\"style\":\"default\",\"title_breakpoint\":\"xl\",\"title_position\":\"top-left\",\"title_rotation\":\"left\",\"vertical_align\":\"\",\"width\":\"xsmall\"},\"children\":[{\"type\":\"row\",\"props\":{\"column_gap\":\"large\",\"row_gap\":\"large\"},\"children\":[{\"type\":\"column\",\"props\":{\"image_position\":\"center-center\",\"position_sticky_breakpoint\":\"m\"},\"children\":[{\"type\":\"headline\",\"props\":{\"block_align\":\"center\",\"content\":\"NUESTROS SERVICIOS\",\"id\":\"01\",\"image_align\":\"left\",\"image_margin\":\"xsmall\",\"margin_bottom\":\"default\",\"maxwidth\":\"2xlarge\",\"maxwidth_breakpoint\":\"m\",\"text_align\":\"left\",\"text_align_breakpoint\":\"m\",\"text_align_fallback\":\"left\",\"title_color\":\"warning\",\"title_element\":\"h1\",\"title_style\":\"heading-large\"},\"name\":\"01\"},{\"type\":\"text\",\"props\":{\"block_align\":\"center\",\"column_breakpoint\":\"m\",\"content\":\"Aclaramos que ofrecemos dos sesiones de pago, para una experiencia comparativa y de seguimiento, y de acuerdo con su capacidad econ\u00f3mica usted puede elegir cu\u00e1nto puede pagar (recordando que, independientemente de la categor\u00eda, todos recibir\u00e1n el mismo servicio).\\n\",\"dropcap\":false,\"margin_bottom\":\"medium\",\"margin_top\":\"medium\",\"maxwidth_breakpoint\":\"m\",\"text_align\":\"left\",\"text_style\":\"lead\"}}]}]},{\"type\":\"row\",\"props\":{\"layout\":\"1-2,1-2\"},\"children\":[{\"type\":\"column\",\"props\":{\"image_position\":\"center-center\",\"position_sticky_breakpoint\":\"m\",\"width_medium\":\"1-2\"},\"children\":[{\"name\":\"Panel Style Card Primary\",\"type\":\"panel\",\"props\":{\"block_align\":\"center\",\"content\":\"(02 sesiones)<br \/>y seguimiento.\",\"content_column_breakpoint\":\"m\",\"content_margin\":\"small\",\"image\":\"\",\"image_align\":\"top\",\"image_grid_breakpoint\":\"m\",\"image_grid_width\":\"1-2\",\"image_height\":\"50\",\"image_svg_color\":\"emphasis\",\"image_svg_inline\":true,\"image_width\":\"50\",\"link_style\":\"default\",\"link_text\":\"Read more\",\"margin_bottom\":\"default\",\"margin_top\":\"default\",\"meta\":\"80 \u20ac\",\"meta_align\":\"below-title\",\"meta_element\":\"div\",\"meta_style\":\"text-lead\",\"panel_padding\":\"default\",\"panel_style\":\"card-primary\",\"title\":\"Accesible\",\"title_align\":\"top\",\"title_color\":\"secondary\",\"title_element\":\"h3\",\"title_grid_breakpoint\":\"m\",\"title_grid_width\":\"1-2\",\"title_hover_style\":\"reset\",\"title_style\":\"h1\"}}]},{\"type\":\"column\",\"props\":{\"image_position\":\"center-center\",\"position_sticky_breakpoint\":\"m\",\"width_medium\":\"1-2\"},\"children\":[{\"name\":\"Panel Style Card Primary\",\"type\":\"panel\",\"props\":{\"block_align\":\"center\",\"content\":\"(02 sesiones)<br \/>y seguimiento.\",\"content_column_breakpoint\":\"m\",\"content_margin\":\"small\",\"image\":\"\",\"image_align\":\"top\",\"image_grid_breakpoint\":\"m\",\"image_grid_width\":\"1-2\",\"image_height\":\"50\",\"image_svg_color\":\"emphasis\",\"image_svg_inline\":true,\"image_width\":\"50\",\"link_style\":\"default\",\"link_text\":\"Read more\",\"margin_bottom\":\"default\",\"margin_top\":\"default\",\"meta\":\"150 \u20ac\",\"meta_align\":\"below-title\",\"meta_element\":\"div\",\"meta_style\":\"text-lead\",\"panel_padding\":\"default\",\"panel_style\":\"card-primary\",\"title\":\"Sustentador\",\"title_align\":\"top\",\"title_color\":\"secondary\",\"title_element\":\"h3\",\"title_grid_breakpoint\":\"m\",\"title_grid_width\":\"1-2\",\"title_hover_style\":\"reset\",\"title_style\":\"h1\"}}]}]},{\"type\":\"row\",\"children\":[{\"type\":\"column\",\"props\":{\"image_position\":\"center-center\",\"position_sticky_breakpoint\":\"m\"},\"children\":[{\"type\":\"text\",\"props\":{\"block_align\":\"center\",\"column_breakpoint\":\"m\",\"content\":\"Se trata de una posibilidad filantr\u00f3pica y altruista, estas \u00abcategor\u00edas\u00bb se han establecido en funci\u00f3n de las condiciones reales y los m\u00e1s bajos precios de los sistemas integrales de bioenerg\u00eda (tenga en cuenta que se trata de un sistema \u00fanico que nadie m\u00e1s puede ofrecer).\",\"dropcap\":false,\"margin_bottom\":\"medium\",\"margin_top\":\"medium\",\"maxwidth_breakpoint\":\"m\",\"text_align\":\"left\",\"text_style\":\"lead\"}},{\"type\":\"text\",\"props\":{\"block_align\":\"center\",\"column_breakpoint\":\"m\",\"content\":\"Sin embargo, si realmente desea y comprende los beneficios de esta posibilidad, tambi\u00e9n puede apoyarnos mediante donaciones, seg\u00fan su capacidad, y le ofreceremos una sesi\u00f3n al\\nmes, independientemente del valor de su aporte.\",\"dropcap\":false,\"margin_bottom\":\"medium\",\"margin_top\":\"medium\",\"maxwidth_breakpoint\":\"m\",\"text_align\":\"left\",\"text_style\":\"lead\"}},{\"type\":\"text\",\"props\":{\"block_align\":\"center\",\"column_breakpoint\":\"m\",\"content\":\"Para donaciones de empresas, p\u00f3ngase primero en contacto con nosotros por correo electr\u00f3nico.\",\"dropcap\":false,\"margin_bottom\":\"medium\",\"margin_top\":\"medium\",\"maxwidth_breakpoint\":\"m\",\"text_align\":\"left\",\"text_style\":\"small\"}}]}]},{\"type\":\"row\",\"props\":{\"column_gap\":\"small\",\"divider\":true,\"margin_bottom\":\"xlarge\",\"margin_top\":\"xlarge\",\"row_gap\":\"large\"},\"children\":[{\"type\":\"column\",\"props\":{\"image_position\":\"center-center\",\"position_sticky_breakpoint\":\"m\"},\"children\":[{\"type\":\"divider\",\"props\":{\"divider_element\":\"hr\"}},{\"type\":\"headline\",\"props\":{\"content\":\"Nicolas andr\u00e9\",\"image_align\":\"left\",\"image_margin\":\"xsmall\",\"title_element\":\"div\",\"title_style\":\"h5\"}},{\"type\":\"headline\",\"props\":{\"content\":\"+ 21 997 95 96 09\",\"icon\":\"whatsapp\",\"image_align\":\"left\",\"image_margin\":\"xsmall\",\"link\":\"tel:+21997959609\",\"link_style\":false,\"margin_bottom\":\"default\",\"margin_top\":\"default\",\"title_element\":\"div\",\"title_style\":\"text-lead\"}},{\"type\":\"headline\",\"props\":{\"animation\":\"none\",\"content\":\"lightlifesystem@gmail.com\",\"image_align\":\"left\",\"image_margin\":\"xsmall\",\"link\":\"mailto:lightlifesystem@gmail.com\",\"link_style\":false,\"margin_bottom\":\"default\",\"margin_top\":\"default\",\"title_element\":\"div\",\"title_style\":\"text-lead\"}},{\"type\":\"social\",\"props\":{\"grid\":\"horizontal\",\"grid_column_gap\":\"medium\",\"grid_row_gap\":\"medium\",\"image_height\":\"25\",\"image_svg_inline\":true,\"image_width\":\"25\",\"link_style\":\"link\",\"margin_bottom\":\"large\",\"margin_top\":\"remove\"},\"children\":[{\"type\":\"social_item\",\"props\":{\"link\":\"https:\/\/www.facebook.com\/\"}},{\"type\":\"social_item\",\"props\":{\"link\":\"https:\/\/www.instagram.com\/\"}}],\"name\":\"22\"},{\"type\":\"divider\",\"props\":{\"divider_element\":\"hr\"}}]}]}]}],\"version\":\"5.0.19\"} --><\/p>\n","protected":false},"excerpt":{"rendered":"<p>SERVICIOS SERVICIOS NUESTROS SERVICIOS Aclaramos que ofrecemos dos sesiones de pago, para una experiencia comparativa y de seguimiento, y de acuerdo con su capacidad econ\u00f3mica usted puede elegir cu\u00e1nto puede pagar (recordando que, independientemente de la categor\u00eda, todos recibir\u00e1n el mismo servicio). Accesible 80 \u20ac (02 sesiones)y seguimiento. Sustentador 150 \u20ac (02 sesiones)y seguimiento. Se [&hellip;]<\/p>\n","protected":false},"author":1,"featured_media":0,"parent":0,"menu_order":0,"comment_status":"closed","ping_status":"closed","template":"","meta":{"_themeisle_gutenberg_block_has_review":false,"footnotes":""},"class_list":["post-3649","page","type-page","status-publish","hentry"],"_links":{"self":[{"href":"https:\/\/lightlifesystem.com\/index.php?rest_route=\/wp\/v2\/pages\/3649","targetHints":{"allow":["GET"]}}],"collection":[{"href":"https:\/\/lightlifesystem.com\/index.php?rest_route=\/wp\/v2\/pages"}],"about":[{"href":"https:\/\/lightlifesystem.com\/index.php?rest_route=\/wp\/v2\/types\/page"}],"author":[{"embeddable":true,"href":"https:\/\/lightlifesystem.com\/index.php?rest_route=\/wp\/v2\/users\/1"}],"replies":[{"embeddable":true,"href":"https:\/\/lightlifesystem.com\/index.php?rest_route=%2Fwp%2Fv2%2Fcomments&post=3649"}],"version-history":[{"count":6,"href":"https:\/\/lightlifesystem.com\/index.php?rest_route=\/wp\/v2\/pages\/3649\/revisions"}],"predecessor-version":[{"id":3700,"href":"https:\/\/lightlifesystem.com\/index.php?rest_route=\/wp\/v2\/pages\/3649\/revisions\/3700"}],"wp:attachment":[{"href":"https:\/\/lightlifesystem.com\/index.php?rest_route=%2Fwp%2Fv2%2Fmedia&parent=3649"}],"curies":[{"name":"wp","href":"https:\/\/api.w.org\/{rel}","templated":true}]}}