{"id":3647,"date":"2026-03-06T21:06:20","date_gmt":"2026-03-06T21:06:20","guid":{"rendered":"https:\/\/lightlifesystem.com\/?page_id=3647"},"modified":"2026-03-06T22:26:43","modified_gmt":"2026-03-06T22:26:43","slug":"testimonios","status":"publish","type":"page","link":"https:\/\/lightlifesystem.com\/?page_id=3647&lang=es","title":{"rendered":"Testimonios"},"content":{"rendered":"<h1>Testimonios<\/p>\n<\/h1>\n<h1>Testimonios<\/p>\n<\/h1>\n<ul>\n<li>\n<p>        <img decoding=\"async\" src=\"\/wp-content\/uploads\/m.jpg\" alt=\"\"><\/p>\n<div>Marie <\/div>\n<p>42 ans &#8211; Professeur des \u00e9coles &#8211; Gestion du TDAH<\/p>\n<div>\n<p class=\"p1\">Vivre avec un TDAH a toujours \u00e9t\u00e9 un d\u00e9fi pour moi : difficult\u00e9 \u00e0 rester concentr\u00e9, dispersion constante, fatigue mentale en fin de journ\u00e9e. M\u00eame avec des strat\u00e9gies d\u2019organisation, je ressentais une agitation int\u00e9rieure permanente.<\/p>\n<p class=\"p1\">En d\u00e9couvrant Light Life System, j\u2019\u00e9tais curieux mais prudent. D\u00e8s les premi\u00e8res s\u00e9ances, j\u2019ai ressenti un apaisement inhabituel, comme si mon mental ralentissait naturellement. Ce n\u2019\u00e9tait pas une suppression de mon \u00e9nergie, mais une meilleure canalisation.<\/p>\n<p class=\"p1\">Progressivement, j\u2019ai observ\u00e9 une am\u00e9lioration de ma capacit\u00e9 d\u2019attention, une diminution de la surcharge cognitive et une sensation d\u2019ancrage plus stable. Mes journ\u00e9es sont devenues plus fluides, moins chaotiques. Je me sens plus pr\u00e9sent, plus structur\u00e9, sans perdre ma cr\u00e9ativit\u00e9.<\/p>\n<p class=\"p1\">Light Life System ne \u201ccorrige\u201d pas le TDAH \u2014 mais dans mon exp\u00e9rience, cela m\u2019a aid\u00e9 \u00e0 retrouver un \u00e9quilibre int\u00e9rieur qui soutient mon fonctionnement au quotidien.<\/p>\n<\/div>\n<\/li>\n<li>\n<p>        <img decoding=\"async\" src=\"\/wp-content\/uploads\/s.jpg\" alt=\"\"><\/p>\n<div>S\u00e9bastien <\/div>\n<p>51 ans &#8211; Designer &#8211; Recherche d&#8217;\u00e9quilibre apr\u00e8s un burn-out<\/p>\n<div>\n<p class=\"p1\">Avant de d\u00e9couvrir Light Life System, je traversais une p\u00e9riode de surcharge mentale et de fatigue persistante. Malgr\u00e9 une hygi\u00e8ne de vie structur\u00e9e, je ressentais un d\u00e9s\u00e9quilibre int\u00e9rieur difficile \u00e0 nommer \u2014 une tension diffuse, comme si mon corps et mon esprit ne fonctionnaient plus en harmonie.<\/p>\n<p class=\"p1\">D\u00e8s la premi\u00e8re s\u00e9ance, j\u2019ai ressenti un apaisement profond. Pas seulement une d\u00e9tente passag\u00e8re, mais une sensation de r\u00e9alignement. Les jours suivants, mon sommeil s\u2019est am\u00e9lior\u00e9, ma concentration est devenue plus fluide et mon niveau d\u2019\u00e9nergie plus stable. J\u2019ai observ\u00e9 une diminution nette du stress et une meilleure capacit\u00e9 \u00e0 prendre du recul.<\/p>\n<p class=\"p1\">Ce qui m\u2019a marqu\u00e9, c\u2019est la subtilit\u00e9 du processus : rien de brusque, rien d\u2019invasif. Simplement une activation progressive de mes propres ressources internes.<\/p>\n<p class=\"p1\">Aujourd\u2019hui, je per\u00e7ois ces soins comme un v\u00e9ritable soutien pour maintenir un \u00e9quilibre durable, physique et mental.<\/p>\n<\/div>\n<\/li>\n<\/ul>\n<p><!--more--><br \/>\n<!-- {\"type\":\"layout\",\"children\":[{\"type\":\"section\",\"props\":{\"header_transparent\":true,\"header_transparent_noplaceholder\":true,\"header_transparent_text_color\":\"light\",\"image_position\":\"center-center\",\"padding_bottom\":\"none\",\"padding_top\":\"none\",\"preserve_color\":true,\"style\":\"default\",\"title_breakpoint\":\"xl\",\"title_position\":\"top-left\",\"title_rotation\":\"left\",\"vertical_align\":\"\",\"width\":\"\"},\"children\":[{\"type\":\"row\",\"props\":{\"height\":\"viewport\",\"height_viewport_offset\":true},\"children\":[{\"type\":\"column\",\"props\":{\"image_position\":\"center-center\",\"image_size\":\"cover\",\"image_width\":\"2560\",\"padding\":\"none\",\"position_sticky\":\"section\",\"position_sticky_breakpoint\":\"\",\"video\":\"wp-content\/uploads\/yootheme\/3.mp4\"}}]},{\"type\":\"row\",\"props\":{\"css\":\".el-row {\\n    position: relative;\\n    z-index: 1;\\n    margin-top: -100vh;\\n}\",\"height\":\"viewport\"},\"children\":[{\"type\":\"column\",\"props\":{\"image_position\":\"center-center\",\"position_sticky_breakpoint\":\"m\",\"text_color\":\"light\",\"vertical_align\":\"middle\"},\"children\":[{\"type\":\"image\",\"props\":{\"animation\":\"parallax\",\"block_align\":\"center\",\"image\":\"\",\"image_loading\":true,\"image_svg_color\":\"emphasis\",\"image_width\":99,\"margin_bottom\":\"small\",\"margin_top\":\"small\",\"maxwidth\":\"xlarge\",\"parallax_blur\":\"50\",\"parallax_opacity\":\"1,0,0\",\"parallax_scale\":\"0.5\",\"parallax_start\":\"55vh + 50%\",\"position\":\"relative\",\"position_z_index\":\"1\",\"text_align\":\"left\",\"text_align_breakpoint\":\"l\",\"text_align_fallback\":\"left\"}},{\"type\":\"headline\",\"props\":{\"animation\":\"parallax\",\"content\":\"Testimonios\\n\\n\\n\",\"image_align\":\"left\",\"image_margin\":\"xsmall\",\"margin_top\":\"remove\",\"parallax_opacity\":\"1,0,0\",\"parallax_scale\":\"0.5\",\"parallax_start\":\"55vh + 50%\",\"position\":\"relative\",\"position_z_index\":\"1\",\"text_align\":\"center\",\"title_color\":\"secondary\",\"title_element\":\"h1\",\"title_style\":\"heading-2xlarge\",\"visibility\":\"s\"}},{\"type\":\"headline\",\"props\":{\"animation\":\"parallax\",\"content\":\"Testimonios\\n\\n\\n\",\"image_align\":\"left\",\"image_margin\":\"xsmall\",\"margin_top\":\"remove\",\"parallax_blur\":\"50\",\"parallax_opacity\":\"1,0,0\",\"parallax_scale\":\"0.5\",\"parallax_start\":\"50vh + 50%\",\"position\":\"relative\",\"position_z_index\":\"1\",\"text_align\":\"center\",\"title_element\":\"h1\",\"title_style\":\"heading-2xlarge\",\"visibility\":\"hidden-s\"}}]}]}],\"name\":\"Hero\"},{\"name\":\"01\",\"type\":\"section\",\"props\":{\"animation\":\"fade\",\"animation_delay\":\"200\",\"header_transparent\":true,\"header_transparent_noplaceholder\":true,\"header_transparent_text_color\":\"dark\",\"id\":\"01\",\"image_loading\":true,\"image_position\":\"center-center\",\"image_width\":\"1300\",\"padding_bottom\":\"xlarge\",\"padding_top\":\"large\",\"preserve_color\":true,\"style\":\"default\",\"title_breakpoint\":\"xl\",\"title_position\":\"top-left\",\"title_rotation\":\"left\",\"vertical_align\":\"\",\"width\":\"small\"},\"children\":[{\"type\":\"row\",\"props\":{\"column_gap\":\"large\",\"row_gap\":\"large\"},\"children\":[{\"type\":\"column\",\"props\":{\"image_position\":\"center-center\",\"position_sticky_breakpoint\":\"m\"},\"children\":[{\"name\":\"Panel Slider Dotnav Center\",\"type\":\"panel-slider\",\"children\":[{\"type\":\"panel-slider_item\",\"props\":{\"content\":\"\n\n<p class=\\\"p1\\\">Vivre avec un TDAH a toujours \u00e9t\u00e9 un d\u00e9fi pour moi : difficult\u00e9 \u00e0 rester concentr\u00e9, dispersion constante, fatigue mentale en fin de journ\u00e9e. M\u00eame avec des strat\u00e9gies d\u2019organisation, je ressentais une agitation int\u00e9rieure permanente.<\/p>\n\n\\n\n\n<p class=\\\"p1\\\">En d\u00e9couvrant Light Life System, j\u2019\u00e9tais curieux mais prudent. D\u00e8s les premi\u00e8res s\u00e9ances, j\u2019ai ressenti un apaisement inhabituel, comme si mon mental ralentissait naturellement. Ce n\u2019\u00e9tait pas une suppression de mon \u00e9nergie, mais une meilleure canalisation.<\/p>\n\n\\n\n\n<p class=\\\"p1\\\">Progressivement, j\u2019ai observ\u00e9 une am\u00e9lioration de ma capacit\u00e9 d\u2019attention, une diminution de la surcharge cognitive et une sensation d\u2019ancrage plus stable. Mes journ\u00e9es sont devenues plus fluides, moins chaotiques. Je me sens plus pr\u00e9sent, plus structur\u00e9, sans perdre ma cr\u00e9ativit\u00e9.<\/p>\n\n\\n\n\n<p class=\\\"p1\\\">Light Life System ne \u201ccorrige\u201d pas le TDAH \u2014 mais dans mon exp\u00e9rience, cela m\u2019a aid\u00e9 \u00e0 retrouver un \u00e9quilibre int\u00e9rieur qui soutient mon fonctionnement au quotidien.<\/p>\n\n\",\"image\":\"wp-content\/uploads\/m.jpg\",\"meta\":\"42 ans - Professeur des \u00e9coles - Gestion du TDAH\",\"title\":\"Marie \"}},{\"type\":\"panel-slider_item\",\"props\":{\"content\":\"\n\n<p class=\\\"p1\\\">Avant de d\u00e9couvrir Light Life System, je traversais une p\u00e9riode de surcharge mentale et de fatigue persistante. Malgr\u00e9 une hygi\u00e8ne de vie structur\u00e9e, je ressentais un d\u00e9s\u00e9quilibre int\u00e9rieur difficile \u00e0 nommer \u2014 une tension diffuse, comme si mon corps et mon esprit ne fonctionnaient plus en harmonie.<\/p>\n\n\\n\n\n<p class=\\\"p1\\\">D\u00e8s la premi\u00e8re s\u00e9ance, j\u2019ai ressenti un apaisement profond. Pas seulement une d\u00e9tente passag\u00e8re, mais une sensation de r\u00e9alignement. Les jours suivants, mon sommeil s\u2019est am\u00e9lior\u00e9, ma concentration est devenue plus fluide et mon niveau d\u2019\u00e9nergie plus stable. J\u2019ai observ\u00e9 une diminution nette du stress et une meilleure capacit\u00e9 \u00e0 prendre du recul.<\/p>\n\n\\n\n\n<p class=\\\"p1\\\">Ce qui m\u2019a marqu\u00e9, c\u2019est la subtilit\u00e9 du processus : rien de brusque, rien d\u2019invasif. Simplement une activation progressive de mes propres ressources internes.<\/p>\n\n\\n\n\n<p class=\\\"p1\\\">Aujourd\u2019hui, je per\u00e7ois ces soins comme un v\u00e9ritable soutien pour maintenir un \u00e9quilibre durable, physique et mental.<\/p>\n\n\",\"image\":\"wp-content\/uploads\/s.jpg\",\"meta\":\"51 ans - Designer - Recherche d'\u00e9quilibre apr\u00e8s un burn-out\",\"title\":\"S\u00e9bastien \"}}],\"props\":{\"block_align\":\"center\",\"container_padding_remove\":true,\"content_column_breakpoint\":\"m\",\"content_margin\":\"medium\",\"content_style\":\"h4\",\"image_align\":\"top\",\"image_border\":\"circle\",\"image_grid_breakpoint\":\"m\",\"image_grid_width\":\"1-2\",\"image_height\":110,\"image_link\":true,\"image_svg_color\":\"emphasis\",\"image_width\":140,\"link_margin\":\"large\",\"link_style\":\"text\",\"link_text\":\"Read More\",\"margin_bottom\":\"xlarge\",\"margin_top\":\"xlarge\",\"meta_align\":\"below-title\",\"meta_element\":\"div\",\"meta_margin\":\"remove\",\"meta_style\":\"text-meta\",\"nav\":\"dotnav\",\"nav_align\":\"center\",\"nav_breakpoint\":\"\",\"nav_margin\":\"large\",\"panel_card_offset\":true,\"panel_image_no_padding\":true,\"panel_link\":false,\"panel_match\":true,\"show_content\":true,\"show_hover_image\":true,\"show_hover_video\":true,\"show_image\":true,\"show_link\":true,\"show_meta\":true,\"show_title\":true,\"show_video\":true,\"slidenav\":\"\",\"slidenav_breakpoint\":\"m\",\"slidenav_margin\":\"medium\",\"slidenav_outside_breakpoint\":\"m\",\"slider_autoplay\":false,\"slider_autoplay_pause\":true,\"slider_center\":false,\"slider_divider\":true,\"slider_gap\":\"large\",\"slider_sets\":false,\"slider_width\":\"\",\"slider_width_default\":\"1-1\",\"slider_width_large\":\"5-6\",\"slider_width_medium\":\"3-5\",\"slider_width_small\":\"1-1\",\"text_align\":\"center\",\"text_align_breakpoint\":\"s\",\"text_align_fallback\":\"center\",\"title_align\":\"top\",\"title_element\":\"div\",\"title_grid_breakpoint\":\"m\",\"title_grid_width\":\"1-2\",\"title_hover_style\":\"reset\",\"title_link\":true,\"title_style\":\"h5\"}}]}]}]}],\"version\":\"5.0.19\"} --><\/p>\n","protected":false},"excerpt":{"rendered":"<p>Testimonios Testimonios Marie 42 ans &#8211; Professeur des \u00e9coles &#8211; Gestion du TDAH Vivre avec un TDAH a toujours \u00e9t\u00e9 un d\u00e9fi pour moi : difficult\u00e9 \u00e0 rester concentr\u00e9, dispersion constante, fatigue mentale en fin de journ\u00e9e. M\u00eame avec des strat\u00e9gies d\u2019organisation, je ressentais une agitation int\u00e9rieure permanente. En d\u00e9couvrant Light Life System, j\u2019\u00e9tais curieux [&hellip;]<\/p>\n","protected":false},"author":1,"featured_media":0,"parent":0,"menu_order":0,"comment_status":"closed","ping_status":"closed","template":"","meta":{"_themeisle_gutenberg_block_has_review":false,"footnotes":""},"class_list":["post-3647","page","type-page","status-publish","hentry"],"_links":{"self":[{"href":"https:\/\/lightlifesystem.com\/index.php?rest_route=\/wp\/v2\/pages\/3647","targetHints":{"allow":["GET"]}}],"collection":[{"href":"https:\/\/lightlifesystem.com\/index.php?rest_route=\/wp\/v2\/pages"}],"about":[{"href":"https:\/\/lightlifesystem.com\/index.php?rest_route=\/wp\/v2\/types\/page"}],"author":[{"embeddable":true,"href":"https:\/\/lightlifesystem.com\/index.php?rest_route=\/wp\/v2\/users\/1"}],"replies":[{"embeddable":true,"href":"https:\/\/lightlifesystem.com\/index.php?rest_route=%2Fwp%2Fv2%2Fcomments&post=3647"}],"version-history":[{"count":2,"href":"https:\/\/lightlifesystem.com\/index.php?rest_route=\/wp\/v2\/pages\/3647\/revisions"}],"predecessor-version":[{"id":3695,"href":"https:\/\/lightlifesystem.com\/index.php?rest_route=\/wp\/v2\/pages\/3647\/revisions\/3695"}],"wp:attachment":[{"href":"https:\/\/lightlifesystem.com\/index.php?rest_route=%2Fwp%2Fv2%2Fmedia&parent=3647"}],"curies":[{"name":"wp","href":"https:\/\/api.w.org\/{rel}","templated":true}]}}