{"id":3641,"date":"2026-03-06T21:05:17","date_gmt":"2026-03-06T21:05:17","guid":{"rendered":"https:\/\/lightlifesystem.com\/?page_id=3641"},"modified":"2026-03-06T22:23:45","modified_gmt":"2026-03-06T22:23:45","slug":"sin-contraindicaciones","status":"publish","type":"page","link":"https:\/\/lightlifesystem.com\/?page_id=3641&lang=es","title":{"rendered":"Sin contraindicaciones"},"content":{"rendered":"<h1>System<\/h1>\n<h1>System<\/h1>\n<h1>SIN CONTRAINDICACIONES<\/h1>\n<div>El uso del equipo no presenta ninguna contraindicaci\u00f3n por los siguientes motivos:<\/div>\n<ul>\n<li>\n<h3>I.<\/h3>\n<div>No altera ni anula ning\u00fan tipo de tratamiento que se est\u00e9 realizando, sumando m\u00e1s beneficios a los que estos puedan aportar.<\/div>\n<\/li>\n<li>\n<h3>II.<\/h3>\n<div>Est\u00e1 completamente exento del uso de radiaciones luminosas o procedentes de la luz, sin intervenci\u00f3n de ninguna sustancia luminiscente que irradie fotones.\n<\/div>\n<\/li>\n<li>\n<h3>III.<\/h3>\n<div>No emite ning\u00fan tipo de calor ni vapor, ya que funciona sin ninguno de estos elementos.<\/div>\n<\/li>\n<li>\n<h3>IV.<\/h3>\n<div>No utiliza ning\u00fan tipo de magnetismo ni electromagnetismo, por lo que la existencia de<br \/>\nondas electromagn\u00e9ticas, magn\u00e9ticas o est\u00e1ticas es absolutamente nula.<\/div>\n<\/li>\n<li>\n<h3>V.<\/h3>\n<div>No utiliza electricidad (para realizar sus funciones, prescinde totalmente de la energ\u00eda el\u00e9ctrica y\/o est\u00e1tica).\n<\/div>\n<\/li>\n<li>\n<h3>VI.<\/h3>\n<div>No irradia ninguna onda de luz, ni de sonido, ni de ultrasonido, de ning\u00fan tipo de frecuencia.<\/div>\n<\/li>\n<\/ul>\n<p><!--more--><br \/>\n<!-- {\"type\":\"layout\",\"children\":[{\"type\":\"section\",\"props\":{\"header_transparent\":true,\"header_transparent_noplaceholder\":true,\"header_transparent_text_color\":\"light\",\"image_position\":\"center-center\",\"padding_bottom\":\"none\",\"padding_top\":\"none\",\"preserve_color\":true,\"style\":\"default\",\"title_breakpoint\":\"xl\",\"title_position\":\"top-left\",\"title_rotation\":\"left\",\"vertical_align\":\"\",\"width\":\"\"},\"children\":[{\"type\":\"row\",\"props\":{\"height\":\"viewport\",\"height_viewport_offset\":true},\"children\":[{\"type\":\"column\",\"props\":{\"image_position\":\"center-center\",\"image_size\":\"cover\",\"image_width\":\"2560\",\"padding\":\"none\",\"position_sticky\":\"section\",\"position_sticky_breakpoint\":\"\",\"video\":\"wp-content\/uploads\/yootheme\/3.mp4\"}}]},{\"type\":\"row\",\"props\":{\"css\":\".el-row {\\n    position: relative;\\n    z-index: 1;\\n    margin-top: -100vh;\\n}\",\"height\":\"viewport\"},\"children\":[{\"type\":\"column\",\"props\":{\"image_position\":\"center-center\",\"position_sticky_breakpoint\":\"m\",\"text_color\":\"light\",\"vertical_align\":\"middle\"},\"children\":[{\"type\":\"image\",\"props\":{\"animation\":\"parallax\",\"block_align\":\"center\",\"image\":\"\",\"image_loading\":true,\"image_svg_color\":\"emphasis\",\"image_width\":99,\"margin_bottom\":\"small\",\"margin_top\":\"small\",\"maxwidth\":\"xlarge\",\"parallax_blur\":\"50\",\"parallax_opacity\":\"1,0,0\",\"parallax_scale\":\"0.5\",\"parallax_start\":\"55vh + 50%\",\"position\":\"relative\",\"position_z_index\":\"1\",\"text_align\":\"left\",\"text_align_breakpoint\":\"l\",\"text_align_fallback\":\"left\"}},{\"type\":\"headline\",\"props\":{\"animation\":\"parallax\",\"content\":\"System\",\"image_align\":\"left\",\"image_margin\":\"xsmall\",\"margin_top\":\"remove\",\"parallax_opacity\":\"1,0,0\",\"parallax_scale\":\"0.5\",\"parallax_start\":\"55vh + 50%\",\"position\":\"relative\",\"position_z_index\":\"1\",\"text_align\":\"center\",\"title_color\":\"secondary\",\"title_element\":\"h1\",\"title_style\":\"heading-2xlarge\",\"visibility\":\"s\"}},{\"type\":\"headline\",\"props\":{\"animation\":\"parallax\",\"content\":\"System\",\"image_align\":\"left\",\"image_margin\":\"xsmall\",\"margin_top\":\"remove\",\"parallax_blur\":\"50\",\"parallax_opacity\":\"1,0,0\",\"parallax_scale\":\"0.5\",\"parallax_start\":\"50vh + 50%\",\"position\":\"relative\",\"position_z_index\":\"1\",\"text_align\":\"center\",\"title_element\":\"h1\",\"title_style\":\"heading-2xlarge\",\"visibility\":\"hidden-s\"}}]}]}],\"name\":\"Hero\"},{\"name\":\"01\",\"type\":\"section\",\"props\":{\"animation\":\"fade\",\"animation_delay\":\"200\",\"header_transparent\":true,\"header_transparent_noplaceholder\":true,\"header_transparent_text_color\":\"dark\",\"id\":\"01\",\"image_loading\":true,\"image_position\":\"center-center\",\"image_width\":\"1300\",\"padding_bottom\":\"xlarge\",\"padding_top\":\"large\",\"preserve_color\":true,\"style\":\"default\",\"title_breakpoint\":\"xl\",\"title_position\":\"top-left\",\"title_rotation\":\"left\",\"vertical_align\":\"\",\"width\":\"small\"},\"children\":[{\"type\":\"row\",\"props\":{\"column_gap\":\"large\",\"row_gap\":\"large\"},\"children\":[{\"type\":\"column\",\"props\":{\"image_position\":\"center-center\",\"position_sticky_breakpoint\":\"m\"},\"children\":[{\"type\":\"headline\",\"props\":{\"content\":\"SIN CONTRAINDICACIONES\",\"id\":\"01\",\"image_align\":\"left\",\"image_margin\":\"xsmall\",\"margin_bottom\":\"default\",\"maxwidth\":\"xlarge\",\"maxwidth_breakpoint\":\"m\",\"text_align\":\"left\",\"text_align_breakpoint\":\"m\",\"text_align_fallback\":\"left\",\"title_color\":\"warning\",\"title_element\":\"h1\",\"title_style\":\"heading-large\"},\"name\":\"01\"},{\"type\":\"text\",\"props\":{\"block_align\":\"center\",\"column_breakpoint\":\"m\",\"content\":\"El uso del equipo no presenta ninguna contraindicaci\u00f3n por los siguientes motivos:\",\"dropcap\":false,\"margin_bottom\":\"medium\",\"margin_top\":\"medium\",\"maxwidth_breakpoint\":\"m\",\"text_align\":\"left\",\"text_style\":\"lead\"}},{\"name\":\"Grid Parallax\",\"type\":\"grid\",\"children\":[{\"type\":\"grid_item\",\"props\":{\"content\":\"No altera ni anula ning\u00fan tipo de tratamiento que se est\u00e9 realizando, sumando m\u00e1s beneficios a los que estos puedan aportar.\",\"image\":\"\",\"title\":\"I.\"}},{\"type\":\"grid_item\",\"props\":{\"content\":\"Est\u00e1 completamente exento del uso de radiaciones luminosas o procedentes de la luz, sin intervenci\u00f3n de ninguna sustancia luminiscente que irradie fotones.\\n\",\"image\":\"\",\"title\":\"II.\"}},{\"type\":\"grid_item\",\"props\":{\"content\":\"No emite ning\u00fan tipo de calor ni vapor, ya que funciona sin ninguno de estos elementos.\",\"image\":\"\",\"title\":\"III.\"}},{\"type\":\"grid_item\",\"props\":{\"content\":\"No utiliza ning\u00fan tipo de magnetismo ni electromagnetismo, por lo que la existencia de\\nondas electromagn\u00e9ticas, magn\u00e9ticas o est\u00e1ticas es absolutamente nula.\",\"image\":\"\",\"title\":\"IV.\"}},{\"type\":\"grid_item\",\"props\":{\"content\":\"No utiliza electricidad (para realizar sus funciones, prescinde totalmente de la energ\u00eda el\u00e9ctrica y\/o est\u00e1tica).\\n\",\"image\":\"\",\"title\":\"V.\"}},{\"type\":\"grid_item\",\"props\":{\"content\":\"No irradia ninguna onda de luz, ni de sonido, ni de ultrasonido, de ning\u00fan tipo de frecuencia.\",\"image\":\"\",\"title\":\"VI.\"}}],\"props\":{\"content_column_breakpoint\":\"m\",\"content_style\":\"text-lead\",\"filter_align\":\"left\",\"filter_all\":true,\"filter_grid_breakpoint\":\"m\",\"filter_grid_width\":\"auto\",\"filter_position\":\"top\",\"filter_style\":\"tab\",\"grid_column_align\":false,\"grid_default\":\"1\",\"grid_divider\":true,\"grid_medium\":\"2\",\"grid_small\":\"2\",\"image_align\":\"top\",\"image_grid_breakpoint\":\"m\",\"image_grid_width\":\"1-2\",\"image_height\":\"50\",\"image_svg_animate\":false,\"image_svg_color\":\"primary\",\"image_svg_inline\":true,\"image_width\":\"50\",\"item_animation\":true,\"lightbox_bg_close\":true,\"link_style\":\"text\",\"link_text\":\"Read more\",\"margin_bottom\":\"default\",\"margin_top\":\"default\",\"meta_align\":\"below-title\",\"meta_element\":\"div\",\"meta_style\":\"text-lead\",\"panel_padding\":\"default\",\"parallax_breakpoint\":\"m\",\"parallax_easing\":\"1\",\"show_content\":true,\"show_hover_image\":true,\"show_hover_video\":true,\"show_image\":true,\"show_link\":true,\"show_meta\":true,\"show_title\":true,\"show_video\":true,\"text_align\":\"left\",\"text_align_breakpoint\":\"s\",\"text_align_fallback\":\"left\",\"title_align\":\"top\",\"title_color\":\"secondary\",\"title_element\":\"h3\",\"title_grid_breakpoint\":\"m\",\"title_grid_width\":\"1-2\",\"title_hover_style\":\"reset\",\"title_style\":\"h3\"}}]}]}]}],\"version\":\"5.0.19\"} --><\/p>\n","protected":false},"excerpt":{"rendered":"<p>System System SIN CONTRAINDICACIONES El uso del equipo no presenta ninguna contraindicaci\u00f3n por los siguientes motivos: I. No altera ni anula ning\u00fan tipo de tratamiento que se est\u00e9 realizando, sumando m\u00e1s beneficios a los que estos puedan aportar. II. Est\u00e1 completamente exento del uso de radiaciones luminosas o procedentes de la luz, sin intervenci\u00f3n de [&hellip;]<\/p>\n","protected":false},"author":1,"featured_media":0,"parent":0,"menu_order":0,"comment_status":"closed","ping_status":"closed","template":"","meta":{"_themeisle_gutenberg_block_has_review":false,"footnotes":""},"class_list":["post-3641","page","type-page","status-publish","hentry"],"_links":{"self":[{"href":"https:\/\/lightlifesystem.com\/index.php?rest_route=\/wp\/v2\/pages\/3641","targetHints":{"allow":["GET"]}}],"collection":[{"href":"https:\/\/lightlifesystem.com\/index.php?rest_route=\/wp\/v2\/pages"}],"about":[{"href":"https:\/\/lightlifesystem.com\/index.php?rest_route=\/wp\/v2\/types\/page"}],"author":[{"embeddable":true,"href":"https:\/\/lightlifesystem.com\/index.php?rest_route=\/wp\/v2\/users\/1"}],"replies":[{"embeddable":true,"href":"https:\/\/lightlifesystem.com\/index.php?rest_route=%2Fwp%2Fv2%2Fcomments&post=3641"}],"version-history":[{"count":3,"href":"https:\/\/lightlifesystem.com\/index.php?rest_route=\/wp\/v2\/pages\/3641\/revisions"}],"predecessor-version":[{"id":3690,"href":"https:\/\/lightlifesystem.com\/index.php?rest_route=\/wp\/v2\/pages\/3641\/revisions\/3690"}],"wp:attachment":[{"href":"https:\/\/lightlifesystem.com\/index.php?rest_route=%2Fwp%2Fv2%2Fmedia&parent=3641"}],"curies":[{"name":"wp","href":"https:\/\/api.w.org\/{rel}","templated":true}]}}