{"id":3639,"date":"2026-03-06T21:04:55","date_gmt":"2026-03-06T21:04:55","guid":{"rendered":"https:\/\/lightlifesystem.com\/?page_id=3639"},"modified":"2026-04-09T15:05:20","modified_gmt":"2026-04-09T15:05:20","slug":"instalacion-y-activacion-de-portales-dimensionales","status":"publish","type":"page","link":"https:\/\/lightlifesystem.com\/?page_id=3639&lang=es","title":{"rendered":"Instalaci\u00f3n y activaci\u00f3n de portales dimensionales"},"content":{"rendered":"<ul>\n<li>\n<p>        <img decoding=\"async\" src=\"\/wp-content\/uploads\/z2.png\" alt=\"\"><\/p>\n<h2>Dimensions<\/h2>\n<p>Light Life System<\/p>\n<\/li>\n<li>\n<p>        <img decoding=\"async\" src=\"\/wp-content\/uploads\/z1.png\" alt=\"\"><\/p>\n<h2>Dimensions<\/h2>\n<p>Light Life System<\/p>\n<\/li>\n<\/ul>\n<h1>INSTALACI\u00d3N Y ACTIVACI\u00d3N DE PORTALES DIMENSIONALES<\/h1>\n<div>Estamos en b\u00fasqueda de la instalaci\u00f3n y activaci\u00f3n de portales dimensionales para vincular dos mundos:<\/p>\n<p>&#8211; el mundo de la abundancia, en su plenitud,<br \/>\n&#8211; y el mundo material, donde predomina la carencia.<\/div>\n<div>A trav\u00e9s de estos portales, buscamos que las personas tengan acceso a energ\u00edas de equilibrio y bienestar. La exposici\u00f3n a los portales genera beneficios integrales que abarcan tanto el cuerpo f\u00edsico \u2014lo que se toca\u2014 como los niveles no f\u00edsicos del ser humano: la mente, los pensamientos, las emociones, los conflictos internos, el caos psicol\u00f3gico y el sufrimiento corporal.<\/div>\n<p><!--more--><br \/>\n<!-- {\"type\":\"layout\",\"children\":[{\"type\":\"section\",\"props\":{\"header_transparent\":true,\"header_transparent_noplaceholder\":true,\"height\":\"viewport\",\"image_position\":\"center-center\",\"padding_top\":\"none\",\"style\":\"default\",\"title_breakpoint\":\"xl\",\"title_position\":\"top-left\",\"title_rotation\":\"left\",\"vertical_align\":\"middle\",\"width\":\"\"},\"children\":[{\"type\":\"row\",\"children\":[{\"type\":\"column\",\"props\":{\"image_position\":\"center-center\",\"position_sticky_breakpoint\":\"m\"},\"children\":[{\"name\":\"Slideshow Viewport Height Content Left\",\"type\":\"slideshow\",\"children\":[{\"type\":\"slideshow_item\",\"props\":{\"content\":\"\",\"image\":\"wp-content\/uploads\/z2.png\",\"meta\":\"Light Life System\",\"title\":\"Dimensions\"}},{\"type\":\"slideshow_item\",\"props\":{\"content\":\"\",\"image\":\"wp-content\/uploads\/z1.png\",\"meta\":\"Light Life System\",\"title\":\"Dimensions\"}}],\"props\":{\"height_viewport\":\"viewport\",\"image_width\":\"2560\",\"link_margin\":\"large\",\"link_style\":\"primary\",\"link_text\":\"Read more\",\"margin_bottom\":\"default\",\"margin_top\":\"default\",\"meta_align\":\"above-title\",\"meta_element\":\"div\",\"meta_style\":\"h5\",\"nav\":\"\",\"nav_align\":\"center\",\"nav_below\":false,\"nav_breakpoint\":\"\",\"nav_position\":\"bottom-center\",\"nav_position_margin\":\"medium\",\"nav_vertical\":false,\"overlay_animation\":\"parallax\",\"overlay_container\":\"default\",\"overlay_position\":\"center\",\"overlay_width\":\"large\",\"show_content\":true,\"show_link\":true,\"show_meta\":true,\"show_thumbnail\":true,\"show_title\":true,\"slidenav\":\"\",\"slidenav_breakpoint\":\"m\",\"slidenav_hover\":true,\"slidenav_large\":true,\"slidenav_margin\":\"medium\",\"slidenav_outside_breakpoint\":\"xl\",\"slideshow_animation\":\"fade\",\"slideshow_autoplay\":false,\"slideshow_autoplay_pause\":true,\"slideshow_kenburns\":\"alternate\",\"slideshow_min_height\":\"700\",\"slideshow_velocity\":0.6,\"text_align\":\"center\",\"text_align_fallback\":\"center\",\"text_color\":\"light\",\"thumbnav_height\":\"75\",\"thumbnav_shrink\":true,\"thumbnav_svg_color\":\"emphasis\",\"thumbnav_width\":\"100\",\"title_element\":\"h2\",\"title_hover_style\":\"reset\",\"title_style\":\"heading-medium\"}}]}]}]},{\"name\":\"01\",\"type\":\"section\",\"props\":{\"animation\":\"fade\",\"animation_delay\":\"200\",\"header_transparent\":true,\"header_transparent_noplaceholder\":true,\"header_transparent_text_color\":\"dark\",\"id\":\"01\",\"image_loading\":true,\"image_position\":\"center-center\",\"image_width\":\"1300\",\"padding_bottom\":\"xlarge\",\"padding_top\":\"large\",\"preserve_color\":true,\"style\":\"default\",\"title_breakpoint\":\"xl\",\"title_position\":\"top-left\",\"title_rotation\":\"left\",\"vertical_align\":\"\",\"width\":\"xsmall\"},\"children\":[{\"type\":\"row\",\"props\":{\"column_gap\":\"large\",\"row_gap\":\"large\"},\"children\":[{\"type\":\"column\",\"props\":{\"image_position\":\"center-center\",\"position_sticky_breakpoint\":\"m\"},\"children\":[{\"type\":\"headline\",\"props\":{\"block_align\":\"center\",\"content\":\"INSTALACI\u00d3N Y ACTIVACI\u00d3N DE PORTALES DIMENSIONALES\",\"id\":\"01\",\"image_align\":\"left\",\"image_margin\":\"xsmall\",\"margin_bottom\":\"default\",\"maxwidth\":\"2xlarge\",\"maxwidth_breakpoint\":\"m\",\"text_align\":\"left\",\"text_align_breakpoint\":\"m\",\"text_align_fallback\":\"left\",\"title_color\":\"warning\",\"title_element\":\"h1\",\"title_style\":\"heading-large\"},\"name\":\"01\"},{\"type\":\"text\",\"props\":{\"block_align\":\"center\",\"column_breakpoint\":\"m\",\"content\":\"Estamos en b\u00fasqueda de la instalaci\u00f3n y activaci\u00f3n de portales dimensionales para vincular dos mundos:\n\n\\n- el mundo de la abundancia, en su plenitud,<br \/>\\n- y el mundo material, donde predomina la carencia.\",\"dropcap\":false,\"margin_bottom\":\"medium\",\"margin_top\":\"medium\",\"maxwidth_breakpoint\":\"m\",\"text_align\":\"left\",\"text_style\":\"lead\"}},{\"type\":\"text\",\"props\":{\"block_align\":\"center\",\"column_breakpoint\":\"m\",\"content\":\"A trav\u00e9s de estos portales, buscamos que las personas tengan acceso a energ\u00edas de equilibrio y bienestar. La exposici\u00f3n a los portales genera beneficios integrales que abarcan tanto el cuerpo f\u00edsico \u2014lo que se toca\u2014 como los niveles no f\u00edsicos del ser humano: la mente, los pensamientos, las emociones, los conflictos internos, el caos psicol\u00f3gico y el sufrimiento corporal.\",\"dropcap\":false,\"margin_bottom\":\"medium\",\"margin_top\":\"medium\",\"maxwidth_breakpoint\":\"m\",\"text_align\":\"left\",\"text_style\":\"lead\"}}]}]}]}],\"version\":\"5.0.19\"} --><\/p>\n","protected":false},"excerpt":{"rendered":"<p>Dimensions Light Life System Dimensions Light Life System INSTALACI\u00d3N Y ACTIVACI\u00d3N DE PORTALES DIMENSIONALES Estamos en b\u00fasqueda de la instalaci\u00f3n y activaci\u00f3n de portales dimensionales para vincular dos mundos: &#8211; el mundo de la abundancia, en su plenitud, &#8211; y el mundo material, donde predomina la carencia. A trav\u00e9s de estos portales, buscamos que las [&hellip;]<\/p>\n","protected":false},"author":1,"featured_media":0,"parent":0,"menu_order":0,"comment_status":"closed","ping_status":"closed","template":"","meta":{"_themeisle_gutenberg_block_has_review":false,"footnotes":""},"class_list":["post-3639","page","type-page","status-publish","hentry"],"_links":{"self":[{"href":"https:\/\/lightlifesystem.com\/index.php?rest_route=\/wp\/v2\/pages\/3639","targetHints":{"allow":["GET"]}}],"collection":[{"href":"https:\/\/lightlifesystem.com\/index.php?rest_route=\/wp\/v2\/pages"}],"about":[{"href":"https:\/\/lightlifesystem.com\/index.php?rest_route=\/wp\/v2\/types\/page"}],"author":[{"embeddable":true,"href":"https:\/\/lightlifesystem.com\/index.php?rest_route=\/wp\/v2\/users\/1"}],"replies":[{"embeddable":true,"href":"https:\/\/lightlifesystem.com\/index.php?rest_route=%2Fwp%2Fv2%2Fcomments&post=3639"}],"version-history":[{"count":4,"href":"https:\/\/lightlifesystem.com\/index.php?rest_route=\/wp\/v2\/pages\/3639\/revisions"}],"predecessor-version":[{"id":4321,"href":"https:\/\/lightlifesystem.com\/index.php?rest_route=\/wp\/v2\/pages\/3639\/revisions\/4321"}],"wp:attachment":[{"href":"https:\/\/lightlifesystem.com\/index.php?rest_route=%2Fwp%2Fv2%2Fmedia&parent=3639"}],"curies":[{"name":"wp","href":"https:\/\/api.w.org\/{rel}","templated":true}]}}