{"id":3637,"date":"2026-03-06T21:04:32","date_gmt":"2026-03-06T21:04:32","guid":{"rendered":"https:\/\/lightlifesystem.com\/?page_id=3637"},"modified":"2026-04-10T00:56:49","modified_gmt":"2026-04-10T00:56:49","slug":"que-hacemos-y-como-lo-hacemos","status":"publish","type":"page","link":"https:\/\/lightlifesystem.com\/?page_id=3637&lang=es","title":{"rendered":"Qu\u00e9 hacemos y c\u00f3mo lo hacemos"},"content":{"rendered":"<h1>balance<\/h1>\n<h1>balance<\/h1>\n<h1>Qu\u00e9 hacemos y c\u00f3mo lo hacemos<\/p>\n<\/h1>\n<div>Actualmente, ofrecemos servicios de tratamiento individual, realizados a distancia. La persona puede encontrarse en cualquier parte del mundo, ya que el trabajo no depende de la presencia f\u00edsica, sino de la conexi\u00f3n con planos superiores.\n<\/div>\n<div>Estos tratamientos buscan ayudar a las personas en m\u00faltiples niveles: f\u00edsico, psicol\u00f3gico, espiritual y trascendental, favoreciendo procesos de sanaci\u00f3n, claridad interior y reconexi\u00f3n con su propio ser.\n<\/div>\n<div>Para que este trabajo sea posible y sostenible, cobramos por nuestros servicios. Este aporte no solo permite la continuidad de los tratamientos individuales, sino que tambi\u00e9n tiene un prop\u00f3sito mayor: instalar portales dimensionales en diferentes ciudades y pa\u00edses, ampliando el acceso a este plano de abundancia y equilibrio para comunidades enteras.<\/div>\n<div>Nuestra visi\u00f3n es que, a trav\u00e9s de este trabajo, cada vez m\u00e1s personas puedan beneficiarse de una fuerza que restaura, despierta y recuerda la verdadera naturaleza del ser humano.<\/div>\n<p><!--more--><br \/>\n<!-- {\"type\":\"layout\",\"children\":[{\"type\":\"section\",\"props\":{\"header_transparent\":true,\"header_transparent_noplaceholder\":true,\"header_transparent_text_color\":\"light\",\"image_position\":\"center-center\",\"padding_bottom\":\"none\",\"padding_top\":\"none\",\"preserve_color\":true,\"style\":\"default\",\"title_breakpoint\":\"xl\",\"title_position\":\"top-left\",\"title_rotation\":\"left\",\"vertical_align\":\"\",\"width\":\"\"},\"children\":[{\"type\":\"row\",\"props\":{\"height\":\"viewport\",\"height_viewport_offset\":true},\"children\":[{\"type\":\"column\",\"props\":{\"image\":\"wp-content\/uploads\/two.png\",\"image_position\":\"center-center\",\"image_size\":\"cover\",\"image_width\":\"2560\",\"padding\":\"none\",\"position_sticky\":\"section\",\"position_sticky_breakpoint\":\"\"}}]},{\"type\":\"row\",\"props\":{\"css\":\".el-row {\\n    position: relative;\\n    z-index: 1;\\n    margin-top: -100vh;\\n}\",\"height\":\"viewport\"},\"children\":[{\"type\":\"column\",\"props\":{\"image_position\":\"center-center\",\"position_sticky_breakpoint\":\"m\",\"text_color\":\"light\",\"vertical_align\":\"middle\"},\"children\":[{\"type\":\"image\",\"props\":{\"animation\":\"parallax\",\"block_align\":\"center\",\"image\":\"\",\"image_loading\":true,\"image_svg_color\":\"emphasis\",\"image_width\":99,\"margin_bottom\":\"small\",\"margin_top\":\"small\",\"maxwidth\":\"xlarge\",\"parallax_blur\":\"50\",\"parallax_opacity\":\"1,0,0\",\"parallax_scale\":\"0.5\",\"parallax_start\":\"55vh + 50%\",\"position\":\"relative\",\"position_z_index\":\"1\",\"text_align\":\"left\",\"text_align_breakpoint\":\"l\",\"text_align_fallback\":\"left\"}},{\"type\":\"headline\",\"props\":{\"animation\":\"parallax\",\"content\":\"balance\",\"image_align\":\"left\",\"image_margin\":\"xsmall\",\"margin_top\":\"remove\",\"parallax_opacity\":\"1,0,0\",\"parallax_scale\":\"0.5\",\"parallax_start\":\"55vh + 50%\",\"position\":\"relative\",\"position_z_index\":\"1\",\"text_align\":\"center\",\"title_color\":\"secondary\",\"title_element\":\"h1\",\"title_style\":\"heading-2xlarge\",\"visibility\":\"s\"}},{\"type\":\"headline\",\"props\":{\"animation\":\"parallax\",\"content\":\"balance\",\"image_align\":\"left\",\"image_margin\":\"xsmall\",\"margin_top\":\"remove\",\"parallax_blur\":\"50\",\"parallax_opacity\":\"1,0,0\",\"parallax_scale\":\"0.5\",\"parallax_start\":\"50vh + 50%\",\"position\":\"relative\",\"position_z_index\":\"1\",\"text_align\":\"center\",\"title_element\":\"h1\",\"title_style\":\"heading-2xlarge\",\"visibility\":\"hidden-s\"}}]}]}],\"name\":\"Hero\"},{\"name\":\"01\",\"type\":\"section\",\"props\":{\"animation\":\"fade\",\"animation_delay\":\"200\",\"header_transparent\":true,\"header_transparent_noplaceholder\":true,\"header_transparent_text_color\":\"dark\",\"id\":\"01\",\"image_loading\":true,\"image_position\":\"center-center\",\"image_width\":\"1300\",\"padding_bottom\":\"xlarge\",\"padding_top\":\"large\",\"preserve_color\":true,\"style\":\"default\",\"title_breakpoint\":\"xl\",\"title_position\":\"top-left\",\"title_rotation\":\"left\",\"vertical_align\":\"\",\"width\":\"xsmall\"},\"children\":[{\"type\":\"row\",\"props\":{\"column_gap\":\"large\",\"row_gap\":\"large\"},\"children\":[{\"type\":\"column\",\"props\":{\"image_position\":\"center-center\",\"position_sticky_breakpoint\":\"m\"},\"children\":[{\"type\":\"headline\",\"props\":{\"block_align\":\"center\",\"content\":\"Qu\u00e9 hacemos y c\u00f3mo lo hacemos\\n\\n\\n\",\"id\":\"01\",\"image_align\":\"left\",\"image_margin\":\"xsmall\",\"margin_bottom\":\"default\",\"maxwidth\":\"2xlarge\",\"maxwidth_breakpoint\":\"m\",\"text_align\":\"left\",\"text_align_breakpoint\":\"m\",\"text_align_fallback\":\"left\",\"title_color\":\"warning\",\"title_element\":\"h1\",\"title_style\":\"heading-large\"},\"name\":\"01\"},{\"type\":\"text\",\"props\":{\"block_align\":\"center\",\"column_breakpoint\":\"m\",\"content\":\"Actualmente, ofrecemos servicios de tratamiento individual, realizados a distancia. La persona puede encontrarse en cualquier parte del mundo, ya que el trabajo no depende de la presencia f\u00edsica, sino de la conexi\u00f3n con planos superiores.\\n\",\"dropcap\":false,\"margin_bottom\":\"medium\",\"margin_top\":\"medium\",\"maxwidth_breakpoint\":\"m\",\"text_align\":\"left\",\"text_style\":\"lead\"}},{\"type\":\"text\",\"props\":{\"block_align\":\"center\",\"column_breakpoint\":\"m\",\"content\":\"Estos tratamientos buscan ayudar a las personas en m\u00faltiples niveles: f\u00edsico, psicol\u00f3gico, espiritual y trascendental, favoreciendo procesos de sanaci\u00f3n, claridad interior y reconexi\u00f3n con su propio ser.\\n\",\"dropcap\":false,\"margin_bottom\":\"medium\",\"margin_top\":\"medium\",\"maxwidth_breakpoint\":\"m\",\"text_align\":\"left\",\"text_style\":\"lead\"}},{\"type\":\"text\",\"props\":{\"block_align\":\"center\",\"column_breakpoint\":\"m\",\"content\":\"Para que este trabajo sea posible y sostenible, cobramos por nuestros servicios. Este aporte no solo permite la continuidad de los tratamientos individuales, sino que tambi\u00e9n tiene un prop\u00f3sito mayor: instalar portales dimensionales en diferentes ciudades y pa\u00edses, ampliando el acceso a este plano de abundancia y equilibrio para comunidades enteras.\",\"dropcap\":false,\"margin_bottom\":\"medium\",\"margin_top\":\"medium\",\"maxwidth_breakpoint\":\"m\",\"text_align\":\"left\",\"text_style\":\"lead\"}},{\"type\":\"text\",\"props\":{\"block_align\":\"center\",\"column_breakpoint\":\"m\",\"content\":\"Nuestra visi\u00f3n es que, a trav\u00e9s de este trabajo, cada vez m\u00e1s personas puedan beneficiarse de una fuerza que restaura, despierta y recuerda la verdadera naturaleza del ser humano.\",\"dropcap\":false,\"margin_bottom\":\"medium\",\"margin_top\":\"medium\",\"maxwidth_breakpoint\":\"m\",\"text_align\":\"left\",\"text_style\":\"lead\"}}]}]}]}],\"version\":\"5.0.19\"} --><\/p>\n","protected":false},"excerpt":{"rendered":"<p>balance balance Qu\u00e9 hacemos y c\u00f3mo lo hacemos Actualmente, ofrecemos servicios de tratamiento individual, realizados a distancia. La persona puede encontrarse en cualquier parte del mundo, ya que el trabajo no depende de la presencia f\u00edsica, sino de la conexi\u00f3n con planos superiores. Estos tratamientos buscan ayudar a las personas en m\u00faltiples niveles: f\u00edsico, psicol\u00f3gico, [&hellip;]<\/p>\n","protected":false},"author":1,"featured_media":0,"parent":0,"menu_order":0,"comment_status":"closed","ping_status":"closed","template":"","meta":{"_themeisle_gutenberg_block_has_review":false,"footnotes":""},"class_list":["post-3637","page","type-page","status-publish","hentry"],"_links":{"self":[{"href":"https:\/\/lightlifesystem.com\/index.php?rest_route=\/wp\/v2\/pages\/3637","targetHints":{"allow":["GET"]}}],"collection":[{"href":"https:\/\/lightlifesystem.com\/index.php?rest_route=\/wp\/v2\/pages"}],"about":[{"href":"https:\/\/lightlifesystem.com\/index.php?rest_route=\/wp\/v2\/types\/page"}],"author":[{"embeddable":true,"href":"https:\/\/lightlifesystem.com\/index.php?rest_route=\/wp\/v2\/users\/1"}],"replies":[{"embeddable":true,"href":"https:\/\/lightlifesystem.com\/index.php?rest_route=%2Fwp%2Fv2%2Fcomments&post=3637"}],"version-history":[{"count":4,"href":"https:\/\/lightlifesystem.com\/index.php?rest_route=\/wp\/v2\/pages\/3637\/revisions"}],"predecessor-version":[{"id":4342,"href":"https:\/\/lightlifesystem.com\/index.php?rest_route=\/wp\/v2\/pages\/3637\/revisions\/4342"}],"wp:attachment":[{"href":"https:\/\/lightlifesystem.com\/index.php?rest_route=%2Fwp%2Fv2%2Fmedia&parent=3637"}],"curies":[{"name":"wp","href":"https:\/\/api.w.org\/{rel}","templated":true}]}}