{"id":3633,"date":"2026-03-06T21:03:38","date_gmt":"2026-03-06T21:03:38","guid":{"rendered":"https:\/\/lightlifesystem.com\/?page_id=3633"},"modified":"2026-03-06T22:16:31","modified_gmt":"2026-03-06T22:16:31","slug":"concepto-resumen","status":"publish","type":"page","link":"https:\/\/lightlifesystem.com\/?page_id=3633&lang=es","title":{"rendered":"Concepto, resumen"},"content":{"rendered":"<h1>Concepto<\/h1>\n<h1>Concepto<\/h1>\n<h1>CONCEPTO,<br \/>RESUMEN<\/h1>\n<div>\nTodos los seres de esta tierra est\u00e1n permanentemente sumergidos en un mar de energ\u00eda. Insignificante cada ser como una gota en medio del oc\u00e9ano, el ser humano existe entre el vac\u00edo y la energ\u00eda, siempre en medio de ella, sin comprender su entorno. Sin embargo, todo en \u00e9l proviene de la tierra y del espacio, y todo lo que necesita para asegurar su existencia en ella, tambi\u00e9n.\n<\/div>\n<div>La comprensi\u00f3n de la compleja naturaleza del ser humano, la preservaci\u00f3n de su existencia, as\u00ed como la soluci\u00f3n de los desequilibrios que lo afectan, dependen de esta energ\u00eda absoluta.<\/div>\n<div>As\u00ed, la activaci\u00f3n de cualquiera de los procesos metab\u00f3licos o energ\u00e9ticos naturales en cualquier cuerpo humano depende irremediablemente de la existencia de esta energ\u00eda superior para la vida, que gu\u00ede al ser a despertar para el pleno desarrollo de sus potencialidades humanas y el perfeccionamiento de su funcionamiento<\/div>\n<p><!--more--><br \/>\n<!-- {\"type\":\"layout\",\"children\":[{\"type\":\"section\",\"props\":{\"header_transparent\":true,\"header_transparent_noplaceholder\":true,\"header_transparent_text_color\":\"light\",\"image_position\":\"center-center\",\"padding_bottom\":\"none\",\"padding_top\":\"none\",\"preserve_color\":true,\"style\":\"default\",\"title_breakpoint\":\"xl\",\"title_position\":\"top-left\",\"title_rotation\":\"left\",\"vertical_align\":\"\",\"width\":\"\"},\"children\":[{\"type\":\"row\",\"props\":{\"height\":\"viewport\",\"height_viewport_offset\":true},\"children\":[{\"type\":\"column\",\"props\":{\"image_position\":\"center-center\",\"image_size\":\"cover\",\"padding\":\"none\",\"position_sticky\":\"section\",\"position_sticky_breakpoint\":\"\",\"video\":\"wp-content\/uploads\/6.mp4\"}}]},{\"type\":\"row\",\"props\":{\"css\":\".el-row {\\n    position: relative;\\n    z-index: 1;\\n    margin-top: -100vh;\\n}\",\"height\":\"viewport\"},\"children\":[{\"type\":\"column\",\"props\":{\"image_position\":\"center-center\",\"position_sticky_breakpoint\":\"m\",\"text_color\":\"light\",\"vertical_align\":\"middle\"},\"children\":[{\"type\":\"image\",\"props\":{\"animation\":\"parallax\",\"block_align\":\"center\",\"image\":\"\",\"image_loading\":true,\"image_svg_color\":\"emphasis\",\"image_width\":99,\"margin_bottom\":\"small\",\"margin_top\":\"small\",\"maxwidth\":\"xlarge\",\"parallax_blur\":\"50\",\"parallax_opacity\":\"1,0,0\",\"parallax_scale\":\"0.5\",\"parallax_start\":\"55vh + 50%\",\"position\":\"relative\",\"position_z_index\":\"1\",\"text_align\":\"left\",\"text_align_breakpoint\":\"l\",\"text_align_fallback\":\"left\"}},{\"type\":\"headline\",\"props\":{\"animation\":\"parallax\",\"content\":\"Concepto\",\"image_align\":\"left\",\"image_margin\":\"xsmall\",\"margin_top\":\"remove\",\"parallax_opacity\":\"1,0,0\",\"parallax_scale\":\"0.5\",\"parallax_start\":\"55vh + 50%\",\"position\":\"relative\",\"position_z_index\":\"1\",\"text_align\":\"center\",\"title_color\":\"secondary\",\"title_element\":\"h1\",\"title_style\":\"heading-2xlarge\",\"visibility\":\"s\"}},{\"type\":\"headline\",\"props\":{\"animation\":\"parallax\",\"content\":\"Concepto\",\"image_align\":\"left\",\"image_margin\":\"xsmall\",\"margin_top\":\"remove\",\"parallax_blur\":\"50\",\"parallax_opacity\":\"1,0,0\",\"parallax_scale\":\"0.5\",\"parallax_start\":\"50vh + 50%\",\"position\":\"relative\",\"position_z_index\":\"1\",\"text_align\":\"center\",\"title_element\":\"h1\",\"title_style\":\"heading-2xlarge\",\"visibility\":\"hidden-s\"}}]}]}],\"name\":\"Hero\"},{\"name\":\"01\",\"type\":\"section\",\"props\":{\"animation\":\"fade\",\"animation_delay\":\"200\",\"header_transparent\":true,\"header_transparent_noplaceholder\":true,\"header_transparent_text_color\":\"dark\",\"id\":\"01\",\"image_loading\":true,\"image_position\":\"center-center\",\"image_width\":\"1300\",\"padding_bottom\":\"xlarge\",\"padding_top\":\"large\",\"preserve_color\":true,\"style\":\"default\",\"title_breakpoint\":\"xl\",\"title_position\":\"top-left\",\"title_rotation\":\"left\",\"vertical_align\":\"\",\"width\":\"xsmall\"},\"children\":[{\"type\":\"row\",\"props\":{\"column_gap\":\"large\",\"row_gap\":\"large\"},\"children\":[{\"type\":\"column\",\"props\":{\"image_position\":\"center-center\",\"position_sticky_breakpoint\":\"m\"},\"children\":[{\"type\":\"headline\",\"props\":{\"block_align\":\"center\",\"content\":\"CONCEPTO,<br \/>RESUMEN\",\"id\":\"01\",\"image_align\":\"left\",\"image_margin\":\"xsmall\",\"margin_bottom\":\"default\",\"maxwidth\":\"2xlarge\",\"maxwidth_breakpoint\":\"m\",\"text_align\":\"left\",\"text_align_breakpoint\":\"m\",\"text_align_fallback\":\"left\",\"title_color\":\"warning\",\"title_element\":\"h1\",\"title_style\":\"heading-large\"},\"name\":\"01\"},{\"type\":\"text\",\"props\":{\"block_align\":\"center\",\"column_breakpoint\":\"m\",\"content\":\"\\nTodos los seres de esta tierra est\u00e1n permanentemente sumergidos en un mar de energ\u00eda. Insignificante cada ser como una gota en medio del oc\u00e9ano, el ser humano existe entre el vac\u00edo y la energ\u00eda, siempre en medio de ella, sin comprender su entorno. Sin embargo, todo en \u00e9l proviene de la tierra y del espacio, y todo lo que necesita para asegurar su existencia en ella, tambi\u00e9n.\\n\",\"dropcap\":false,\"margin_bottom\":\"medium\",\"margin_top\":\"medium\",\"maxwidth_breakpoint\":\"m\",\"text_align\":\"left\",\"text_style\":\"lead\"}},{\"type\":\"text\",\"props\":{\"block_align\":\"center\",\"column_breakpoint\":\"m\",\"content\":\"La comprensi\u00f3n de la compleja naturaleza del ser humano, la preservaci\u00f3n de su existencia, as\u00ed como la soluci\u00f3n de los desequilibrios que lo afectan, dependen de esta energ\u00eda absoluta.\",\"dropcap\":false,\"margin_bottom\":\"xsmall\",\"margin_top\":\"xsmall\",\"maxwidth_breakpoint\":\"m\",\"text_align\":\"left\",\"text_style\":\"lead\"}},{\"type\":\"text\",\"props\":{\"block_align\":\"center\",\"column_breakpoint\":\"m\",\"content\":\"As\u00ed, la activaci\u00f3n de cualquiera de los procesos metab\u00f3licos o energ\u00e9ticos naturales en cualquier cuerpo humano depende irremediablemente de la existencia de esta energ\u00eda superior para la vida, que gu\u00ede al ser a despertar para el pleno desarrollo de sus potencialidades humanas y el perfeccionamiento de su funcionamiento\",\"dropcap\":false,\"margin_bottom\":\"medium\",\"margin_top\":\"medium\",\"maxwidth_breakpoint\":\"m\",\"text_align\":\"left\",\"text_style\":\"lead\"}}]}]}]}],\"version\":\"5.0.19\"} --><\/p>\n","protected":false},"excerpt":{"rendered":"<p>Concepto Concepto CONCEPTO,RESUMEN Todos los seres de esta tierra est\u00e1n permanentemente sumergidos en un mar de energ\u00eda. Insignificante cada ser como una gota en medio del oc\u00e9ano, el ser humano existe entre el vac\u00edo y la energ\u00eda, siempre en medio de ella, sin comprender su entorno. Sin embargo, todo en \u00e9l proviene de la tierra [&hellip;]<\/p>\n","protected":false},"author":1,"featured_media":0,"parent":0,"menu_order":0,"comment_status":"closed","ping_status":"closed","template":"","meta":{"_themeisle_gutenberg_block_has_review":false,"footnotes":""},"class_list":["post-3633","page","type-page","status-publish","hentry"],"_links":{"self":[{"href":"https:\/\/lightlifesystem.com\/index.php?rest_route=\/wp\/v2\/pages\/3633","targetHints":{"allow":["GET"]}}],"collection":[{"href":"https:\/\/lightlifesystem.com\/index.php?rest_route=\/wp\/v2\/pages"}],"about":[{"href":"https:\/\/lightlifesystem.com\/index.php?rest_route=\/wp\/v2\/types\/page"}],"author":[{"embeddable":true,"href":"https:\/\/lightlifesystem.com\/index.php?rest_route=\/wp\/v2\/users\/1"}],"replies":[{"embeddable":true,"href":"https:\/\/lightlifesystem.com\/index.php?rest_route=%2Fwp%2Fv2%2Fcomments&post=3633"}],"version-history":[{"count":4,"href":"https:\/\/lightlifesystem.com\/index.php?rest_route=\/wp\/v2\/pages\/3633\/revisions"}],"predecessor-version":[{"id":3683,"href":"https:\/\/lightlifesystem.com\/index.php?rest_route=\/wp\/v2\/pages\/3633\/revisions\/3683"}],"wp:attachment":[{"href":"https:\/\/lightlifesystem.com\/index.php?rest_route=%2Fwp%2Fv2%2Fmedia&parent=3633"}],"curies":[{"name":"wp","href":"https:\/\/api.w.org\/{rel}","templated":true}]}}