{"id":3499,"date":"2026-03-01T22:09:33","date_gmt":"2026-03-01T22:09:33","guid":{"rendered":"https:\/\/lightlifesystem.medecine-empirique.org\/?page_id=3499"},"modified":"2026-03-26T23:13:16","modified_gmt":"2026-03-26T23:13:16","slug":"perguntas-frequentes-faq","status":"publish","type":"page","link":"https:\/\/lightlifesystem.com\/?page_id=3499&lang=pt","title":{"rendered":"Perguntas frequentes faq"},"content":{"rendered":"<h1><span class=\"a_GcMg font-feature-liga-off font-feature-clig-off font-feature-calt-off text-decoration-none text-strikethrough-none\">PERGUNTAS FREQUENTES<\/span><\/h1>\n<div>Voc\u00ea encontrar\u00e1 a maioria das respostas aqui.<br \/>Caso ainda tenha d\u00favidas, n\u00e3o hesite em nos contatar.<\/div>\n<ul>\n<li>\n<h3>O que \u00e9 o Light Life System<\/h3>\n<div>\n<p class=\"cvGsUA direction-ltr align-justify para-style-body\"><span class=\"a_GcMg font-feature-liga-off font-feature-clig-off font-feature-calt-off text-decoration-none text-strikethrough-none\">Este \u00e9 um Sistema \u00danico de Bioenergia. U<\/span><span class=\"a_GcMg font-feature-liga-off font-feature-clig-off font-feature-calt-off text-decoration-none text-strikethrough-none\">ma Possibilidade de Auxiliar a Todos, em Todos os N\u00edveis do Ser Integral<\/span><\/p>\n<\/div>\n<\/li>\n<li>\n<h3>Para Qu\u00e9m?<\/h3>\n<div>\n<p class=\"cvGsUA direction-ltr align-justify para-style-body\"><span class=\"a_GcMg font-feature-liga-off font-feature-clig-off font-feature-calt-off text-decoration-none text-strikethrough-none\">Sem contraindica\u00e7\u00f5es ou condi\u00e7\u00f5es, para <\/span><span class=\"a_GcMg font-feature-liga-off font-feature-clig-off font-feature-calt-off text-decoration-none text-strikethrough-none\">Todos Indistintamente.<\/span><\/p>\n<\/div>\n<\/li>\n<li>\n<h3>O que preciso fazer?<\/h3>\n<div>\n<p class=\"cvGsUA direction-ltr align-justify para-style-body\"><span class=\"a_GcMg font-feature-liga-off font-feature-clig-off font-feature-calt-off text-decoration-none text-strikethrough-none\">Se voc\u00ea deseja se Conectar com essa Bioenergia, se Beneficiar dessa Experi\u00eancia e Viver esse Sistema, Tudo o que voc\u00ea Precisa Fazer \u00e9 Entrar em Contato Conosco e Marcar uma Consulta.<\/span><\/p>\n<p class=\"cvGsUA direction-ltr align-justify para-style-body\"><span class=\"a_GcMg font-feature-liga-off font-feature-clig-off font-feature-calt-off text-decoration-none text-strikethrough-none\">Definiremos um Dia e Hor\u00e1rio, e voc\u00ea Escolher\u00e1 um Local Apropriado para a Calma Internaliza\u00e7\u00e3o, no Conforto da Sua Casa, durante 20 Minutos.<\/span><\/p>\n<\/div>\n<\/li>\n<\/ul>\n<p><!--more--><br \/>\n<!-- {\"type\":\"layout\",\"children\":[{\"name\":\"FAQ\",\"type\":\"section\",\"props\":{\"height_viewport\":false,\"image_position\":\"center-center\",\"image_size\":\"cover\",\"media_background\":\"#fff\",\"media_overlay\":\"rgba(0,0,0,0)\",\"padding_bottom\":\"xlarge\",\"padding_top\":\"large\",\"style\":\"secondary\",\"title_breakpoint\":\"xl\",\"title_position\":\"top-left\",\"title_rotation\":\"left\",\"vertical_align\":\"\",\"width\":\"small\"},\"children\":[{\"type\":\"row\",\"children\":[{\"type\":\"column\",\"props\":{\"image_position\":\"center-center\",\"position_sticky_breakpoint\":\"m\",\"width_medium\":\"1-1\"},\"children\":[{\"type\":\"headline\",\"props\":{\"block_align\":\"center\",\"content\":\"<span class=\\\"a_GcMg font-feature-liga-off font-feature-clig-off font-feature-calt-off text-decoration-none text-strikethrough-none\\\">PERGUNTAS FREQUENTES<\/span>\",\"image_align\":\"left\",\"image_margin\":\"xsmall\",\"text_align\":\"center\",\"title_element\":\"h1\",\"title_style\":\"heading-small\"}},{\"type\":\"text\",\"props\":{\"block_align\":\"center\",\"column_breakpoint\":\"m\",\"content\":\"Voc\u00ea encontrar\u00e1 a maioria das respostas aqui.<br \/>Caso ainda tenha d\u00favidas, n\u00e3o hesite em nos contatar.\",\"margin_bottom\":\"xlarge\",\"margin_top\":\"remove\",\"maxwidth\":\"2xlarge\",\"text_align\":\"center\",\"text_style\":\"lead\"}},{\"type\":\"accordion\",\"props\":{\"collapsible\":true,\"content_column_breakpoint\":\"m\",\"image_align\":\"top\",\"image_grid_breakpoint\":\"m\",\"image_grid_width\":\"1-2\",\"image_svg_color\":\"emphasis\",\"link_style\":\"default\",\"link_text\":\"Read more\",\"margin_bottom\":\"xlarge\",\"margin_top\":\"remove\",\"multiple\":false,\"show_image\":true,\"show_link\":true},\"children\":[{\"type\":\"accordion_item\",\"props\":{\"content\":\"\n\n<p class=\\\"cvGsUA direction-ltr align-justify para-style-body\\\"><span class=\\\"a_GcMg font-feature-liga-off font-feature-clig-off font-feature-calt-off text-decoration-none text-strikethrough-none\\\">Este \u00e9 um Sistema \u00danico de Bioenergia. U<\/span><span class=\\\"a_GcMg font-feature-liga-off font-feature-clig-off font-feature-calt-off text-decoration-none text-strikethrough-none\\\">ma Possibilidade de Auxiliar a Todos, em Todos os N\u00edveis do Ser Integral<\/span><\/p>\n\n\",\"title\":\"O que \u00e9 o Light Life System\"}},{\"type\":\"accordion_item\",\"props\":{\"content\":\"\n\n<p class=\\\"cvGsUA direction-ltr align-justify para-style-body\\\"><span class=\\\"a_GcMg font-feature-liga-off font-feature-clig-off font-feature-calt-off text-decoration-none text-strikethrough-none\\\">Sem contraindica\u00e7\u00f5es ou condi\u00e7\u00f5es, para <\/span><span class=\\\"a_GcMg font-feature-liga-off font-feature-clig-off font-feature-calt-off text-decoration-none text-strikethrough-none\\\">Todos Indistintamente.<\/span><\/p>\n\n\",\"title\":\"Para Qu\u00e9m?\"}},{\"type\":\"accordion_item\",\"props\":{\"content\":\"\n\n<p class=\\\"cvGsUA direction-ltr align-justify para-style-body\\\"><span class=\\\"a_GcMg font-feature-liga-off font-feature-clig-off font-feature-calt-off text-decoration-none text-strikethrough-none\\\">Se voc\u00ea deseja se Conectar com essa Bioenergia, se Beneficiar dessa Experi\u00eancia e Viver esse Sistema, Tudo o que voc\u00ea Precisa Fazer \u00e9 Entrar em Contato Conosco e Marcar uma Consulta.<\/span><\/p>\n\n\\n\n\n<p class=\\\"cvGsUA direction-ltr align-justify para-style-body\\\"><span class=\\\"a_GcMg font-feature-liga-off font-feature-clig-off font-feature-calt-off text-decoration-none text-strikethrough-none\\\">Definiremos um Dia e Hor\u00e1rio, e voc\u00ea Escolher\u00e1 um Local Apropriado para a Calma Internaliza\u00e7\u00e3o, no Conforto da Sua Casa, durante 20 Minutos.<\/span><\/p>\n\n\",\"title\":\"O que preciso fazer?\"}}]}]}]}]}],\"version\":\"5.0.19\"} --><\/p>\n","protected":false},"excerpt":{"rendered":"<p>PERGUNTAS FREQUENTES Voc\u00ea encontrar\u00e1 a maioria das respostas aqui.Caso ainda tenha d\u00favidas, n\u00e3o hesite em nos contatar. O que \u00e9 o Light Life System Este \u00e9 um Sistema \u00danico de Bioenergia. Uma Possibilidade de Auxiliar a Todos, em Todos os N\u00edveis do Ser Integral Para Qu\u00e9m? Sem contraindica\u00e7\u00f5es ou condi\u00e7\u00f5es, para Todos Indistintamente. O que [&hellip;]<\/p>\n","protected":false},"author":1,"featured_media":0,"parent":0,"menu_order":0,"comment_status":"closed","ping_status":"closed","template":"","meta":{"_themeisle_gutenberg_block_has_review":false,"footnotes":""},"class_list":["post-3499","page","type-page","status-publish","hentry"],"_links":{"self":[{"href":"https:\/\/lightlifesystem.com\/index.php?rest_route=\/wp\/v2\/pages\/3499","targetHints":{"allow":["GET"]}}],"collection":[{"href":"https:\/\/lightlifesystem.com\/index.php?rest_route=\/wp\/v2\/pages"}],"about":[{"href":"https:\/\/lightlifesystem.com\/index.php?rest_route=\/wp\/v2\/types\/page"}],"author":[{"embeddable":true,"href":"https:\/\/lightlifesystem.com\/index.php?rest_route=\/wp\/v2\/users\/1"}],"replies":[{"embeddable":true,"href":"https:\/\/lightlifesystem.com\/index.php?rest_route=%2Fwp%2Fv2%2Fcomments&post=3499"}],"version-history":[{"count":9,"href":"https:\/\/lightlifesystem.com\/index.php?rest_route=\/wp\/v2\/pages\/3499\/revisions"}],"predecessor-version":[{"id":3802,"href":"https:\/\/lightlifesystem.com\/index.php?rest_route=\/wp\/v2\/pages\/3499\/revisions\/3802"}],"wp:attachment":[{"href":"https:\/\/lightlifesystem.com\/index.php?rest_route=%2Fwp%2Fv2%2Fmedia&parent=3499"}],"curies":[{"name":"wp","href":"https:\/\/api.w.org\/{rel}","templated":true}]}}