{"id":3488,"date":"2026-03-01T22:05:07","date_gmt":"2026-03-01T22:05:07","guid":{"rendered":"https:\/\/lightlifesystem.medecine-empirique.org\/?page_id=3488"},"modified":"2026-04-03T13:52:41","modified_gmt":"2026-04-03T13:52:41","slug":"para-todos","status":"publish","type":"page","link":"https:\/\/lightlifesystem.com\/?page_id=3488&lang=pt","title":{"rendered":"Para todos"},"content":{"rendered":"<h1>TODOS<\/h1>\n<h1>Todos<\/h1>\n<h1>PARA TODOS<\/h1>\n<div>\n<p><span class=\"a_GcMg font-feature-liga-off font-feature-clig-off font-feature-calt-off text-decoration-none text-strikethrough-none\">Humanista, filantr\u00f3pica e altru\u00edsta, esta \u00e9 uma possibilidade pronta para ser implementada, e auxiliar qualquer ser humano que procure bem-estar e crescimento. \u00c9 uma ativa\u00e7\u00e3o aplic\u00e1vel e ben\u00e9fica para qualquer pessoa, com qualquer transtorno de sa\u00fade ou desequil\u00edbrio, desde os mais simples at\u00e9 os mais avan\u00e7ados, os entendidos como cr\u00f4nicos, assim como os mais &#8220;comuns&#8221;, como &#8220;problemas do sono&#8221;, &#8220;dores musculares&#8221;, &#8220;ansiedade&#8221;, &#8220;estresse&#8221;, &#8220;depress\u00e3o&#8221;, &#8220;fadiga&#8221;, &#8220;cansa\u00e7o&#8221; e &#8220;esgotamento&#8221;.<\/span><span class=\"a_GcMg font-feature-liga-off font-feature-clig-off font-feature-calt-off text-decoration-none text-strikethrough-none white-space-prewrap\"> <\/span>\u00a0\u00abansiedad\u00bb, \u00abestr\u00e9s\u00bb, \u00abdepresi\u00f3n\u00bb, \u00abfatiga\u00bb, \u00abcansancio\u00bb y \u00abagotamiento\u00bb.<\/p>\n<\/div>\n<div>\n<p><span class=\"a_GcMg font-feature-liga-off font-feature-clig-off font-feature-calt-off text-decoration-none text-strikethrough-none\">Mesmo assim, sua utiliza\u00e7\u00e3o n\u00e3o altera de nenhuma forma a natureza do corpo, n\u00e3o causando inc\u00f4modos de nenhum tipo. Nenhum procedimento invasivo \u00e9 efetuado e n\u00e3o h\u00e1 contraindica\u00e7\u00f5es.<\/span><\/p>\n<\/div>\n<div>\n<p><span class=\"a_GcMg font-feature-liga-off font-feature-clig-off font-feature-calt-off text-decoration-none text-strikethrough-none\">\u00c9 muito importante esclarecer que a a\u00e7\u00e3o deste procedimento n\u00e3o precisa da credibilidade, f\u00e9 ou confian\u00e7a do indiv\u00edduo no procedimento, na ci\u00eancia, nas &#8220;for\u00e7as superiores&#8221;, ou no &#8220;amor&#8221;.<\/span><\/p>\n<\/div>\n<p><!--more--><br \/>\n<!-- {\"type\":\"layout\",\"children\":[{\"type\":\"section\",\"props\":{\"header_transparent\":true,\"header_transparent_noplaceholder\":true,\"header_transparent_text_color\":\"light\",\"image_position\":\"center-center\",\"padding_bottom\":\"none\",\"padding_top\":\"none\",\"preserve_color\":true,\"style\":\"default\",\"title_breakpoint\":\"xl\",\"title_position\":\"top-left\",\"title_rotation\":\"left\",\"vertical_align\":\"\",\"width\":\"\"},\"children\":[{\"type\":\"row\",\"props\":{\"height\":\"viewport\",\"height_viewport_offset\":true},\"children\":[{\"type\":\"column\",\"props\":{\"image\":\"wp-content\/uploads\/six.png\",\"image_position\":\"center-center\",\"image_size\":\"cover\",\"image_width\":\"2560\",\"padding\":\"none\",\"position_sticky\":\"section\",\"position_sticky_breakpoint\":\"\"}}]},{\"type\":\"row\",\"props\":{\"css\":\".el-row {\\n    position: relative;\\n    z-index: 1;\\n    margin-top: -100vh;\\n}\",\"height\":\"viewport\"},\"children\":[{\"type\":\"column\",\"props\":{\"image_position\":\"center-center\",\"position_sticky_breakpoint\":\"m\",\"text_color\":\"light\",\"vertical_align\":\"middle\"},\"children\":[{\"type\":\"image\",\"props\":{\"animation\":\"parallax\",\"block_align\":\"center\",\"image\":\"\",\"image_loading\":true,\"image_svg_color\":\"emphasis\",\"image_width\":99,\"margin_bottom\":\"small\",\"margin_top\":\"small\",\"maxwidth\":\"xlarge\",\"parallax_blur\":\"50\",\"parallax_opacity\":\"1,0,0\",\"parallax_scale\":\"0.5\",\"parallax_start\":\"55vh + 50%\",\"position\":\"relative\",\"position_z_index\":\"1\",\"text_align\":\"left\",\"text_align_breakpoint\":\"l\",\"text_align_fallback\":\"left\"}},{\"type\":\"headline\",\"props\":{\"animation\":\"parallax\",\"content\":\"TODOS\",\"image_align\":\"left\",\"image_margin\":\"xsmall\",\"margin_top\":\"remove\",\"parallax_opacity\":\"1,0,0\",\"parallax_scale\":\"0.5\",\"parallax_start\":\"55vh + 50%\",\"position\":\"relative\",\"position_z_index\":\"1\",\"text_align\":\"center\",\"title_color\":\"secondary\",\"title_element\":\"h1\",\"title_style\":\"heading-2xlarge\",\"visibility\":\"s\"}},{\"type\":\"headline\",\"props\":{\"animation\":\"parallax\",\"content\":\"Todos\",\"image_align\":\"left\",\"image_margin\":\"xsmall\",\"margin_top\":\"remove\",\"parallax_blur\":\"50\",\"parallax_opacity\":\"1,0,0\",\"parallax_scale\":\"0.5\",\"parallax_start\":\"50vh + 50%\",\"position\":\"relative\",\"position_z_index\":\"1\",\"text_align\":\"center\",\"title_element\":\"h1\",\"title_style\":\"heading-2xlarge\",\"visibility\":\"hidden-s\"}}]}]}],\"name\":\"Hero\"},{\"name\":\"01\",\"type\":\"section\",\"props\":{\"animation\":\"fade\",\"animation_delay\":\"200\",\"header_transparent\":true,\"header_transparent_noplaceholder\":true,\"header_transparent_text_color\":\"dark\",\"id\":\"01\",\"image_loading\":true,\"image_position\":\"center-center\",\"image_width\":\"1300\",\"padding_bottom\":\"xlarge\",\"padding_top\":\"large\",\"preserve_color\":true,\"style\":\"default\",\"title_breakpoint\":\"xl\",\"title_position\":\"top-left\",\"title_rotation\":\"left\",\"vertical_align\":\"\",\"width\":\"xsmall\"},\"children\":[{\"type\":\"row\",\"props\":{\"column_gap\":\"large\",\"row_gap\":\"large\"},\"children\":[{\"type\":\"column\",\"props\":{\"image_position\":\"center-center\",\"position_sticky_breakpoint\":\"m\"},\"children\":[{\"type\":\"headline\",\"props\":{\"block_align\":\"center\",\"content\":\"PARA TODOS\",\"id\":\"01\",\"image_align\":\"left\",\"image_margin\":\"xsmall\",\"margin_bottom\":\"default\",\"maxwidth\":\"2xlarge\",\"maxwidth_breakpoint\":\"m\",\"text_align\":\"left\",\"text_align_breakpoint\":\"m\",\"text_align_fallback\":\"left\",\"title_color\":\"warning\",\"title_element\":\"h1\",\"title_style\":\"heading-large\"},\"name\":\"01\"},{\"type\":\"text\",\"props\":{\"block_align\":\"center\",\"column_breakpoint\":\"m\",\"content\":\"\n\n<p><span class=\\\"a_GcMg font-feature-liga-off font-feature-clig-off font-feature-calt-off text-decoration-none text-strikethrough-none\\\">Humanista, filantr\u00f3pica e altru\u00edsta, esta \u00e9 uma possibilidade pronta para ser implementada, e auxiliar qualquer ser humano que procure bem-estar e crescimento. \u00c9 uma ativa\u00e7\u00e3o aplic\u00e1vel e ben\u00e9fica para qualquer pessoa, com qualquer transtorno de sa\u00fade ou desequil\u00edbrio, desde os mais simples at\u00e9 os mais avan\u00e7ados, os entendidos como cr\u00f4nicos, assim como os mais \\\"comuns\\\", como \\\"problemas do sono\\\", \\\"dores musculares\\\", \\\"ansiedade\\\", \\\"estresse\\\", \\\"depress\u00e3o\\\", \\\"fadiga\\\", \\\"cansa\u00e7o\\\" e \\\"esgotamento\\\".<\/span><span class=\\\"a_GcMg font-feature-liga-off font-feature-clig-off font-feature-calt-off text-decoration-none text-strikethrough-none white-space-prewrap\\\"> <\/span>\u00a0\u00abansiedad\u00bb, \u00abestr\u00e9s\u00bb, \u00abdepresi\u00f3n\u00bb, \u00abfatiga\u00bb, \u00abcansancio\u00bb y \u00abagotamiento\u00bb.<\/p>\n\n\",\"dropcap\":false,\"margin_bottom\":\"medium\",\"margin_top\":\"medium\",\"maxwidth_breakpoint\":\"m\",\"text_align\":\"left\",\"text_style\":\"lead\"}},{\"type\":\"text\",\"props\":{\"block_align\":\"center\",\"column_breakpoint\":\"m\",\"content\":\"\n\n<p><span class=\\\"a_GcMg font-feature-liga-off font-feature-clig-off font-feature-calt-off text-decoration-none text-strikethrough-none\\\">Mesmo assim, sua utiliza\u00e7\u00e3o n\u00e3o altera de nenhuma forma a natureza do corpo, n\u00e3o causando inc\u00f4modos de nenhum tipo. Nenhum procedimento invasivo \u00e9 efetuado e n\u00e3o h\u00e1 contraindica\u00e7\u00f5es.<\/span><\/p>\n\n\",\"dropcap\":false,\"margin_bottom\":\"medium\",\"margin_top\":\"medium\",\"maxwidth_breakpoint\":\"m\",\"text_align\":\"left\",\"text_style\":\"lead\"}},{\"type\":\"text\",\"props\":{\"block_align\":\"center\",\"column_breakpoint\":\"m\",\"content\":\"\n\n<p><span class=\\\"a_GcMg font-feature-liga-off font-feature-clig-off font-feature-calt-off text-decoration-none text-strikethrough-none\\\">\u00c9 muito importante esclarecer que a a\u00e7\u00e3o deste procedimento n\u00e3o precisa da credibilidade, f\u00e9 ou confian\u00e7a do indiv\u00edduo no procedimento, na ci\u00eancia, nas \\\"for\u00e7as superiores\\\", ou no \\\"amor\\\".<\/span><\/p>\n\n\",\"dropcap\":false,\"margin_bottom\":\"medium\",\"margin_top\":\"medium\",\"maxwidth_breakpoint\":\"m\",\"text_align\":\"left\",\"text_style\":\"lead\"}}]}]}]}],\"version\":\"5.0.19\"} --><\/p>\n","protected":false},"excerpt":{"rendered":"<p>TODOS Todos PARA TODOS Humanista, filantr\u00f3pica e altru\u00edsta, esta \u00e9 uma possibilidade pronta para ser implementada, e auxiliar qualquer ser humano que procure bem-estar e crescimento. \u00c9 uma ativa\u00e7\u00e3o aplic\u00e1vel e ben\u00e9fica para qualquer pessoa, com qualquer transtorno de sa\u00fade ou desequil\u00edbrio, desde os mais simples at\u00e9 os mais avan\u00e7ados, os entendidos como cr\u00f4nicos, assim [&hellip;]<\/p>\n","protected":false},"author":1,"featured_media":0,"parent":0,"menu_order":0,"comment_status":"closed","ping_status":"closed","template":"","meta":{"_themeisle_gutenberg_block_has_review":false,"footnotes":""},"class_list":["post-3488","page","type-page","status-publish","hentry"],"_links":{"self":[{"href":"https:\/\/lightlifesystem.com\/index.php?rest_route=\/wp\/v2\/pages\/3488","targetHints":{"allow":["GET"]}}],"collection":[{"href":"https:\/\/lightlifesystem.com\/index.php?rest_route=\/wp\/v2\/pages"}],"about":[{"href":"https:\/\/lightlifesystem.com\/index.php?rest_route=\/wp\/v2\/types\/page"}],"author":[{"embeddable":true,"href":"https:\/\/lightlifesystem.com\/index.php?rest_route=\/wp\/v2\/users\/1"}],"replies":[{"embeddable":true,"href":"https:\/\/lightlifesystem.com\/index.php?rest_route=%2Fwp%2Fv2%2Fcomments&post=3488"}],"version-history":[{"count":6,"href":"https:\/\/lightlifesystem.com\/index.php?rest_route=\/wp\/v2\/pages\/3488\/revisions"}],"predecessor-version":[{"id":4115,"href":"https:\/\/lightlifesystem.com\/index.php?rest_route=\/wp\/v2\/pages\/3488\/revisions\/4115"}],"wp:attachment":[{"href":"https:\/\/lightlifesystem.com\/index.php?rest_route=%2Fwp%2Fv2%2Fmedia&parent=3488"}],"curies":[{"name":"wp","href":"https:\/\/api.w.org\/{rel}","templated":true}]}}