{"id":3484,"date":"2026-03-01T22:04:33","date_gmt":"2026-03-01T22:04:33","guid":{"rendered":"https:\/\/lightlifesystem.medecine-empirique.org\/?page_id=3484"},"modified":"2026-03-26T23:28:36","modified_gmt":"2026-03-26T23:28:36","slug":"sem-contraindicacoes","status":"publish","type":"page","link":"https:\/\/lightlifesystem.com\/?page_id=3484&lang=pt","title":{"rendered":"Sem contraindicaco\u0303es"},"content":{"rendered":"<h1>System<\/h1>\n<h1>System<\/h1>\n<h1><span class=\"a_GcMg font-feature-liga-off font-feature-clig-off font-feature-calt-off text-decoration-none text-strikethrough-none\">SEM CONTRAINDICA\u00c7\u00d5ES<\/span><\/h1>\n<div>\n<p><span class=\"a_GcMg font-feature-liga-off font-feature-clig-off font-feature-calt-off text-decoration-none text-strikethrough-none\">O uso do equipamento carece de total contraindica\u00e7\u00e3o pelos seguintes motivos:.<\/span><\/p>\n<\/div>\n<ul>\n<li>\n<h3>I.<\/h3>\n<div>\n<p>N\u00e3o altera nem anula nenhum tipo de tratamento que se est\u00e9 realizando, sumando mais beneficios aos que estes podem aportar.<\/p>\n<\/div>\n<\/li>\n<li>\n<h3>II.<\/h3>\n<div>\n<p>Est\u00e1 completamente livre do uso de radia\u00e7\u00f5es luminosas ou procedentes da luz, sem interven\u00e7\u00e3o de nenhuma sust\u00e2ncia luminiscente que irrad\u00ede foto\u1ebds.<\/p>\n<\/div>\n<\/li>\n<li>\n<h3>III.<\/h3>\n<div>\n<p>N\u00e3o emite nenum tipo de calor nem vapor, ja que funciona sem nenhum de estes el\u00eamentos.<\/p>\n<\/div>\n<\/li>\n<li>\n<h3>IV.<\/h3>\n<div>\n<p>N\u00e3o utiliza nenhum tipo de magnetismo nem eletromagnetismo, pelo que a exist\u00ean\u00e7a de ondas eletromagn\u00e9ticas, magn\u00e9ticas ou est\u00e1ticas \u00e9 absolutamente nula.<\/p>\n<\/div>\n<\/li>\n<li>\n<h3>V.<\/h3>\n<div>\n<p>N\u00e3o utiliza eletricidade (para realizar suas fun\u00e7\u00f5es, prescinde totalmente da energia el\u00e9trica e\/ou est\u00e1tica).<\/p>\n<\/div>\n<\/li>\n<li>\n<h3>VI.<\/h3>\n<div>\n<p>N\u00e3o irradia nenhuma onda de luz, nem de som, nem de ultrassom, de nenhum tipo de frequ\u00eancia.<\/p>\n<\/div>\n<\/li>\n<\/ul>\n<p><!--more--><br \/>\n<!-- {\"type\":\"layout\",\"children\":[{\"type\":\"section\",\"props\":{\"header_transparent\":true,\"header_transparent_noplaceholder\":true,\"header_transparent_text_color\":\"light\",\"image_position\":\"center-center\",\"padding_bottom\":\"none\",\"padding_top\":\"none\",\"preserve_color\":true,\"style\":\"default\",\"title_breakpoint\":\"xl\",\"title_position\":\"top-left\",\"title_rotation\":\"left\",\"vertical_align\":\"\",\"width\":\"\"},\"children\":[{\"type\":\"row\",\"props\":{\"height\":\"viewport\",\"height_viewport_offset\":true},\"children\":[{\"type\":\"column\",\"props\":{\"image_position\":\"center-center\",\"image_size\":\"cover\",\"image_width\":\"2560\",\"padding\":\"none\",\"position_sticky\":\"section\",\"position_sticky_breakpoint\":\"\",\"video\":\"wp-content\/uploads\/yootheme\/3.mp4\"}}]},{\"type\":\"row\",\"props\":{\"css\":\".el-row {\\n    position: relative;\\n    z-index: 1;\\n    margin-top: -100vh;\\n}\",\"height\":\"viewport\"},\"children\":[{\"type\":\"column\",\"props\":{\"image_position\":\"center-center\",\"position_sticky_breakpoint\":\"m\",\"text_color\":\"light\",\"vertical_align\":\"middle\"},\"children\":[{\"type\":\"image\",\"props\":{\"animation\":\"parallax\",\"block_align\":\"center\",\"image\":\"\",\"image_loading\":true,\"image_svg_color\":\"emphasis\",\"image_width\":99,\"margin_bottom\":\"small\",\"margin_top\":\"small\",\"maxwidth\":\"xlarge\",\"parallax_blur\":\"50\",\"parallax_opacity\":\"1,0,0\",\"parallax_scale\":\"0.5\",\"parallax_start\":\"55vh + 50%\",\"position\":\"relative\",\"position_z_index\":\"1\",\"text_align\":\"left\",\"text_align_breakpoint\":\"l\",\"text_align_fallback\":\"left\"}},{\"type\":\"headline\",\"props\":{\"animation\":\"parallax\",\"content\":\"System\",\"image_align\":\"left\",\"image_margin\":\"xsmall\",\"margin_top\":\"remove\",\"parallax_opacity\":\"1,0,0\",\"parallax_scale\":\"0.5\",\"parallax_start\":\"55vh + 50%\",\"position\":\"relative\",\"position_z_index\":\"1\",\"text_align\":\"center\",\"title_color\":\"secondary\",\"title_element\":\"h1\",\"title_style\":\"heading-2xlarge\",\"visibility\":\"s\"}},{\"type\":\"headline\",\"props\":{\"animation\":\"parallax\",\"content\":\"\",\"image_align\":\"left\",\"image_margin\":\"xsmall\",\"margin_top\":\"remove\",\"parallax_opacity\":\"1,0,0\",\"parallax_scale\":\"0.5\",\"parallax_start\":\"55vh + 50%\",\"position\":\"relative\",\"position_z_index\":\"1\",\"text_align\":\"center\",\"title_color\":\"secondary\",\"title_element\":\"h1\",\"title_style\":\"heading-small\",\"visibility\":\"s\"}},{\"type\":\"headline\",\"props\":{\"animation\":\"parallax\",\"content\":\"System\",\"image_align\":\"left\",\"image_margin\":\"xsmall\",\"margin_top\":\"remove\",\"parallax_blur\":\"50\",\"parallax_opacity\":\"1,0,0\",\"parallax_scale\":\"0.5\",\"parallax_start\":\"50vh + 50%\",\"position\":\"relative\",\"position_z_index\":\"1\",\"text_align\":\"center\",\"title_element\":\"h1\",\"title_style\":\"heading-2xlarge\",\"visibility\":\"hidden-s\"}}]}]}],\"name\":\"Hero\"},{\"name\":\"01\",\"type\":\"section\",\"props\":{\"animation\":\"fade\",\"animation_delay\":\"200\",\"header_transparent\":true,\"header_transparent_noplaceholder\":true,\"header_transparent_text_color\":\"dark\",\"id\":\"01\",\"image_loading\":true,\"image_position\":\"center-center\",\"image_width\":\"1300\",\"padding_bottom\":\"xlarge\",\"padding_top\":\"large\",\"preserve_color\":true,\"style\":\"default\",\"title_breakpoint\":\"xl\",\"title_position\":\"top-left\",\"title_rotation\":\"left\",\"vertical_align\":\"\",\"width\":\"small\"},\"children\":[{\"type\":\"row\",\"props\":{\"column_gap\":\"large\",\"row_gap\":\"large\"},\"children\":[{\"type\":\"column\",\"props\":{\"image_position\":\"center-center\",\"position_sticky_breakpoint\":\"m\"},\"children\":[{\"type\":\"headline\",\"props\":{\"content\":\"<span class=\\\"a_GcMg font-feature-liga-off font-feature-clig-off font-feature-calt-off text-decoration-none text-strikethrough-none\\\">SEM CONTRAINDICA\u00c7\u00d5ES<\/span>\",\"id\":\"01\",\"image_align\":\"left\",\"image_margin\":\"xsmall\",\"margin_bottom\":\"default\",\"maxwidth\":\"xlarge\",\"maxwidth_breakpoint\":\"m\",\"text_align\":\"left\",\"text_align_breakpoint\":\"m\",\"text_align_fallback\":\"left\",\"title_color\":\"warning\",\"title_element\":\"h1\",\"title_style\":\"heading-large\"},\"name\":\"01\"},{\"type\":\"text\",\"props\":{\"block_align\":\"center\",\"column_breakpoint\":\"m\",\"content\":\"\n\n<p><span class=\\\"a_GcMg font-feature-liga-off font-feature-clig-off font-feature-calt-off text-decoration-none text-strikethrough-none\\\">O uso do equipamento carece de total contraindica\u00e7\u00e3o pelos seguintes motivos:.<\/span><\/p>\n\n\",\"dropcap\":false,\"margin_bottom\":\"medium\",\"margin_top\":\"medium\",\"maxwidth_breakpoint\":\"m\",\"text_align\":\"left\",\"text_style\":\"lead\"}},{\"name\":\"Grid Parallax\",\"type\":\"grid\",\"children\":[{\"type\":\"grid_item\",\"props\":{\"content\":\"\n\n<p>N\u00e3o altera nem anula nenhum tipo de tratamento que se est\u00e9 realizando, sumando mais beneficios aos que estes podem aportar.<\/p>\n\n\",\"image\":\"\",\"title\":\"I.\"}},{\"type\":\"grid_item\",\"props\":{\"content\":\"\n\n<p>Est\u00e1 completamente livre do uso de radia\u00e7\u00f5es luminosas ou procedentes da luz, sem interven\u00e7\u00e3o de nenhuma sust\u00e2ncia luminiscente que irrad\u00ede foto\u1ebds.<\/p>\n\n\",\"image\":\"\",\"title\":\"II.\"}},{\"type\":\"grid_item\",\"props\":{\"content\":\"\n\n<p>N\u00e3o emite nenum tipo de calor nem vapor, ja que funciona sem nenhum de estes el\u00eamentos.<\/p>\n\n\",\"image\":\"\",\"title\":\"III.\"}},{\"type\":\"grid_item\",\"props\":{\"content\":\"\n\n<p>N\u00e3o utiliza nenhum tipo de magnetismo nem eletromagnetismo, pelo que a exist\u00ean\u00e7a de ondas eletromagn\u00e9ticas, magn\u00e9ticas ou est\u00e1ticas \u00e9 absolutamente nula.<\/p>\n\n\",\"image\":\"\",\"title\":\"IV.\"}},{\"type\":\"grid_item\",\"props\":{\"content\":\"\n\n<p>N\u00e3o utiliza eletricidade (para realizar suas fun\u00e7\u00f5es, prescinde totalmente da energia el\u00e9trica e\/ou est\u00e1tica).<\/p>\n\n\",\"image\":\"\",\"title\":\"V.\"}},{\"type\":\"grid_item\",\"props\":{\"content\":\"\n\n<p>N\u00e3o irradia nenhuma onda de luz, nem de som, nem de ultrassom, de nenhum tipo de frequ\u00eancia.<\/p>\n\n\",\"image\":\"\",\"title\":\"VI.\"}}],\"props\":{\"content_column_breakpoint\":\"m\",\"content_style\":\"text-lead\",\"filter_align\":\"left\",\"filter_all\":true,\"filter_grid_breakpoint\":\"m\",\"filter_grid_width\":\"auto\",\"filter_position\":\"top\",\"filter_style\":\"tab\",\"grid_column_align\":false,\"grid_default\":\"1\",\"grid_divider\":true,\"grid_medium\":\"2\",\"grid_small\":\"2\",\"image_align\":\"top\",\"image_grid_breakpoint\":\"m\",\"image_grid_width\":\"1-2\",\"image_height\":\"50\",\"image_svg_animate\":false,\"image_svg_color\":\"primary\",\"image_svg_inline\":true,\"image_width\":\"50\",\"item_animation\":true,\"lightbox_bg_close\":true,\"link_style\":\"text\",\"link_text\":\"Read more\",\"margin_bottom\":\"default\",\"margin_top\":\"default\",\"meta_align\":\"below-title\",\"meta_element\":\"div\",\"meta_style\":\"text-lead\",\"panel_padding\":\"default\",\"parallax_breakpoint\":\"m\",\"parallax_easing\":\"1\",\"show_content\":true,\"show_hover_image\":true,\"show_hover_video\":true,\"show_image\":true,\"show_link\":true,\"show_meta\":true,\"show_title\":true,\"show_video\":true,\"text_align\":\"left\",\"text_align_breakpoint\":\"s\",\"text_align_fallback\":\"left\",\"title_align\":\"top\",\"title_color\":\"secondary\",\"title_element\":\"h3\",\"title_grid_breakpoint\":\"m\",\"title_grid_width\":\"1-2\",\"title_hover_style\":\"reset\",\"title_style\":\"h3\"}}]}]}]}],\"version\":\"5.0.19\"} --><\/p>\n","protected":false},"excerpt":{"rendered":"<p>System System SEM CONTRAINDICA\u00c7\u00d5ES O uso do equipamento carece de total contraindica\u00e7\u00e3o pelos seguintes motivos:. I. N\u00e3o altera nem anula nenhum tipo de tratamento que se est\u00e9 realizando, sumando mais beneficios aos que estes podem aportar. II. Est\u00e1 completamente livre do uso de radia\u00e7\u00f5es luminosas ou procedentes da luz, sem interven\u00e7\u00e3o de nenhuma sust\u00e2ncia luminiscente [&hellip;]<\/p>\n","protected":false},"author":1,"featured_media":0,"parent":0,"menu_order":0,"comment_status":"closed","ping_status":"closed","template":"","meta":{"_themeisle_gutenberg_block_has_review":false,"footnotes":""},"class_list":["post-3484","page","type-page","status-publish","hentry"],"_links":{"self":[{"href":"https:\/\/lightlifesystem.com\/index.php?rest_route=\/wp\/v2\/pages\/3484","targetHints":{"allow":["GET"]}}],"collection":[{"href":"https:\/\/lightlifesystem.com\/index.php?rest_route=\/wp\/v2\/pages"}],"about":[{"href":"https:\/\/lightlifesystem.com\/index.php?rest_route=\/wp\/v2\/types\/page"}],"author":[{"embeddable":true,"href":"https:\/\/lightlifesystem.com\/index.php?rest_route=\/wp\/v2\/users\/1"}],"replies":[{"embeddable":true,"href":"https:\/\/lightlifesystem.com\/index.php?rest_route=%2Fwp%2Fv2%2Fcomments&post=3484"}],"version-history":[{"count":12,"href":"https:\/\/lightlifesystem.com\/index.php?rest_route=\/wp\/v2\/pages\/3484\/revisions"}],"predecessor-version":[{"id":3810,"href":"https:\/\/lightlifesystem.com\/index.php?rest_route=\/wp\/v2\/pages\/3484\/revisions\/3810"}],"wp:attachment":[{"href":"https:\/\/lightlifesystem.com\/index.php?rest_route=%2Fwp%2Fv2%2Fmedia&parent=3484"}],"curies":[{"name":"wp","href":"https:\/\/api.w.org\/{rel}","templated":true}]}}