{"id":3479,"date":"2026-03-01T22:02:00","date_gmt":"2026-03-01T22:02:00","guid":{"rendered":"https:\/\/lightlifesystem.medecine-empirique.org\/?page_id=3479"},"modified":"2026-04-03T13:17:43","modified_gmt":"2026-04-03T13:17:43","slug":"que-fazemos-e-como-o-fazemos","status":"publish","type":"page","link":"https:\/\/lightlifesystem.com\/?page_id=3479&lang=pt","title":{"rendered":"Que fazemos e co\u0301mo o fazemos"},"content":{"rendered":"<h1>equil\u00edbrio<br \/>\n<\/h1>\n<h1>equil\u00edbrio<br \/>\n<\/h1>\n<h1>O QUE FAZEMOS E COMO O FAZEMOS<\/h1>\n<div>Atualmente, oferecemos servi\u00e7os de tratamento individual, realizados \u00e0 dist\u00e2ncia. A pessoa pode estar em qualquer parte do mundo, pois o trabalho n\u00e3o depende da presen\u00e7a f\u00edsica, mas da conex\u00e3o com planos superiores.\n<\/div>\n<div>Esses tratamentos buscam ajudar as pessoas em v\u00e1rios n\u00edveis: f\u00edsico, psicol\u00f3gico, espiritual e transcendental, favorecendo processos de cura, clareza interior e reconex\u00e3o com o seu pr\u00f3prio ser.<\/div>\n<div>Para que este trabalho seja poss\u00edvel e sustent\u00e1vel, cobramos pelos nossos servi\u00e7os. Esta contribui\u00e7\u00e3o n\u00e3o s\u00f3 permite a continuidade dos tratamentos individuais, mas tamb\u00e9m tem um prop\u00f3sito maior: instalar portais dimensionais em diferentes cidades e pa\u00edses, ampliando o acesso a este plano de abund\u00e2ncia e equil\u00edbrio para comunidades inteiras.<\/div>\n<p><!--more--><br \/>\n<!-- {\"type\":\"layout\",\"children\":[{\"type\":\"section\",\"props\":{\"header_transparent\":true,\"header_transparent_noplaceholder\":true,\"header_transparent_text_color\":\"light\",\"image_position\":\"center-center\",\"padding_bottom\":\"none\",\"padding_top\":\"none\",\"preserve_color\":true,\"style\":\"default\",\"title_breakpoint\":\"xl\",\"title_position\":\"top-left\",\"title_rotation\":\"left\",\"vertical_align\":\"\",\"width\":\"\"},\"children\":[{\"type\":\"row\",\"props\":{\"height\":\"viewport\",\"height_viewport_offset\":true},\"children\":[{\"type\":\"column\",\"props\":{\"image\":\"wp-content\/uploads\/two.png\",\"image_position\":\"center-center\",\"image_size\":\"cover\",\"image_width\":\"2560\",\"padding\":\"none\",\"position_sticky\":\"section\",\"position_sticky_breakpoint\":\"\"}}]},{\"type\":\"row\",\"props\":{\"css\":\".el-row {\\n    position: relative;\\n    z-index: 1;\\n    margin-top: -100vh;\\n}\",\"height\":\"viewport\"},\"children\":[{\"type\":\"column\",\"props\":{\"image_position\":\"center-center\",\"position_sticky_breakpoint\":\"m\",\"text_color\":\"light\",\"vertical_align\":\"middle\"},\"children\":[{\"type\":\"image\",\"props\":{\"animation\":\"parallax\",\"block_align\":\"center\",\"image\":\"\",\"image_loading\":true,\"image_svg_color\":\"emphasis\",\"image_width\":99,\"margin_bottom\":\"small\",\"margin_top\":\"small\",\"maxwidth\":\"xlarge\",\"parallax_blur\":\"50\",\"parallax_opacity\":\"1,0,0\",\"parallax_scale\":\"0.5\",\"parallax_start\":\"55vh + 50%\",\"position\":\"relative\",\"position_z_index\":\"1\",\"text_align\":\"left\",\"text_align_breakpoint\":\"l\",\"text_align_fallback\":\"left\"}},{\"type\":\"headline\",\"props\":{\"animation\":\"parallax\",\"content\":\"equil\u00edbrio\\n\",\"image_align\":\"left\",\"image_margin\":\"xsmall\",\"margin_top\":\"remove\",\"parallax_opacity\":\"1,0,0\",\"parallax_scale\":\"0.5\",\"parallax_start\":\"55vh + 50%\",\"position\":\"relative\",\"position_z_index\":\"1\",\"text_align\":\"center\",\"title_color\":\"secondary\",\"title_element\":\"h1\",\"title_style\":\"heading-2xlarge\",\"visibility\":\"s\"}},{\"type\":\"headline\",\"props\":{\"animation\":\"parallax\",\"content\":\"equil\u00edbrio\\n\",\"image_align\":\"left\",\"image_margin\":\"xsmall\",\"margin_top\":\"remove\",\"parallax_blur\":\"50\",\"parallax_opacity\":\"1,0,0\",\"parallax_scale\":\"0.5\",\"parallax_start\":\"50vh + 50%\",\"position\":\"relative\",\"position_z_index\":\"1\",\"text_align\":\"center\",\"title_element\":\"h1\",\"title_style\":\"heading-2xlarge\",\"visibility\":\"hidden-s\"}}]}]}],\"name\":\"Hero\"},{\"name\":\"01\",\"type\":\"section\",\"props\":{\"animation\":\"fade\",\"animation_delay\":\"200\",\"header_transparent\":true,\"header_transparent_noplaceholder\":true,\"header_transparent_text_color\":\"dark\",\"id\":\"01\",\"image_loading\":true,\"image_position\":\"center-center\",\"image_width\":\"1300\",\"padding_bottom\":\"xlarge\",\"padding_top\":\"large\",\"preserve_color\":true,\"style\":\"default\",\"title_breakpoint\":\"xl\",\"title_position\":\"top-left\",\"title_rotation\":\"left\",\"vertical_align\":\"\",\"width\":\"xsmall\"},\"children\":[{\"type\":\"row\",\"props\":{\"column_gap\":\"large\",\"row_gap\":\"large\"},\"children\":[{\"type\":\"column\",\"props\":{\"image_position\":\"center-center\",\"position_sticky_breakpoint\":\"m\"},\"children\":[{\"type\":\"headline\",\"props\":{\"block_align\":\"center\",\"content\":\"O QUE FAZEMOS E COMO O FAZEMOS\",\"id\":\"01\",\"image_align\":\"left\",\"image_margin\":\"xsmall\",\"margin_bottom\":\"default\",\"maxwidth\":\"2xlarge\",\"maxwidth_breakpoint\":\"m\",\"text_align\":\"left\",\"text_align_breakpoint\":\"m\",\"text_align_fallback\":\"left\",\"title_color\":\"warning\",\"title_element\":\"h1\",\"title_style\":\"heading-large\"},\"name\":\"01\"},{\"type\":\"text\",\"props\":{\"block_align\":\"center\",\"column_breakpoint\":\"m\",\"content\":\"Atualmente, oferecemos servi\u00e7os de tratamento individual, realizados \u00e0 dist\u00e2ncia. A pessoa pode estar em qualquer parte do mundo, pois o trabalho n\u00e3o depende da presen\u00e7a f\u00edsica, mas da conex\u00e3o com planos superiores.\\n\",\"dropcap\":false,\"margin_bottom\":\"small\",\"margin_top\":\"small\",\"maxwidth_breakpoint\":\"m\",\"text_align\":\"left\",\"text_style\":\"lead\"}},{\"type\":\"text\",\"props\":{\"block_align\":\"center\",\"column_breakpoint\":\"m\",\"content\":\"Esses tratamentos buscam ajudar as pessoas em v\u00e1rios n\u00edveis: f\u00edsico, psicol\u00f3gico, espiritual e transcendental, favorecendo processos de cura, clareza interior e reconex\u00e3o com o seu pr\u00f3prio ser.\",\"dropcap\":false,\"margin_bottom\":\"default\",\"margin_top\":\"xsmall\",\"maxwidth_breakpoint\":\"m\",\"text_align\":\"left\",\"text_style\":\"lead\"}},{\"type\":\"text\",\"props\":{\"block_align\":\"center\",\"column_breakpoint\":\"m\",\"content\":\"Para que este trabalho seja poss\u00edvel e sustent\u00e1vel, cobramos pelos nossos servi\u00e7os. Esta contribui\u00e7\u00e3o n\u00e3o s\u00f3 permite a continuidade dos tratamentos individuais, mas tamb\u00e9m tem um prop\u00f3sito maior: instalar portais dimensionais em diferentes cidades e pa\u00edses, ampliando o acesso a este plano de abund\u00e2ncia e equil\u00edbrio para comunidades inteiras.\",\"dropcap\":false,\"margin_bottom\":\"default\",\"margin_top\":\"xsmall\",\"maxwidth_breakpoint\":\"m\",\"text_align\":\"left\",\"text_style\":\"lead\"}}]}]}]}],\"version\":\"5.0.19\"} --><\/p>\n","protected":false},"excerpt":{"rendered":"<p>equil\u00edbrio equil\u00edbrio O QUE FAZEMOS E COMO O FAZEMOS Atualmente, oferecemos servi\u00e7os de tratamento individual, realizados \u00e0 dist\u00e2ncia. A pessoa pode estar em qualquer parte do mundo, pois o trabalho n\u00e3o depende da presen\u00e7a f\u00edsica, mas da conex\u00e3o com planos superiores. Esses tratamentos buscam ajudar as pessoas em v\u00e1rios n\u00edveis: f\u00edsico, psicol\u00f3gico, espiritual e transcendental, [&hellip;]<\/p>\n","protected":false},"author":1,"featured_media":0,"parent":0,"menu_order":0,"comment_status":"closed","ping_status":"closed","template":"","meta":{"_themeisle_gutenberg_block_has_review":false,"footnotes":""},"class_list":["post-3479","page","type-page","status-publish","hentry"],"_links":{"self":[{"href":"https:\/\/lightlifesystem.com\/index.php?rest_route=\/wp\/v2\/pages\/3479","targetHints":{"allow":["GET"]}}],"collection":[{"href":"https:\/\/lightlifesystem.com\/index.php?rest_route=\/wp\/v2\/pages"}],"about":[{"href":"https:\/\/lightlifesystem.com\/index.php?rest_route=\/wp\/v2\/types\/page"}],"author":[{"embeddable":true,"href":"https:\/\/lightlifesystem.com\/index.php?rest_route=\/wp\/v2\/users\/1"}],"replies":[{"embeddable":true,"href":"https:\/\/lightlifesystem.com\/index.php?rest_route=%2Fwp%2Fv2%2Fcomments&post=3479"}],"version-history":[{"count":5,"href":"https:\/\/lightlifesystem.com\/index.php?rest_route=\/wp\/v2\/pages\/3479\/revisions"}],"predecessor-version":[{"id":4093,"href":"https:\/\/lightlifesystem.com\/index.php?rest_route=\/wp\/v2\/pages\/3479\/revisions\/4093"}],"wp:attachment":[{"href":"https:\/\/lightlifesystem.com\/index.php?rest_route=%2Fwp%2Fv2%2Fmedia&parent=3479"}],"curies":[{"name":"wp","href":"https:\/\/api.w.org\/{rel}","templated":true}]}}