{"id":3477,"date":"2026-03-01T22:01:18","date_gmt":"2026-03-01T22:01:18","guid":{"rendered":"https:\/\/lightlifesystem.medecine-empirique.org\/?page_id=3477"},"modified":"2026-04-03T13:14:35","modified_gmt":"2026-04-03T13:14:35","slug":"sistema-de-terapia-quantica-y-bioenergetica","status":"publish","type":"page","link":"https:\/\/lightlifesystem.com\/?page_id=3477&lang=pt","title":{"rendered":"Sistema de terapia qu\u00e2ntica y bioenerg\u00e9tica"},"content":{"rendered":"<h1>LIGHT LIFE<\/h1>\n<h1>LIGHT LIFE<\/h1>\n<h1>Sistema de terapia qu\u00e2ntica y bioenerg\u00e9tica<\/p>\n<\/h1>\n<div>Existe hoje a possibilidade de ter acesso como nunca antes a esta BIOENERGIA, e de auxiliar o ser integral, para ser fortalecido, ter a for\u00e7a para se restabelecer e a vontade de crescer e evoluir onde precisar. O ser humano se transforma numa potente antena receptora durante o tempo de acesso a essa energia, desencadeando, assim, as atividades do processo curativo do seu organismo.<\/div>\n<div>Desse modo, os processos fisiol\u00f3gicos naturais que o pr\u00f3prio corpo gera para se equilibrar s\u00e3o ativados instantaneamente atrav\u00e9s da Bioenergia, sem causar nenhum desconforto, resultando assim num estado de descanso e reequil\u00edbrio, ligando o ser humano a um campo de for\u00e7a de energias superiores.<\/div>\n<div>\n<p>Esclarecemos tamb\u00e9m que o termo QU\u00c2NTICO aqui utilizado n\u00e3o faz refer\u00eancia a F\u00cdSICA QU\u00c2NTICA, mas ao conceito Cient\u00edfico QUANTUM, que se encontra em Todo lugar.<\/p>\n<\/div>\n<p><!--more--><br \/>\n<!-- {\"type\":\"layout\",\"children\":[{\"type\":\"section\",\"props\":{\"header_transparent\":true,\"header_transparent_noplaceholder\":true,\"header_transparent_text_color\":\"light\",\"image_position\":\"center-center\",\"padding_bottom\":\"none\",\"padding_top\":\"none\",\"preserve_color\":true,\"style\":\"default\",\"title_breakpoint\":\"xl\",\"title_position\":\"top-left\",\"title_rotation\":\"left\",\"vertical_align\":\"\",\"width\":\"\"},\"children\":[{\"type\":\"row\",\"props\":{\"height\":\"viewport\",\"height_viewport_offset\":true},\"children\":[{\"type\":\"column\",\"props\":{\"image\":\"wp-content\/uploads\/three.png\",\"image_position\":\"center-center\",\"image_size\":\"cover\",\"image_width\":\"2560\",\"padding\":\"none\",\"position_sticky\":\"section\",\"position_sticky_breakpoint\":\"\"}}]},{\"type\":\"row\",\"props\":{\"css\":\".el-row {\\n    position: relative;\\n    z-index: 1;\\n    margin-top: -100vh;\\n}\",\"height\":\"viewport\"},\"children\":[{\"type\":\"column\",\"props\":{\"image_position\":\"center-center\",\"position_sticky_breakpoint\":\"m\",\"text_color\":\"light\",\"vertical_align\":\"middle\"},\"children\":[{\"type\":\"image\",\"props\":{\"animation\":\"parallax\",\"block_align\":\"center\",\"image\":\"\",\"image_loading\":true,\"image_svg_color\":\"emphasis\",\"image_width\":99,\"margin_bottom\":\"small\",\"margin_top\":\"small\",\"maxwidth\":\"xlarge\",\"parallax_blur\":\"50\",\"parallax_opacity\":\"1,0,0\",\"parallax_scale\":\"0.5\",\"parallax_start\":\"55vh + 50%\",\"position\":\"relative\",\"position_z_index\":\"1\",\"text_align\":\"left\",\"text_align_breakpoint\":\"l\",\"text_align_fallback\":\"left\"}},{\"type\":\"headline\",\"props\":{\"animation\":\"parallax\",\"content\":\"LIGHT LIFE\",\"image_align\":\"left\",\"image_margin\":\"xsmall\",\"margin_top\":\"remove\",\"parallax_opacity\":\"1,0,0\",\"parallax_scale\":\"0.5\",\"parallax_start\":\"55vh + 50%\",\"position\":\"relative\",\"position_z_index\":\"1\",\"text_align\":\"center\",\"title_color\":\"secondary\",\"title_element\":\"h1\",\"title_style\":\"heading-2xlarge\",\"visibility\":\"s\"}},{\"type\":\"headline\",\"props\":{\"animation\":\"parallax\",\"content\":\"LIGHT LIFE\",\"image_align\":\"left\",\"image_margin\":\"xsmall\",\"margin_top\":\"remove\",\"parallax_blur\":\"50\",\"parallax_opacity\":\"1,0,0\",\"parallax_scale\":\"0.5\",\"parallax_start\":\"50vh + 50%\",\"position\":\"relative\",\"position_z_index\":\"1\",\"text_align\":\"center\",\"title_element\":\"h1\",\"title_style\":\"heading-2xlarge\",\"visibility\":\"hidden-s\"}}]}]}],\"name\":\"Hero\"},{\"name\":\"01\",\"type\":\"section\",\"props\":{\"animation\":\"fade\",\"animation_delay\":\"200\",\"header_transparent\":true,\"header_transparent_noplaceholder\":true,\"header_transparent_text_color\":\"dark\",\"id\":\"01\",\"image_loading\":true,\"image_position\":\"center-center\",\"image_width\":\"1300\",\"padding_bottom\":\"xlarge\",\"padding_top\":\"large\",\"preserve_color\":true,\"style\":\"default\",\"title_breakpoint\":\"xl\",\"title_position\":\"top-left\",\"title_rotation\":\"left\",\"vertical_align\":\"\",\"width\":\"xsmall\"},\"children\":[{\"type\":\"row\",\"props\":{\"column_gap\":\"large\",\"row_gap\":\"large\"},\"children\":[{\"type\":\"column\",\"props\":{\"image_position\":\"center-center\",\"position_sticky_breakpoint\":\"m\"},\"children\":[{\"type\":\"headline\",\"props\":{\"block_align\":\"center\",\"content\":\"Sistema de terapia qu\u00e2ntica y bioenerg\u00e9tica\\n\\n\\n\",\"id\":\"01\",\"image_align\":\"left\",\"image_margin\":\"xsmall\",\"margin_bottom\":\"default\",\"maxwidth\":\"2xlarge\",\"maxwidth_breakpoint\":\"m\",\"text_align\":\"left\",\"text_align_breakpoint\":\"m\",\"text_align_fallback\":\"left\",\"title_color\":\"warning\",\"title_element\":\"h1\",\"title_style\":\"heading-large\"},\"name\":\"01\"},{\"type\":\"text\",\"props\":{\"block_align\":\"center\",\"column_breakpoint\":\"m\",\"content\":\"Existe hoje a possibilidade de ter acesso como nunca antes a esta BIOENERGIA, e de auxiliar o ser integral, para ser fortalecido, ter a for\u00e7a para se restabelecer e a vontade de crescer e evoluir onde precisar. O ser humano se transforma numa potente antena receptora durante o tempo de acesso a essa energia, desencadeando, assim, as atividades do processo curativo do seu organismo.\",\"dropcap\":false,\"margin_bottom\":\"medium\",\"margin_top\":\"medium\",\"maxwidth_breakpoint\":\"m\",\"text_align\":\"left\",\"text_style\":\"lead\"}},{\"type\":\"text\",\"props\":{\"block_align\":\"center\",\"column_breakpoint\":\"m\",\"content\":\"Desse modo, os processos fisiol\u00f3gicos naturais que o pr\u00f3prio corpo gera para se equilibrar s\u00e3o ativados instantaneamente atrav\u00e9s da Bioenergia, sem causar nenhum desconforto, resultando assim num estado de descanso e reequil\u00edbrio, ligando o ser humano a um campo de for\u00e7a de energias superiores.\",\"dropcap\":false,\"margin_bottom\":\"medium\",\"margin_top\":\"medium\",\"maxwidth_breakpoint\":\"m\",\"text_align\":\"left\",\"text_style\":\"lead\"}},{\"type\":\"text\",\"props\":{\"block_align\":\"center\",\"column_breakpoint\":\"m\",\"content\":\"\n\n<p>Esclarecemos tamb\u00e9m que o termo QU\u00c2NTICO aqui utilizado n\u00e3o faz refer\u00eancia a F\u00cdSICA QU\u00c2NTICA, mas ao conceito Cient\u00edfico QUANTUM, que se encontra em Todo lugar.<\/p>\n\n\",\"dropcap\":false,\"margin_bottom\":\"medium\",\"margin_top\":\"medium\",\"maxwidth_breakpoint\":\"m\",\"text_align\":\"left\",\"text_style\":\"lead\"}}]}]}]}],\"version\":\"5.0.19\"} --><\/p>\n","protected":false},"excerpt":{"rendered":"<p>LIGHT LIFE LIGHT LIFE Sistema de terapia qu\u00e2ntica y bioenerg\u00e9tica Existe hoje a possibilidade de ter acesso como nunca antes a esta BIOENERGIA, e de auxiliar o ser integral, para ser fortalecido, ter a for\u00e7a para se restabelecer e a vontade de crescer e evoluir onde precisar. O ser humano se transforma numa potente antena [&hellip;]<\/p>\n","protected":false},"author":1,"featured_media":0,"parent":0,"menu_order":0,"comment_status":"closed","ping_status":"closed","template":"","meta":{"_themeisle_gutenberg_block_has_review":false,"footnotes":""},"class_list":["post-3477","page","type-page","status-publish","hentry"],"_links":{"self":[{"href":"https:\/\/lightlifesystem.com\/index.php?rest_route=\/wp\/v2\/pages\/3477","targetHints":{"allow":["GET"]}}],"collection":[{"href":"https:\/\/lightlifesystem.com\/index.php?rest_route=\/wp\/v2\/pages"}],"about":[{"href":"https:\/\/lightlifesystem.com\/index.php?rest_route=\/wp\/v2\/types\/page"}],"author":[{"embeddable":true,"href":"https:\/\/lightlifesystem.com\/index.php?rest_route=\/wp\/v2\/users\/1"}],"replies":[{"embeddable":true,"href":"https:\/\/lightlifesystem.com\/index.php?rest_route=%2Fwp%2Fv2%2Fcomments&post=3477"}],"version-history":[{"count":8,"href":"https:\/\/lightlifesystem.com\/index.php?rest_route=\/wp\/v2\/pages\/3477\/revisions"}],"predecessor-version":[{"id":4091,"href":"https:\/\/lightlifesystem.com\/index.php?rest_route=\/wp\/v2\/pages\/3477\/revisions\/4091"}],"wp:attachment":[{"href":"https:\/\/lightlifesystem.com\/index.php?rest_route=%2Fwp%2Fv2%2Fmedia&parent=3477"}],"curies":[{"name":"wp","href":"https:\/\/api.w.org\/{rel}","templated":true}]}}