{"id":3381,"date":"2026-03-01T19:30:16","date_gmt":"2026-03-01T19:30:16","guid":{"rendered":"https:\/\/lightlifesystem.medecine-empirique.org\/?page_id=3381"},"modified":"2026-04-06T10:11:02","modified_gmt":"2026-04-06T10:11:02","slug":"present-world-and-proposal-2","status":"publish","type":"page","link":"https:\/\/lightlifesystem.com\/?page_id=3381&lang=en-gb","title":{"rendered":"Present world and proposal"},"content":{"rendered":"<h1>Present world<br \/>\n&#038; proposal<\/h1>\n<h1>Current world<br \/>\n<br \/>&#038; proposal<\/h1>\n<ul>\n<li>\n<p><video src=\"\/wp-content\/uploads\/5.mp4\"><\/video><\/p>\n<h3>Overview<br \/>of the present world<\/h3>\n<div>Our initiative arises in a context marked by profound ideological conflicts, recurring catastrophes, and an imbalance that humanity has carried since the beginning of its history. <\/div>\n<p><a href=\"\/?page_id=3350&amp;lang=en-gb\">Learn more<\/a><\/p>\n<\/li>\n<li>\n<p><video src=\"\/wp-content\/uploads\/yootheme\/3.mp4\"><\/video><\/p>\n<h3>Our proposal on the face of this scenario<\/h3>\n<div>Faced with this scenario of chaos and scarcity, our initiative arises as a way to counteract these destabilizing forces. <\/div>\n<p><a href=\"\/?page_id=3352&amp;lang=en-gb\">Learn More<\/a><\/p>\n<\/li>\n<li>\n<p><video src=\"\/wp-content\/uploads\/6.mp4\"><\/video><\/p>\n<h3>Resume<br \/>Concept<\/h3>\n<div>Tous les \u00eatres sur cette terre sont constamment immerg\u00e9s dans un oc\u00e9an d\u2019\u00e9nergie. Insignifiants comme une goutte d\u2019eau dans l\u2019oc\u00e9an, chaque \u00eatre existe entre le vide et l\u2019\u00e9nergie, toujours en son sein, sans comprendre son environnement.<\/div>\n<p><a href=\"\/?page_id=3354&amp;lang=en-gb\">Learn More<\/a><\/p>\n<\/li>\n<\/ul>\n<p><!--more--><br \/>\n<!-- {\"type\":\"layout\",\"children\":[{\"type\":\"section\",\"props\":{\"header_transparent\":true,\"header_transparent_noplaceholder\":true,\"header_transparent_text_color\":\"light\",\"image_position\":\"center-center\",\"padding_bottom\":\"none\",\"padding_top\":\"none\",\"preserve_color\":true,\"style\":\"default\",\"title_breakpoint\":\"xl\",\"title_position\":\"top-left\",\"title_rotation\":\"left\",\"vertical_align\":\"\",\"width\":\"\"},\"children\":[{\"type\":\"row\",\"props\":{\"height\":\"viewport\",\"height_viewport_offset\":true},\"children\":[{\"type\":\"column\",\"props\":{\"image_position\":\"center-center\",\"image_size\":\"cover\",\"image_width\":\"2560\",\"media_overlay\":\"rgba(0, 0, 0, 0)\",\"padding\":\"none\",\"position_sticky\":\"section\",\"position_sticky_breakpoint\":\"\",\"video\":\"wp-content\/uploads\/5.mp4\"}}]},{\"type\":\"row\",\"props\":{\"css\":\".el-row {\\n    position: relative;\\n    z-index: 1;\\n    margin-top: -100vh;\\n}\",\"height\":\"viewport\"},\"children\":[{\"type\":\"column\",\"props\":{\"image_position\":\"center-center\",\"position_sticky_breakpoint\":\"m\",\"text_color\":\"light\",\"vertical_align\":\"middle\"},\"children\":[{\"type\":\"image\",\"props\":{\"animation\":\"parallax\",\"block_align\":\"center\",\"image\":\"\",\"image_loading\":true,\"image_svg_color\":\"emphasis\",\"image_width\":99,\"margin_bottom\":\"small\",\"margin_top\":\"small\",\"maxwidth\":\"xlarge\",\"parallax_blur\":\"50\",\"parallax_opacity\":\"1,0,0\",\"parallax_scale\":\"0.5\",\"parallax_start\":\"55vh + 50%\",\"position\":\"relative\",\"position_z_index\":\"1\",\"text_align\":\"left\",\"text_align_breakpoint\":\"l\",\"text_align_fallback\":\"left\"}},{\"type\":\"headline\",\"props\":{\"animation\":\"parallax\",\"content\":\"Present world<br \/>\\n& proposal\",\"image_align\":\"left\",\"image_margin\":\"xsmall\",\"margin_top\":\"remove\",\"parallax_opacity\":\"1,0,0\",\"parallax_scale\":\"0.5\",\"parallax_start\":\"55vh + 50%\",\"position\":\"relative\",\"position_z_index\":\"1\",\"text_align\":\"center\",\"title_color\":\"secondary\",\"title_element\":\"h1\",\"title_style\":\"heading-xlarge\",\"visibility\":\"s\"}},{\"type\":\"headline\",\"props\":{\"animation\":\"parallax\",\"content\":\"\",\"image_align\":\"left\",\"image_margin\":\"xsmall\",\"margin_top\":\"remove\",\"parallax_opacity\":\"1,0,0\",\"parallax_scale\":\"0.5\",\"parallax_start\":\"55vh + 50%\",\"position\":\"relative\",\"position_z_index\":\"1\",\"text_align\":\"center\",\"title_color\":\"secondary\",\"title_element\":\"h1\",\"title_style\":\"heading-small\",\"visibility\":\"s\"}},{\"type\":\"headline\",\"props\":{\"animation\":\"parallax\",\"content\":\"Current world\\n<br \/>& proposal\",\"image_align\":\"left\",\"image_margin\":\"xsmall\",\"margin_top\":\"remove\",\"parallax_blur\":\"50\",\"parallax_opacity\":\"1,0,0\",\"parallax_scale\":\"0.5\",\"parallax_start\":\"50vh + 50%\",\"position\":\"relative\",\"position_z_index\":\"1\",\"text_align\":\"center\",\"title_element\":\"h1\",\"title_style\":\"heading-large\",\"visibility\":\"hidden-s\"}}]}]}],\"name\":\"Hero\"},{\"type\":\"section\",\"props\":{\"height\":\"viewport\",\"image_position\":\"center-center\",\"padding_bottom\":\"xlarge\",\"padding_top\":\"xlarge\",\"style\":\"default\",\"title_breakpoint\":\"xl\",\"title_position\":\"top-left\",\"title_rotation\":\"left\",\"vertical_align\":\"middle\",\"width\":\"xlarge\"},\"children\":[{\"type\":\"row\",\"children\":[{\"type\":\"column\",\"props\":{\"image_position\":\"center-center\",\"position_sticky_breakpoint\":\"m\"},\"children\":[{\"name\":\"Grid Gaps None\",\"type\":\"grid\",\"children\":[{\"type\":\"grid_item\",\"props\":{\"content\":\"Our initiative arises in a context marked by profound ideological conflicts, recurring catastrophes, and an imbalance that humanity has carried since the beginning of its history. \",\"image\":\"\",\"link\":\"?page_id=3350&lang=en-gb\",\"link_text\":\"Learn more\",\"meta\":\"\",\"title\":\"Overview<br \/>of the present world\",\"video\":\"wp-content\/uploads\/5.mp4\"}},{\"type\":\"grid_item\",\"props\":{\"content\":\"Faced with this scenario of chaos and scarcity, our initiative arises as a way to counteract these destabilizing forces. \",\"image\":\"\",\"link\":\"?page_id=3352&lang=en-gb\",\"link_text\":\"Learn More\",\"meta\":\"\",\"title\":\"Our proposal on the face of this scenario\",\"video\":\"wp-content\/uploads\/yootheme\/3.mp4\"}},{\"type\":\"grid_item\",\"props\":{\"content\":\"Tous les \u00eatres sur cette terre sont constamment immerg\u00e9s dans un oc\u00e9an d\u2019\u00e9nergie. Insignifiants comme une goutte d\u2019eau dans l\u2019oc\u00e9an, chaque \u00eatre existe entre le vide et l\u2019\u00e9nergie, toujours en son sein, sans comprendre son environnement.\",\"image\":\"\",\"link\":\"?page_id=3354&lang=en-gb\",\"link_text\":\"Learn More\",\"meta\":\"\",\"title\":\"Resume<br \/>Concept\",\"video\":\"wp-content\/uploads\/6.mp4\"}}],\"props\":{\"content_column_breakpoint\":\"m\",\"filter_align\":\"left\",\"filter_all\":true,\"filter_grid_breakpoint\":\"m\",\"filter_grid_width\":\"auto\",\"filter_position\":\"top\",\"filter_style\":\"tab\",\"grid_column_gap\":\"large\",\"grid_default\":\"1\",\"grid_medium\":\"3\",\"grid_row_gap\":\"large\",\"grid_small\":\"2\",\"image_align\":\"top\",\"image_expand\":false,\"image_grid_breakpoint\":\"m\",\"image_grid_width\":\"1-2\",\"image_height\":800,\"image_svg_color\":\"emphasis\",\"image_transition\":\"scale-up\",\"image_width\":800,\"item_animation\":true,\"lightbox_bg_close\":true,\"link_margin\":\"medium\",\"link_style\":\"primary\",\"link_text\":\"En savoir plus\",\"margin_bottom\":\"default\",\"margin_top\":\"default\",\"meta_align\":\"above-title\",\"meta_element\":\"div\",\"meta_margin\":\"small\",\"meta_style\":\"text-meta\",\"panel_link\":true,\"panel_padding\":\"default\",\"parallax_easing\":\"1\",\"show_content\":true,\"show_hover_image\":true,\"show_hover_video\":true,\"show_image\":true,\"show_link\":true,\"show_meta\":true,\"show_title\":true,\"show_video\":true,\"title_align\":\"top\",\"title_element\":\"h3\",\"title_grid_breakpoint\":\"m\",\"title_grid_width\":\"1-2\",\"title_hover_style\":\"reset\",\"title_margin\":\"small\",\"title_style\":\"h1\"}}]}]}]}],\"version\":\"5.0.19\"} --><\/p>\n","protected":false},"excerpt":{"rendered":"<p>Present world &#038; proposal Current world &#038; proposal Overviewof the present world Our initiative arises in a context marked by profound ideological conflicts, recurring catastrophes, and an imbalance that humanity has carried since the beginning of its history. Learn more Our proposal on the face of this scenario Faced with this scenario of chaos and [&hellip;]<\/p>\n","protected":false},"author":1,"featured_media":0,"parent":0,"menu_order":0,"comment_status":"closed","ping_status":"closed","template":"","meta":{"_themeisle_gutenberg_block_has_review":false,"footnotes":""},"class_list":["post-3381","page","type-page","status-publish","hentry"],"_links":{"self":[{"href":"https:\/\/lightlifesystem.com\/index.php?rest_route=\/wp\/v2\/pages\/3381","targetHints":{"allow":["GET"]}}],"collection":[{"href":"https:\/\/lightlifesystem.com\/index.php?rest_route=\/wp\/v2\/pages"}],"about":[{"href":"https:\/\/lightlifesystem.com\/index.php?rest_route=\/wp\/v2\/types\/page"}],"author":[{"embeddable":true,"href":"https:\/\/lightlifesystem.com\/index.php?rest_route=\/wp\/v2\/users\/1"}],"replies":[{"embeddable":true,"href":"https:\/\/lightlifesystem.com\/index.php?rest_route=%2Fwp%2Fv2%2Fcomments&post=3381"}],"version-history":[{"count":11,"href":"https:\/\/lightlifesystem.com\/index.php?rest_route=\/wp\/v2\/pages\/3381\/revisions"}],"predecessor-version":[{"id":4268,"href":"https:\/\/lightlifesystem.com\/index.php?rest_route=\/wp\/v2\/pages\/3381\/revisions\/4268"}],"wp:attachment":[{"href":"https:\/\/lightlifesystem.com\/index.php?rest_route=%2Fwp%2Fv2%2Fmedia&parent=3381"}],"curies":[{"name":"wp","href":"https:\/\/api.w.org\/{rel}","templated":true}]}}