{"id":3064,"date":"2026-02-27T10:30:17","date_gmt":"2026-02-27T10:30:17","guid":{"rendered":"https:\/\/lightlifesystem.medecine-empirique.org\/?page_id=3064"},"modified":"2026-03-01T22:53:11","modified_gmt":"2026-03-01T22:53:11","slug":"faq","status":"publish","type":"page","link":"https:\/\/lightlifesystem.com\/?page_id=3064","title":{"rendered":"FAQ"},"content":{"rendered":"<h1>QUESTIONS<br \/>FREQUENTES<\/h1>\n<div>Vous trouverez ici la plupart des r\u00e9ponses.<br \/>S\u2019il vous reste des questions, n\u2019h\u00e9sitez pas \u00e0 nous contacter.<\/div>\n<ul>\n<li>\n<h3>Qu&#8217;est-ce que Light Life System ?<\/h3>\n<div>Il s&#8217;agit d&#8217;un syst\u00e8me bio\u00e9nerg\u00e9tique unique.<br \/>\nUne possibilit\u00e9 d&#8217;aider chacun, \u00e0 tous les niveaux de l&#8217;\u00eatre int\u00e9gral.\n<\/div>\n<\/li>\n<li>\n<h3>Pour qui ?<\/h3>\n<div>Sans Contre-indications ni Conditions, Tous, Indistinctement.<\/div>\n<\/li>\n<li>\n<h3>Que dois-je faire ?<\/h3>\n<div>Si vous souhaitez vous connecter \u00e0 cette bio\u00e9nergie et en b\u00e9n\u00e9ficier, exp\u00e9rimenter et vivre ce syst\u00e8me, il vous suffit de nous contacter et de prendre rendez-vous.<br \/>\nNous fixerons ensemble un jour et une heure, et vous choisirez un lieu propice \u00e0 une int\u00e9riorisation calme, dans le confort de votre maison, pendant vingt (20) minutes.<\/div>\n<\/li>\n<\/ul>\n<p><!--more--><br \/>\n<!-- {\"type\":\"layout\",\"children\":[{\"name\":\"FAQ\",\"type\":\"section\",\"props\":{\"height_viewport\":false,\"image_position\":\"center-center\",\"image_size\":\"cover\",\"media_background\":\"#fff\",\"media_overlay\":\"rgba(0,0,0,0)\",\"padding_bottom\":\"xlarge\",\"padding_top\":\"large\",\"style\":\"secondary\",\"title_breakpoint\":\"xl\",\"title_position\":\"top-left\",\"title_rotation\":\"left\",\"vertical_align\":\"\",\"width\":\"small\"},\"children\":[{\"type\":\"row\",\"children\":[{\"type\":\"column\",\"props\":{\"image_position\":\"center-center\",\"position_sticky_breakpoint\":\"m\",\"width_medium\":\"1-1\"},\"children\":[{\"type\":\"headline\",\"props\":{\"block_align\":\"center\",\"content\":\"QUESTIONS<br \/>FREQUENTES\",\"image_align\":\"left\",\"image_margin\":\"xsmall\",\"text_align\":\"center\",\"title_element\":\"h1\",\"title_style\":\"heading-small\"}},{\"type\":\"text\",\"props\":{\"block_align\":\"center\",\"column_breakpoint\":\"m\",\"content\":\"Vous trouverez ici la plupart des r\u00e9ponses.<br \/>S\u2019il vous reste des questions, n\u2019h\u00e9sitez pas \u00e0 nous contacter.\",\"margin_bottom\":\"xlarge\",\"margin_top\":\"remove\",\"maxwidth\":\"2xlarge\",\"text_align\":\"center\",\"text_style\":\"lead\"}},{\"type\":\"accordion\",\"props\":{\"collapsible\":true,\"content_column_breakpoint\":\"m\",\"image_align\":\"top\",\"image_grid_breakpoint\":\"m\",\"image_grid_width\":\"1-2\",\"image_svg_color\":\"emphasis\",\"link_style\":\"default\",\"link_text\":\"Read more\",\"margin_bottom\":\"xlarge\",\"margin_top\":\"remove\",\"multiple\":false,\"show_image\":true,\"show_link\":true},\"children\":[{\"type\":\"accordion_item\",\"props\":{\"content\":\"Il s'agit d'un syst\u00e8me bio\u00e9nerg\u00e9tique unique.\\nUne possibilit\u00e9 d'aider chacun, \u00e0 tous les niveaux de l'\u00eatre int\u00e9gral.\\n\",\"title\":\"Qu'est-ce que Light Life System ?\"}},{\"type\":\"accordion_item\",\"props\":{\"content\":\"Sans Contre-indications ni Conditions, Tous, Indistinctement.\",\"title\":\"Pour qui ?\"}},{\"type\":\"accordion_item\",\"props\":{\"content\":\"Si vous souhaitez vous connecter \u00e0 cette bio\u00e9nergie et en b\u00e9n\u00e9ficier, exp\u00e9rimenter et vivre ce syst\u00e8me, il vous suffit de nous contacter et de prendre rendez-vous.\\nNous fixerons ensemble un jour et une heure, et vous choisirez un lieu propice \u00e0 une int\u00e9riorisation calme, dans le confort de votre maison, pendant vingt (20) minutes.\",\"title\":\"Que dois-je faire ?\"}}]}]}]}]}],\"version\":\"5.0.12\"} --><\/p>\n","protected":false},"excerpt":{"rendered":"<p>QUESTIONSFREQUENTES Vous trouverez ici la plupart des r\u00e9ponses.S\u2019il vous reste des questions, n\u2019h\u00e9sitez pas \u00e0 nous contacter. Qu&#8217;est-ce que Light Life System ? Il s&#8217;agit d&#8217;un syst\u00e8me bio\u00e9nerg\u00e9tique unique. Une possibilit\u00e9 d&#8217;aider chacun, \u00e0 tous les niveaux de l&#8217;\u00eatre int\u00e9gral. Pour qui ? Sans Contre-indications ni Conditions, Tous, Indistinctement. Que dois-je faire ? Si vous [&hellip;]<\/p>\n","protected":false},"author":1,"featured_media":0,"parent":0,"menu_order":0,"comment_status":"closed","ping_status":"closed","template":"","meta":{"_themeisle_gutenberg_block_has_review":false,"footnotes":""},"class_list":["post-3064","page","type-page","status-publish","hentry"],"_links":{"self":[{"href":"https:\/\/lightlifesystem.com\/index.php?rest_route=\/wp\/v2\/pages\/3064","targetHints":{"allow":["GET"]}}],"collection":[{"href":"https:\/\/lightlifesystem.com\/index.php?rest_route=\/wp\/v2\/pages"}],"about":[{"href":"https:\/\/lightlifesystem.com\/index.php?rest_route=\/wp\/v2\/types\/page"}],"author":[{"embeddable":true,"href":"https:\/\/lightlifesystem.com\/index.php?rest_route=\/wp\/v2\/users\/1"}],"replies":[{"embeddable":true,"href":"https:\/\/lightlifesystem.com\/index.php?rest_route=%2Fwp%2Fv2%2Fcomments&post=3064"}],"version-history":[{"count":12,"href":"https:\/\/lightlifesystem.com\/index.php?rest_route=\/wp\/v2\/pages\/3064\/revisions"}],"predecessor-version":[{"id":3502,"href":"https:\/\/lightlifesystem.com\/index.php?rest_route=\/wp\/v2\/pages\/3064\/revisions\/3502"}],"wp:attachment":[{"href":"https:\/\/lightlifesystem.com\/index.php?rest_route=%2Fwp%2Fv2%2Fmedia&parent=3064"}],"curies":[{"name":"wp","href":"https:\/\/api.w.org\/{rel}","templated":true}]}}