{"id":3060,"date":"2026-02-27T10:30:01","date_gmt":"2026-02-27T10:30:01","guid":{"rendered":"https:\/\/lightlifesystem.medecine-empirique.org\/?page_id=3060"},"modified":"2026-03-01T14:22:04","modified_gmt":"2026-03-01T14:22:04","slug":"nos-services","status":"publish","type":"page","link":"https:\/\/lightlifesystem.com\/?page_id=3060","title":{"rendered":"Nos services"},"content":{"rendered":"<h1>Nos Services<\/h1>\n<h1>Nos Services<\/h1>\n<h1>Nos Services<\/h1>\n<div>\n<p>Nous vous informons que nous proposons deux s\u00e9ances payantes, pour une exp\u00e9rience comparative et un accompagnement. <\/p>\n<p>Selon vos moyens, vous pouvez choisir le montant que vous souhaitez (sachant que, quelle que soit la cat\u00e9gorie choisie, chacun b\u00e9n\u00e9ficiera du m\u00eame service).<\/p>\n<\/div>\n<div>\n<h3>Accessible<\/h3>\n<p>80 \u20ac<\/p>\n<div>(2 s\u00e9ances)<br \/>Avec accompagnement<\/div>\n<\/div>\n<div>\n<h3>Soutien<\/h3>\n<p>150 \u20ac<\/p>\n<div>(2 s\u00e9ances)<br \/>Avec accompagnement<\/div>\n<\/div>\n<div>Il s&#8217;agit d&#8217;une initiative philanthropique et altruiste. Ces cat\u00e9gories ont \u00e9t\u00e9 cr\u00e9\u00e9es en tenant compte des conditions r\u00e9elles et des prix comp\u00e9titifs des syst\u00e8mes bio\u00e9nerg\u00e9tiques int\u00e9gr\u00e9s (n&#8217;oubliez pas qu&#8217;il s&#8217;agit d&#8217;un syst\u00e8me unique, que personne d&#8217;autre ne peut proposer).<\/div>\n<div>Ainsi, si vous souhaitez r\u00e9ellement profiter de cette opportunit\u00e9 et en comprenez les avantages, vous pouvez \u00e9galement nous soutenir par des dons, selon vos moyens. Nous vous offrirons alors une s\u00e9ance par mois, quel que<br \/>\nsoit le montant de votre contribution.<br \/>\nPour les dons d&#8217;entreprises, veuillez nous contacter par e-mail au pr\u00e9alable. Pour toute question ou pour prendre rendez-vous, contactez-nous :\n<\/div>\n<hr>\n<div>Nicolas andr\u00e9<\/div>\n<div><a href=\"tel:+21997959609\">+ 21 997 95 96 09<\/a><\/div>\n<div><a href=\"mailto:lightlifesystem@gmail.com\">lightlifesystem@gmail.com<\/a><\/div>\n<ul>\n<li><a href=\"https:\/\/www.facebook.com\/\">facebook<\/a>\n<\/li>\n<li><a href=\"https:\/\/www.instagram.com\/\">instagram<\/a>\n<\/li>\n<\/ul>\n<hr>\n<p><!--more--><br \/>\n<!-- {\"type\":\"layout\",\"children\":[{\"type\":\"section\",\"props\":{\"header_transparent\":true,\"header_transparent_noplaceholder\":true,\"header_transparent_text_color\":\"light\",\"image_position\":\"center-center\",\"padding_bottom\":\"none\",\"padding_top\":\"none\",\"preserve_color\":true,\"style\":\"default\",\"title_breakpoint\":\"xl\",\"title_position\":\"top-left\",\"title_rotation\":\"left\",\"vertical_align\":\"\",\"width\":\"\"},\"children\":[{\"type\":\"row\",\"props\":{\"height\":\"viewport\",\"height_viewport_offset\":true},\"children\":[{\"type\":\"column\",\"props\":{\"image_position\":\"center-center\",\"image_size\":\"cover\",\"image_width\":\"2560\",\"padding\":\"none\",\"position_sticky\":\"section\",\"position_sticky_breakpoint\":\"\",\"video\":\"wp-content\/uploads\/yootheme\/3.mp4\"}}]},{\"type\":\"row\",\"props\":{\"css\":\".el-row {\\n    position: relative;\\n    z-index: 1;\\n    margin-top: -100vh;\\n}\",\"height\":\"viewport\"},\"children\":[{\"type\":\"column\",\"props\":{\"image_position\":\"center-center\",\"position_sticky_breakpoint\":\"m\",\"text_color\":\"light\",\"vertical_align\":\"middle\"},\"children\":[{\"type\":\"image\",\"props\":{\"animation\":\"parallax\",\"block_align\":\"center\",\"image\":\"\",\"image_loading\":true,\"image_svg_color\":\"emphasis\",\"image_width\":99,\"margin_bottom\":\"small\",\"margin_top\":\"small\",\"maxwidth\":\"xlarge\",\"parallax_blur\":\"50\",\"parallax_opacity\":\"1,0,0\",\"parallax_scale\":\"0.5\",\"parallax_start\":\"55vh + 50%\",\"position\":\"relative\",\"position_z_index\":\"1\",\"text_align\":\"left\",\"text_align_breakpoint\":\"l\",\"text_align_fallback\":\"left\"}},{\"type\":\"headline\",\"props\":{\"animation\":\"parallax\",\"content\":\"Nos Services\",\"image_align\":\"left\",\"image_margin\":\"xsmall\",\"margin_top\":\"remove\",\"parallax_opacity\":\"1,0,0\",\"parallax_scale\":\"0.5\",\"parallax_start\":\"55vh + 50%\",\"position\":\"relative\",\"position_z_index\":\"1\",\"text_align\":\"center\",\"title_color\":\"secondary\",\"title_element\":\"h1\",\"title_style\":\"heading-2xlarge\",\"visibility\":\"s\"}},{\"type\":\"headline\",\"props\":{\"animation\":\"parallax\",\"content\":\"\",\"image_align\":\"left\",\"image_margin\":\"xsmall\",\"margin_top\":\"remove\",\"parallax_opacity\":\"1,0,0\",\"parallax_scale\":\"0.5\",\"parallax_start\":\"55vh + 50%\",\"position\":\"relative\",\"position_z_index\":\"1\",\"text_align\":\"center\",\"title_color\":\"secondary\",\"title_element\":\"h1\",\"title_style\":\"heading-small\",\"visibility\":\"s\"}},{\"type\":\"headline\",\"props\":{\"animation\":\"parallax\",\"content\":\"Nos Services\",\"image_align\":\"left\",\"image_margin\":\"xsmall\",\"margin_top\":\"remove\",\"parallax_blur\":\"50\",\"parallax_opacity\":\"1,0,0\",\"parallax_scale\":\"0.5\",\"parallax_start\":\"50vh + 50%\",\"position\":\"relative\",\"position_z_index\":\"1\",\"text_align\":\"center\",\"title_element\":\"h1\",\"title_style\":\"heading-2xlarge\",\"visibility\":\"hidden-s\"}}]}]}],\"name\":\"Hero\"},{\"name\":\"01\",\"type\":\"section\",\"props\":{\"animation\":\"fade\",\"animation_delay\":\"200\",\"header_transparent\":true,\"header_transparent_noplaceholder\":true,\"header_transparent_text_color\":\"dark\",\"id\":\"01\",\"image_loading\":true,\"image_position\":\"center-center\",\"image_width\":\"1300\",\"padding_bottom\":\"xlarge\",\"padding_top\":\"large\",\"preserve_color\":true,\"style\":\"default\",\"title_breakpoint\":\"xl\",\"title_position\":\"top-left\",\"title_rotation\":\"left\",\"vertical_align\":\"\",\"width\":\"xsmall\"},\"children\":[{\"type\":\"row\",\"props\":{\"column_gap\":\"large\",\"row_gap\":\"large\"},\"children\":[{\"type\":\"column\",\"props\":{\"image_position\":\"center-center\",\"position_sticky_breakpoint\":\"m\"},\"children\":[{\"type\":\"headline\",\"props\":{\"block_align\":\"center\",\"content\":\"Nos Services\",\"id\":\"01\",\"image_align\":\"left\",\"image_margin\":\"xsmall\",\"margin_bottom\":\"default\",\"maxwidth\":\"2xlarge\",\"maxwidth_breakpoint\":\"m\",\"text_align\":\"left\",\"text_align_breakpoint\":\"m\",\"text_align_fallback\":\"left\",\"title_color\":\"warning\",\"title_element\":\"h1\",\"title_style\":\"heading-large\"},\"name\":\"01\"},{\"type\":\"text\",\"props\":{\"block_align\":\"center\",\"column_breakpoint\":\"m\",\"content\":\"\n\n<p>Nous vous informons que nous proposons deux s\u00e9ances payantes, pour une exp\u00e9rience comparative et un accompagnement. \n\nSelon vos moyens, vous pouvez choisir le montant que vous souhaitez (sachant que, quelle que soit la cat\u00e9gorie choisie, chacun b\u00e9n\u00e9ficiera du m\u00eame service).<\/p>\n\n\",\"dropcap\":false,\"margin_bottom\":\"medium\",\"margin_top\":\"medium\",\"maxwidth_breakpoint\":\"m\",\"text_align\":\"left\",\"text_style\":\"lead\"}}]}]},{\"type\":\"row\",\"props\":{\"layout\":\"1-2,1-2\"},\"children\":[{\"type\":\"column\",\"props\":{\"image_position\":\"center-center\",\"position_sticky_breakpoint\":\"m\",\"width_medium\":\"1-2\"},\"children\":[{\"name\":\"Panel Style Card Primary\",\"type\":\"panel\",\"props\":{\"block_align\":\"center\",\"content\":\"(2 s\u00e9ances)<br \/>Avec accompagnement\",\"content_column_breakpoint\":\"m\",\"content_margin\":\"small\",\"image\":\"\",\"image_align\":\"top\",\"image_grid_breakpoint\":\"m\",\"image_grid_width\":\"1-2\",\"image_height\":\"50\",\"image_svg_color\":\"emphasis\",\"image_svg_inline\":true,\"image_width\":\"50\",\"link_style\":\"default\",\"link_text\":\"Read more\",\"margin_bottom\":\"default\",\"margin_top\":\"default\",\"meta\":\"80 \u20ac\",\"meta_align\":\"below-title\",\"meta_element\":\"div\",\"meta_style\":\"text-lead\",\"panel_padding\":\"default\",\"panel_style\":\"card-primary\",\"title\":\"Accessible\",\"title_align\":\"top\",\"title_color\":\"secondary\",\"title_element\":\"h3\",\"title_grid_breakpoint\":\"m\",\"title_grid_width\":\"1-2\",\"title_hover_style\":\"reset\",\"title_style\":\"h1\"}}]},{\"type\":\"column\",\"props\":{\"image_position\":\"center-center\",\"position_sticky_breakpoint\":\"m\",\"width_medium\":\"1-2\"},\"children\":[{\"name\":\"Panel Style Card Primary\",\"type\":\"panel\",\"props\":{\"block_align\":\"center\",\"content\":\"(2 s\u00e9ances)<br \/>Avec accompagnement\",\"content_column_breakpoint\":\"m\",\"content_margin\":\"small\",\"image\":\"\",\"image_align\":\"top\",\"image_grid_breakpoint\":\"m\",\"image_grid_width\":\"1-2\",\"image_height\":\"50\",\"image_svg_color\":\"emphasis\",\"image_svg_inline\":true,\"image_width\":\"50\",\"link_style\":\"default\",\"link_text\":\"Read more\",\"margin_bottom\":\"default\",\"margin_top\":\"default\",\"meta\":\"150 \u20ac\",\"meta_align\":\"below-title\",\"meta_element\":\"div\",\"meta_style\":\"text-lead\",\"panel_padding\":\"default\",\"panel_style\":\"card-primary\",\"title\":\"Soutien\",\"title_align\":\"top\",\"title_color\":\"secondary\",\"title_element\":\"h3\",\"title_grid_breakpoint\":\"m\",\"title_grid_width\":\"1-2\",\"title_hover_style\":\"reset\",\"title_style\":\"h1\"}}]}]},{\"type\":\"row\",\"children\":[{\"type\":\"column\",\"props\":{\"image_position\":\"center-center\",\"position_sticky_breakpoint\":\"m\"},\"children\":[{\"type\":\"text\",\"props\":{\"block_align\":\"center\",\"column_breakpoint\":\"m\",\"content\":\"Il s'agit d'une initiative philanthropique et altruiste. Ces cat\u00e9gories ont \u00e9t\u00e9 cr\u00e9\u00e9es en tenant compte des conditions r\u00e9elles et des prix comp\u00e9titifs des syst\u00e8mes bio\u00e9nerg\u00e9tiques int\u00e9gr\u00e9s (n'oubliez pas qu'il s'agit d'un syst\u00e8me unique, que personne d'autre ne peut proposer).\",\"dropcap\":false,\"margin_bottom\":\"medium\",\"margin_top\":\"medium\",\"maxwidth_breakpoint\":\"m\",\"text_align\":\"left\",\"text_style\":\"lead\"}},{\"type\":\"text\",\"props\":{\"block_align\":\"center\",\"column_breakpoint\":\"m\",\"content\":\"Ainsi, si vous souhaitez r\u00e9ellement profiter de cette opportunit\u00e9 et en comprenez les avantages, vous pouvez \u00e9galement nous soutenir par des dons, selon vos moyens. Nous vous offrirons alors une s\u00e9ance par mois, quel que\\nsoit le montant de votre contribution.\\nPour les dons d'entreprises, veuillez nous contacter par e-mail au pr\u00e9alable. Pour toute question ou pour prendre rendez-vous, contactez-nous :\\n\",\"dropcap\":false,\"margin_bottom\":\"medium\",\"margin_top\":\"medium\",\"maxwidth_breakpoint\":\"m\",\"text_align\":\"left\",\"text_style\":\"lead\"}}]}]},{\"type\":\"row\",\"props\":{\"column_gap\":\"small\",\"divider\":true,\"margin_bottom\":\"xlarge\",\"margin_top\":\"xlarge\",\"row_gap\":\"large\"},\"children\":[{\"type\":\"column\",\"props\":{\"image_position\":\"center-center\",\"position_sticky_breakpoint\":\"m\"},\"children\":[{\"type\":\"divider\",\"props\":{\"divider_element\":\"hr\"}},{\"type\":\"headline\",\"props\":{\"content\":\"Nicolas andr\u00e9\",\"image_align\":\"left\",\"image_margin\":\"xsmall\",\"title_element\":\"div\",\"title_style\":\"h5\"}},{\"type\":\"headline\",\"props\":{\"content\":\"+ 21 997 95 96 09\",\"icon\":\"whatsapp\",\"image_align\":\"left\",\"image_margin\":\"xsmall\",\"link\":\"tel:+21997959609\",\"link_style\":false,\"margin_bottom\":\"default\",\"margin_top\":\"default\",\"title_element\":\"div\",\"title_style\":\"text-lead\"}},{\"type\":\"headline\",\"props\":{\"animation\":\"none\",\"content\":\"lightlifesystem@gmail.com\",\"image_align\":\"left\",\"image_margin\":\"xsmall\",\"link\":\"mailto:lightlifesystem@gmail.com\",\"link_style\":false,\"margin_bottom\":\"default\",\"margin_top\":\"default\",\"title_element\":\"div\",\"title_style\":\"text-lead\"}},{\"type\":\"social\",\"props\":{\"grid\":\"horizontal\",\"grid_column_gap\":\"medium\",\"grid_row_gap\":\"medium\",\"image_height\":\"25\",\"image_svg_inline\":true,\"image_width\":\"25\",\"link_style\":\"link\",\"margin_bottom\":\"large\",\"margin_top\":\"remove\"},\"children\":[{\"type\":\"social_item\",\"props\":{\"link\":\"https:\/\/www.facebook.com\/\"}},{\"type\":\"social_item\",\"props\":{\"link\":\"https:\/\/www.instagram.com\/\"}}],\"name\":\"22\"},{\"type\":\"divider\",\"props\":{\"divider_element\":\"hr\"}}]}]}]}],\"version\":\"5.0.12\"} --><\/p>\n","protected":false},"excerpt":{"rendered":"<p>Nos Services Nos Services Nos Services Nous vous informons que nous proposons deux s\u00e9ances payantes, pour une exp\u00e9rience comparative et un accompagnement. Selon vos moyens, vous pouvez choisir le montant que vous souhaitez (sachant que, quelle que soit la cat\u00e9gorie choisie, chacun b\u00e9n\u00e9ficiera du m\u00eame service). Accessible 80 \u20ac (2 s\u00e9ances)Avec accompagnement Soutien 150 \u20ac [&hellip;]<\/p>\n","protected":false},"author":1,"featured_media":0,"parent":0,"menu_order":0,"comment_status":"closed","ping_status":"closed","template":"","meta":{"_themeisle_gutenberg_block_has_review":false,"footnotes":""},"class_list":["post-3060","page","type-page","status-publish","hentry"],"_links":{"self":[{"href":"https:\/\/lightlifesystem.com\/index.php?rest_route=\/wp\/v2\/pages\/3060","targetHints":{"allow":["GET"]}}],"collection":[{"href":"https:\/\/lightlifesystem.com\/index.php?rest_route=\/wp\/v2\/pages"}],"about":[{"href":"https:\/\/lightlifesystem.com\/index.php?rest_route=\/wp\/v2\/types\/page"}],"author":[{"embeddable":true,"href":"https:\/\/lightlifesystem.com\/index.php?rest_route=\/wp\/v2\/users\/1"}],"replies":[{"embeddable":true,"href":"https:\/\/lightlifesystem.com\/index.php?rest_route=%2Fwp%2Fv2%2Fcomments&post=3060"}],"version-history":[{"count":33,"href":"https:\/\/lightlifesystem.com\/index.php?rest_route=\/wp\/v2\/pages\/3060\/revisions"}],"predecessor-version":[{"id":3323,"href":"https:\/\/lightlifesystem.com\/index.php?rest_route=\/wp\/v2\/pages\/3060\/revisions\/3323"}],"wp:attachment":[{"href":"https:\/\/lightlifesystem.com\/index.php?rest_route=%2Fwp%2Fv2%2Fmedia&parent=3060"}],"curies":[{"name":"wp","href":"https:\/\/api.w.org\/{rel}","templated":true}]}}