{"id":3056,"date":"2026-02-27T10:29:19","date_gmt":"2026-02-27T10:29:19","guid":{"rendered":"https:\/\/lightlifesystem.medecine-empirique.org\/?page_id=3056"},"modified":"2026-03-28T13:56:17","modified_gmt":"2026-03-28T13:56:17","slug":"pour-tous","status":"publish","type":"page","link":"https:\/\/lightlifesystem.com\/?page_id=3056","title":{"rendered":"Pour tous"},"content":{"rendered":"<h1>Tous<\/h1>\n<h1>Tous<\/h1>\n<h1>POUR TOUS<\/h1>\n<div>Humanitaire, philanthropique et altruiste, cette possibilit\u00e9 est pr\u00eate \u00e0 \u00eatre mise en \u0153uvre et pour accompagner toute personne en qu\u00eate de bien-\u00eatre et d&#8217;\u00e9panouissement. Il s&#8217;agit d&#8217;une activation applicable et b\u00e9n\u00e9fique \u00e0 toute personne, quel que soit son trouble ou d\u00e9s\u00e9quilibre de sant\u00e9, du plus simple au plus complexe, y compris les affections chroniques, ainsi que les plus \u00ab courantes \u00bb, telles que les troubles du sommeil, les douleurs musculaires, l&#8217;anxi\u00e9t\u00e9, le stress, la d\u00e9pression, la fatigue, la lassitude, et l&#8217;\u00e9puisement<\/div>\n<div>Pourtant, son utilisation ne modifie en rien la nature du corps et ne provoque aucun inconfort. Aucune proc\u00e9dure invasive n&#8217;est pratiqu\u00e9e et il n&#8217;y a aucune contre-indication.<\/div>\n<div>Il est tr\u00e8s important de pr\u00e9ciser que le d\u00e9roulement de cette proc\u00e9dure ne requiert aucunement la cr\u00e9dibilit\u00e9, la foi ou la confiance de l&#8217;individu envers la proc\u00e9dure, la science, les \u00ab puissances sup\u00e9rieures \u00bb, ni envers \u00ab l&#8217;amour \u00bb.<\/div>\n<p><!--more--><br \/>\n<!-- {\"type\":\"layout\",\"children\":[{\"type\":\"section\",\"props\":{\"header_transparent\":true,\"header_transparent_noplaceholder\":true,\"header_transparent_text_color\":\"light\",\"image_position\":\"center-center\",\"padding_bottom\":\"none\",\"padding_top\":\"none\",\"preserve_color\":true,\"style\":\"default\",\"title_breakpoint\":\"xl\",\"title_position\":\"top-left\",\"title_rotation\":\"left\",\"vertical_align\":\"\",\"width\":\"\"},\"children\":[{\"type\":\"row\",\"props\":{\"height\":\"viewport\",\"height_viewport_offset\":true},\"children\":[{\"type\":\"column\",\"props\":{\"image\":\"wp-content\/uploads\/six.png\",\"image_position\":\"center-center\",\"image_size\":\"cover\",\"image_width\":\"2560\",\"padding\":\"none\",\"position_sticky\":\"section\",\"position_sticky_breakpoint\":\"\"}}]},{\"type\":\"row\",\"props\":{\"css\":\".el-row {\\n    position: relative;\\n    z-index: 1;\\n    margin-top: -100vh;\\n}\",\"height\":\"viewport\"},\"children\":[{\"type\":\"column\",\"props\":{\"image_position\":\"center-center\",\"position_sticky_breakpoint\":\"m\",\"text_color\":\"light\",\"vertical_align\":\"middle\"},\"children\":[{\"type\":\"image\",\"props\":{\"animation\":\"parallax\",\"block_align\":\"center\",\"image\":\"\",\"image_loading\":true,\"image_svg_color\":\"emphasis\",\"image_width\":99,\"margin_bottom\":\"small\",\"margin_top\":\"small\",\"maxwidth\":\"xlarge\",\"parallax_blur\":\"50\",\"parallax_opacity\":\"1,0,0\",\"parallax_scale\":\"0.5\",\"parallax_start\":\"55vh + 50%\",\"position\":\"relative\",\"position_z_index\":\"1\",\"text_align\":\"left\",\"text_align_breakpoint\":\"l\",\"text_align_fallback\":\"left\"}},{\"type\":\"headline\",\"props\":{\"animation\":\"parallax\",\"content\":\"Tous\",\"image_align\":\"left\",\"image_margin\":\"xsmall\",\"margin_top\":\"remove\",\"parallax_opacity\":\"1,0,0\",\"parallax_scale\":\"0.5\",\"parallax_start\":\"55vh + 50%\",\"position\":\"relative\",\"position_z_index\":\"1\",\"text_align\":\"center\",\"title_color\":\"secondary\",\"title_element\":\"h1\",\"title_style\":\"heading-2xlarge\",\"visibility\":\"s\"}},{\"type\":\"headline\",\"props\":{\"animation\":\"parallax\",\"content\":\"\",\"image_align\":\"left\",\"image_margin\":\"xsmall\",\"margin_top\":\"remove\",\"parallax_opacity\":\"1,0,0\",\"parallax_scale\":\"0.5\",\"parallax_start\":\"55vh + 50%\",\"position\":\"relative\",\"position_z_index\":\"1\",\"text_align\":\"center\",\"title_color\":\"secondary\",\"title_element\":\"h1\",\"title_style\":\"heading-small\",\"visibility\":\"s\"}},{\"type\":\"headline\",\"props\":{\"animation\":\"parallax\",\"content\":\"Tous\",\"image_align\":\"left\",\"image_margin\":\"xsmall\",\"margin_top\":\"remove\",\"parallax_blur\":\"50\",\"parallax_opacity\":\"1,0,0\",\"parallax_scale\":\"0.5\",\"parallax_start\":\"50vh + 50%\",\"position\":\"relative\",\"position_z_index\":\"1\",\"text_align\":\"center\",\"title_element\":\"h1\",\"title_style\":\"heading-2xlarge\",\"visibility\":\"hidden-s\"}}]}]}],\"name\":\"Hero\"},{\"name\":\"01\",\"type\":\"section\",\"props\":{\"animation\":\"fade\",\"animation_delay\":\"200\",\"header_transparent\":true,\"header_transparent_noplaceholder\":true,\"header_transparent_text_color\":\"dark\",\"id\":\"01\",\"image_loading\":true,\"image_position\":\"center-center\",\"image_width\":\"1300\",\"padding_bottom\":\"xlarge\",\"padding_top\":\"large\",\"preserve_color\":true,\"style\":\"default\",\"title_breakpoint\":\"xl\",\"title_position\":\"top-left\",\"title_rotation\":\"left\",\"vertical_align\":\"\",\"width\":\"xsmall\"},\"children\":[{\"type\":\"row\",\"props\":{\"column_gap\":\"large\",\"row_gap\":\"large\"},\"children\":[{\"type\":\"column\",\"props\":{\"image_position\":\"center-center\",\"position_sticky_breakpoint\":\"m\"},\"children\":[{\"type\":\"headline\",\"props\":{\"block_align\":\"center\",\"content\":\"POUR TOUS\",\"id\":\"01\",\"image_align\":\"left\",\"image_margin\":\"xsmall\",\"margin_bottom\":\"default\",\"maxwidth\":\"2xlarge\",\"maxwidth_breakpoint\":\"m\",\"text_align\":\"left\",\"text_align_breakpoint\":\"m\",\"text_align_fallback\":\"left\",\"title_color\":\"warning\",\"title_element\":\"h1\",\"title_style\":\"heading-large\"},\"name\":\"01\"},{\"type\":\"text\",\"props\":{\"block_align\":\"center\",\"column_breakpoint\":\"m\",\"content\":\"Humanitaire, philanthropique et altruiste, cette possibilit\u00e9 est pr\u00eate \u00e0 \u00eatre mise en \u0153uvre et pour accompagner toute personne en qu\u00eate de bien-\u00eatre et d'\u00e9panouissement. Il s'agit d'une activation applicable et b\u00e9n\u00e9fique \u00e0 toute personne, quel que soit son trouble ou d\u00e9s\u00e9quilibre de sant\u00e9, du plus simple au plus complexe, y compris les affections chroniques, ainsi que les plus \u00ab courantes \u00bb, telles que les troubles du sommeil, les douleurs musculaires, l'anxi\u00e9t\u00e9, le stress, la d\u00e9pression, la fatigue, la lassitude, et l'\u00e9puisement\",\"dropcap\":false,\"margin_bottom\":\"medium\",\"margin_top\":\"medium\",\"maxwidth_breakpoint\":\"m\",\"text_align\":\"left\",\"text_style\":\"lead\"}},{\"type\":\"text\",\"props\":{\"block_align\":\"center\",\"column_breakpoint\":\"m\",\"content\":\"Pourtant, son utilisation ne modifie en rien la nature du corps et ne provoque aucun inconfort. Aucune proc\u00e9dure invasive n'est pratiqu\u00e9e et il n'y a aucune contre-indication.\",\"dropcap\":false,\"margin_bottom\":\"medium\",\"margin_top\":\"medium\",\"maxwidth_breakpoint\":\"m\",\"text_align\":\"left\",\"text_style\":\"lead\"}},{\"type\":\"text\",\"props\":{\"block_align\":\"center\",\"column_breakpoint\":\"m\",\"content\":\"Il est tr\u00e8s important de pr\u00e9ciser que le d\u00e9roulement de cette proc\u00e9dure ne requiert aucunement la cr\u00e9dibilit\u00e9, la foi ou la confiance de l'individu envers la proc\u00e9dure, la science, les \u00ab puissances sup\u00e9rieures \u00bb, ni envers \u00ab l'amour \u00bb.\",\"dropcap\":false,\"margin_bottom\":\"medium\",\"margin_top\":\"medium\",\"maxwidth_breakpoint\":\"m\",\"text_align\":\"left\",\"text_style\":\"lead\"}}]}]}]}],\"version\":\"5.0.19\"} --><\/p>\n","protected":false},"excerpt":{"rendered":"<p>Tous Tous POUR TOUS Humanitaire, philanthropique et altruiste, cette possibilit\u00e9 est pr\u00eate \u00e0 \u00eatre mise en \u0153uvre et pour accompagner toute personne en qu\u00eate de bien-\u00eatre et d&#8217;\u00e9panouissement. Il s&#8217;agit d&#8217;une activation applicable et b\u00e9n\u00e9fique \u00e0 toute personne, quel que soit son trouble ou d\u00e9s\u00e9quilibre de sant\u00e9, du plus simple au plus complexe, y compris [&hellip;]<\/p>\n","protected":false},"author":1,"featured_media":0,"parent":0,"menu_order":0,"comment_status":"closed","ping_status":"closed","template":"","meta":{"_themeisle_gutenberg_block_has_review":false,"footnotes":""},"class_list":["post-3056","page","type-page","status-publish","hentry"],"_links":{"self":[{"href":"https:\/\/lightlifesystem.com\/index.php?rest_route=\/wp\/v2\/pages\/3056","targetHints":{"allow":["GET"]}}],"collection":[{"href":"https:\/\/lightlifesystem.com\/index.php?rest_route=\/wp\/v2\/pages"}],"about":[{"href":"https:\/\/lightlifesystem.com\/index.php?rest_route=\/wp\/v2\/types\/page"}],"author":[{"embeddable":true,"href":"https:\/\/lightlifesystem.com\/index.php?rest_route=\/wp\/v2\/users\/1"}],"replies":[{"embeddable":true,"href":"https:\/\/lightlifesystem.com\/index.php?rest_route=%2Fwp%2Fv2%2Fcomments&post=3056"}],"version-history":[{"count":4,"href":"https:\/\/lightlifesystem.com\/index.php?rest_route=\/wp\/v2\/pages\/3056\/revisions"}],"predecessor-version":[{"id":3970,"href":"https:\/\/lightlifesystem.com\/index.php?rest_route=\/wp\/v2\/pages\/3056\/revisions\/3970"}],"wp:attachment":[{"href":"https:\/\/lightlifesystem.com\/index.php?rest_route=%2Fwp%2Fv2%2Fmedia&parent=3056"}],"curies":[{"name":"wp","href":"https:\/\/api.w.org\/{rel}","templated":true}]}}