{"id":3054,"date":"2026-02-27T10:29:12","date_gmt":"2026-02-27T10:29:12","guid":{"rendered":"https:\/\/lightlifesystem.medecine-empirique.org\/?page_id=3054"},"modified":"2026-04-02T16:28:54","modified_gmt":"2026-04-02T16:28:54","slug":"therapie-bioenergetique-integrative","status":"publish","type":"page","link":"https:\/\/lightlifesystem.com\/?page_id=3054","title":{"rendered":"Th\u00e9rapie bio\u00e9nerg\u00e9tique int\u00e9grative"},"content":{"rendered":"<h1>Bio\u00e9nergie<\/h1>\n<h1>Bio\u00e9nergie<\/h1>\n<h1>TH\u00c9RAPIE BIO\u00c9NERG\u00c9TIQUE INT\u00c9GRATIVE ET COMPL\u00c9MENTAIRE<\/h1>\n<div>La th\u00e9rapie bio\u00e9nerg\u00e9tique int\u00e9grative et compl\u00e9mentaire est reconnue et approuv\u00e9e par la l\u00e9gislation br\u00e9silienne et l&#8217;Organisation mondiale de la Sant\u00e9 (OMS), notamment par le biais de la Politique nationale relative aux pratiques int\u00e9gratives et compl\u00e9mentaires du SUS (Br\u00e9sil), qui stipule:\n<\/div>\n<div>\n\u00ab La bio\u00e9nerg\u00e9tique adopte une vision vitaliste de l\u2019\u00eatre humain et du monde, une approche holistique de la sant\u00e9 du sujet, et utilise des ressources th\u00e9rapeutiques non invasives, fond\u00e9es sur une connexion humaine s\u00e9curis\u00e9e, afin d\u2019am\u00e9liorer la vitalit\u00e9 des personnes. \u00bb<\/div>\n<p><!--more--><br \/>\n<!-- {\"type\":\"layout\",\"children\":[{\"type\":\"section\",\"props\":{\"header_transparent\":true,\"header_transparent_noplaceholder\":true,\"header_transparent_text_color\":\"light\",\"image_position\":\"center-center\",\"padding_bottom\":\"none\",\"padding_top\":\"none\",\"preserve_color\":true,\"style\":\"default\",\"title_breakpoint\":\"xl\",\"title_position\":\"top-left\",\"title_rotation\":\"left\",\"vertical_align\":\"\",\"width\":\"\"},\"children\":[{\"type\":\"row\",\"props\":{\"height\":\"viewport\",\"height_viewport_offset\":true},\"children\":[{\"type\":\"column\",\"props\":{\"image\":\"wp-content\/uploads\/four.png\",\"image_position\":\"center-center\",\"image_size\":\"cover\",\"image_width\":\"2560\",\"padding\":\"none\",\"position_sticky\":\"section\",\"position_sticky_breakpoint\":\"\"}}]},{\"type\":\"row\",\"props\":{\"css\":\".el-row {\\n    position: relative;\\n    z-index: 1;\\n    margin-top: -100vh;\\n}\",\"height\":\"viewport\"},\"children\":[{\"type\":\"column\",\"props\":{\"image_position\":\"center-center\",\"position_sticky_breakpoint\":\"m\",\"text_color\":\"light\",\"vertical_align\":\"middle\"},\"children\":[{\"type\":\"image\",\"props\":{\"animation\":\"parallax\",\"block_align\":\"center\",\"image\":\"\",\"image_loading\":true,\"image_svg_color\":\"emphasis\",\"image_width\":99,\"margin_bottom\":\"small\",\"margin_top\":\"small\",\"maxwidth\":\"xlarge\",\"parallax_blur\":\"50\",\"parallax_opacity\":\"1,0,0\",\"parallax_scale\":\"0.5\",\"parallax_start\":\"55vh + 50%\",\"position\":\"relative\",\"position_z_index\":\"1\",\"text_align\":\"left\",\"text_align_breakpoint\":\"l\",\"text_align_fallback\":\"left\"}},{\"type\":\"headline\",\"props\":{\"animation\":\"parallax\",\"content\":\"Bio\u00e9nergie\",\"image_align\":\"left\",\"image_margin\":\"xsmall\",\"margin_top\":\"remove\",\"parallax_opacity\":\"1,0,0\",\"parallax_scale\":\"0.5\",\"parallax_start\":\"55vh + 50%\",\"position\":\"relative\",\"position_z_index\":\"1\",\"text_align\":\"center\",\"title_color\":\"secondary\",\"title_element\":\"h1\",\"title_style\":\"heading-2xlarge\",\"visibility\":\"s\"}},{\"type\":\"headline\",\"props\":{\"animation\":\"parallax\",\"content\":\"\",\"image_align\":\"left\",\"image_margin\":\"xsmall\",\"margin_top\":\"remove\",\"parallax_opacity\":\"1,0,0\",\"parallax_scale\":\"0.5\",\"parallax_start\":\"55vh + 50%\",\"position\":\"relative\",\"position_z_index\":\"1\",\"text_align\":\"center\",\"title_color\":\"secondary\",\"title_element\":\"h1\",\"title_style\":\"heading-small\",\"visibility\":\"s\"}},{\"type\":\"headline\",\"props\":{\"animation\":\"parallax\",\"content\":\"Bio\u00e9nergie\",\"image_align\":\"left\",\"image_margin\":\"xsmall\",\"margin_top\":\"remove\",\"parallax_blur\":\"50\",\"parallax_opacity\":\"1,0,0\",\"parallax_scale\":\"0.5\",\"parallax_start\":\"50vh + 50%\",\"position\":\"relative\",\"position_z_index\":\"1\",\"text_align\":\"center\",\"title_element\":\"h1\",\"title_style\":\"heading-2xlarge\",\"visibility\":\"hidden-s\"}}]}]}],\"name\":\"Hero\"},{\"name\":\"01\",\"type\":\"section\",\"props\":{\"animation\":\"fade\",\"animation_delay\":\"200\",\"header_transparent\":true,\"header_transparent_noplaceholder\":true,\"header_transparent_text_color\":\"dark\",\"id\":\"01\",\"image_loading\":true,\"image_position\":\"center-center\",\"image_width\":\"1300\",\"padding_bottom\":\"xlarge\",\"padding_top\":\"large\",\"preserve_color\":true,\"style\":\"default\",\"title_breakpoint\":\"xl\",\"title_position\":\"top-left\",\"title_rotation\":\"left\",\"vertical_align\":\"\",\"width\":\"xsmall\"},\"children\":[{\"type\":\"row\",\"props\":{\"column_gap\":\"large\",\"row_gap\":\"large\"},\"children\":[{\"type\":\"column\",\"props\":{\"image_position\":\"center-center\",\"position_sticky_breakpoint\":\"m\"},\"children\":[{\"type\":\"headline\",\"props\":{\"block_align\":\"center\",\"content\":\"TH\u00c9RAPIE BIO\u00c9NERG\u00c9TIQUE INT\u00c9GRATIVE ET COMPL\u00c9MENTAIRE\",\"id\":\"01\",\"image_align\":\"left\",\"image_margin\":\"xsmall\",\"margin_bottom\":\"default\",\"maxwidth\":\"2xlarge\",\"maxwidth_breakpoint\":\"m\",\"text_align\":\"left\",\"text_align_breakpoint\":\"m\",\"text_align_fallback\":\"left\",\"title_color\":\"warning\",\"title_element\":\"h1\",\"title_style\":\"heading-large\"},\"name\":\"01\"},{\"type\":\"text\",\"props\":{\"block_align\":\"center\",\"column_breakpoint\":\"m\",\"content\":\"La th\u00e9rapie bio\u00e9nerg\u00e9tique int\u00e9grative et compl\u00e9mentaire est reconnue et approuv\u00e9e par la l\u00e9gislation br\u00e9silienne et l'Organisation mondiale de la Sant\u00e9 (OMS), notamment par le biais de la Politique nationale relative aux pratiques int\u00e9gratives et compl\u00e9mentaires du SUS (Br\u00e9sil), qui stipule:\\n\",\"dropcap\":false,\"margin_bottom\":\"medium\",\"margin_top\":\"medium\",\"maxwidth_breakpoint\":\"m\",\"text_align\":\"left\",\"text_style\":\"lead\"}},{\"type\":\"text\",\"props\":{\"block_align\":\"center\",\"column_breakpoint\":\"m\",\"content\":\"\\n\u00ab La bio\u00e9nerg\u00e9tique adopte une vision vitaliste de l\u2019\u00eatre humain et du monde, une approche holistique de la sant\u00e9 du sujet, et utilise des ressources th\u00e9rapeutiques non invasives, fond\u00e9es sur une connexion humaine s\u00e9curis\u00e9e, afin d\u2019am\u00e9liorer la vitalit\u00e9 des personnes. \u00bb\",\"dropcap\":false,\"margin_bottom\":\"medium\",\"margin_top\":\"medium\",\"maxwidth_breakpoint\":\"m\",\"text_align\":\"left\",\"text_style\":\"lead\"}}]}]}]}],\"version\":\"5.0.19\"} --><\/p>\n","protected":false},"excerpt":{"rendered":"<p>Bio\u00e9nergie Bio\u00e9nergie TH\u00c9RAPIE BIO\u00c9NERG\u00c9TIQUE INT\u00c9GRATIVE ET COMPL\u00c9MENTAIRE La th\u00e9rapie bio\u00e9nerg\u00e9tique int\u00e9grative et compl\u00e9mentaire est reconnue et approuv\u00e9e par la l\u00e9gislation br\u00e9silienne et l&#8217;Organisation mondiale de la Sant\u00e9 (OMS), notamment par le biais de la Politique nationale relative aux pratiques int\u00e9gratives et compl\u00e9mentaires du SUS (Br\u00e9sil), qui stipule: \u00ab La bio\u00e9nerg\u00e9tique adopte une vision vitaliste de [&hellip;]<\/p>\n","protected":false},"author":1,"featured_media":0,"parent":0,"menu_order":0,"comment_status":"closed","ping_status":"closed","template":"","meta":{"_themeisle_gutenberg_block_has_review":false,"footnotes":""},"class_list":["post-3054","page","type-page","status-publish","hentry"],"_links":{"self":[{"href":"https:\/\/lightlifesystem.com\/index.php?rest_route=\/wp\/v2\/pages\/3054","targetHints":{"allow":["GET"]}}],"collection":[{"href":"https:\/\/lightlifesystem.com\/index.php?rest_route=\/wp\/v2\/pages"}],"about":[{"href":"https:\/\/lightlifesystem.com\/index.php?rest_route=\/wp\/v2\/types\/page"}],"author":[{"embeddable":true,"href":"https:\/\/lightlifesystem.com\/index.php?rest_route=\/wp\/v2\/users\/1"}],"replies":[{"embeddable":true,"href":"https:\/\/lightlifesystem.com\/index.php?rest_route=%2Fwp%2Fv2%2Fcomments&post=3054"}],"version-history":[{"count":6,"href":"https:\/\/lightlifesystem.com\/index.php?rest_route=\/wp\/v2\/pages\/3054\/revisions"}],"predecessor-version":[{"id":4023,"href":"https:\/\/lightlifesystem.com\/index.php?rest_route=\/wp\/v2\/pages\/3054\/revisions\/4023"}],"wp:attachment":[{"href":"https:\/\/lightlifesystem.com\/index.php?rest_route=%2Fwp%2Fv2%2Fmedia&parent=3054"}],"curies":[{"name":"wp","href":"https:\/\/api.w.org\/{rel}","templated":true}]}}