{"id":3052,"date":"2026-02-27T10:28:46","date_gmt":"2026-02-27T10:28:46","guid":{"rendered":"https:\/\/lightlifesystem.medecine-empirique.org\/?page_id=3052"},"modified":"2026-02-28T15:53:58","modified_gmt":"2026-02-28T15:53:58","slug":"hors-contre-indications","status":"publish","type":"page","link":"https:\/\/lightlifesystem.com\/?page_id=3052","title":{"rendered":"Hors contre-indications"},"content":{"rendered":"<h1>Syst\u00e8me<\/h1>\n<h1>Syst\u00e8me<\/h1>\n<h1>HORS<br \/>CONTRE-INDICATIONS<\/h1>\n<div>Nous pr\u00e9cisons \u00e9galement que le terme QUANTIQUE utilis\u00e9 ici ne fait pas r\u00e9f\u00e9rence \u00e0 la PHYSIQUE QUANTIQUE, mais au concept scientifique de QUANTIQUE, omnipr\u00e9sent.<\/div>\n<ul>\n<li>\n<h3>I.<\/h3>\n<div>Il ne modifie ni n&#8217;annule aucun traitement en cours, et en renforce m\u00eame les bienfaits.<\/div>\n<\/li>\n<li>\n<h3>II.<\/h3>\n<div>Il est totalement exempt d&#8217;utilisation de rayonnement lumineux, ou de rayonnement provenant de la lumi\u00e8re, sans aucune intervention d&#8217;une substance luminescente \u00e9mettant des photons.<\/div>\n<\/li>\n<li>\n<h3>III.<\/h3>\n<div>Il n&#8217;\u00e9met ni chaleur ni vapeur, fonctionnant en l&#8217;absence de tout cela.<\/div>\n<\/li>\n<li>\n<h3>IV.<\/h3>\n<div>Il n&#8217;utilise aucun type de magn\u00e9tisme ou d&#8217;\u00e9lectromagn\u00e9tisme ; l&#8217;existence d&#8217;ondes \u00e9lectromagn\u00e9tiques, magn\u00e9tiques ou statiques est absolument nulle.<\/div>\n<\/li>\n<li>\n<h3>V.<\/h3>\n<div>Il n&#8217;utilise pas d&#8217;\u00e9lectricit\u00e9 (il ne n\u00e9cessite aucune \u00e9nergie \u00e9lectrique ni statique pour fonctionner).<\/div>\n<\/li>\n<li>\n<h3>VI.<\/h3>\n<div>Il n&#8217;\u00e9met aucune lumi\u00e8re, aucun son, aucune onde ultrasonore, quelle que soit sa fr\u00e9quence.<\/div>\n<\/li>\n<\/ul>\n<p><!--more--><br \/>\n<!-- {\"type\":\"layout\",\"children\":[{\"type\":\"section\",\"props\":{\"header_transparent\":true,\"header_transparent_noplaceholder\":true,\"header_transparent_text_color\":\"light\",\"image_position\":\"center-center\",\"padding_bottom\":\"none\",\"padding_top\":\"none\",\"preserve_color\":true,\"style\":\"default\",\"title_breakpoint\":\"xl\",\"title_position\":\"top-left\",\"title_rotation\":\"left\",\"vertical_align\":\"\",\"width\":\"\"},\"children\":[{\"type\":\"row\",\"props\":{\"height\":\"viewport\",\"height_viewport_offset\":true},\"children\":[{\"type\":\"column\",\"props\":{\"image_position\":\"center-center\",\"image_size\":\"cover\",\"image_width\":\"2560\",\"padding\":\"none\",\"position_sticky\":\"section\",\"position_sticky_breakpoint\":\"\",\"video\":\"wp-content\/uploads\/yootheme\/3.mp4\"}}]},{\"type\":\"row\",\"props\":{\"css\":\".el-row {\\n    position: relative;\\n    z-index: 1;\\n    margin-top: -100vh;\\n}\",\"height\":\"viewport\"},\"children\":[{\"type\":\"column\",\"props\":{\"image_position\":\"center-center\",\"position_sticky_breakpoint\":\"m\",\"text_color\":\"light\",\"vertical_align\":\"middle\"},\"children\":[{\"type\":\"image\",\"props\":{\"animation\":\"parallax\",\"block_align\":\"center\",\"image\":\"\",\"image_loading\":true,\"image_svg_color\":\"emphasis\",\"image_width\":99,\"margin_bottom\":\"small\",\"margin_top\":\"small\",\"maxwidth\":\"xlarge\",\"parallax_blur\":\"50\",\"parallax_opacity\":\"1,0,0\",\"parallax_scale\":\"0.5\",\"parallax_start\":\"55vh + 50%\",\"position\":\"relative\",\"position_z_index\":\"1\",\"text_align\":\"left\",\"text_align_breakpoint\":\"l\",\"text_align_fallback\":\"left\"}},{\"type\":\"headline\",\"props\":{\"animation\":\"parallax\",\"content\":\"Syst\u00e8me\",\"image_align\":\"left\",\"image_margin\":\"xsmall\",\"margin_top\":\"remove\",\"parallax_opacity\":\"1,0,0\",\"parallax_scale\":\"0.5\",\"parallax_start\":\"55vh + 50%\",\"position\":\"relative\",\"position_z_index\":\"1\",\"text_align\":\"center\",\"title_color\":\"secondary\",\"title_element\":\"h1\",\"title_style\":\"heading-2xlarge\",\"visibility\":\"s\"}},{\"type\":\"headline\",\"props\":{\"animation\":\"parallax\",\"content\":\"\",\"image_align\":\"left\",\"image_margin\":\"xsmall\",\"margin_top\":\"remove\",\"parallax_opacity\":\"1,0,0\",\"parallax_scale\":\"0.5\",\"parallax_start\":\"55vh + 50%\",\"position\":\"relative\",\"position_z_index\":\"1\",\"text_align\":\"center\",\"title_color\":\"secondary\",\"title_element\":\"h1\",\"title_style\":\"heading-small\",\"visibility\":\"s\"}},{\"type\":\"headline\",\"props\":{\"animation\":\"parallax\",\"content\":\"Syst\u00e8me\",\"image_align\":\"left\",\"image_margin\":\"xsmall\",\"margin_top\":\"remove\",\"parallax_blur\":\"50\",\"parallax_opacity\":\"1,0,0\",\"parallax_scale\":\"0.5\",\"parallax_start\":\"50vh + 50%\",\"position\":\"relative\",\"position_z_index\":\"1\",\"text_align\":\"center\",\"title_element\":\"h1\",\"title_style\":\"heading-2xlarge\",\"visibility\":\"hidden-s\"}}]}]}],\"name\":\"Hero\"},{\"name\":\"01\",\"type\":\"section\",\"props\":{\"animation\":\"fade\",\"animation_delay\":\"200\",\"header_transparent\":true,\"header_transparent_noplaceholder\":true,\"header_transparent_text_color\":\"dark\",\"id\":\"01\",\"image_loading\":true,\"image_position\":\"center-center\",\"image_width\":\"1300\",\"padding_bottom\":\"xlarge\",\"padding_top\":\"large\",\"preserve_color\":true,\"style\":\"default\",\"title_breakpoint\":\"xl\",\"title_position\":\"top-left\",\"title_rotation\":\"left\",\"vertical_align\":\"\",\"width\":\"small\"},\"children\":[{\"type\":\"row\",\"props\":{\"column_gap\":\"large\",\"row_gap\":\"large\"},\"children\":[{\"type\":\"column\",\"props\":{\"image_position\":\"center-center\",\"position_sticky_breakpoint\":\"m\"},\"children\":[{\"type\":\"headline\",\"props\":{\"content\":\"HORS<br \/>CONTRE-INDICATIONS\",\"id\":\"01\",\"image_align\":\"left\",\"image_margin\":\"xsmall\",\"margin_bottom\":\"default\",\"maxwidth\":\"xlarge\",\"maxwidth_breakpoint\":\"m\",\"text_align\":\"left\",\"text_align_breakpoint\":\"m\",\"text_align_fallback\":\"left\",\"title_color\":\"warning\",\"title_element\":\"h1\",\"title_style\":\"heading-large\"},\"name\":\"01\"},{\"type\":\"text\",\"props\":{\"block_align\":\"center\",\"column_breakpoint\":\"m\",\"content\":\"Nous pr\u00e9cisons \u00e9galement que le terme QUANTIQUE utilis\u00e9 ici ne fait pas r\u00e9f\u00e9rence \u00e0 la PHYSIQUE QUANTIQUE, mais au concept scientifique de QUANTIQUE, omnipr\u00e9sent.\",\"dropcap\":false,\"margin_bottom\":\"medium\",\"margin_top\":\"medium\",\"maxwidth_breakpoint\":\"m\",\"text_align\":\"left\",\"text_style\":\"lead\"}},{\"name\":\"Grid Parallax\",\"type\":\"grid\",\"children\":[{\"type\":\"grid_item\",\"props\":{\"content\":\"Il ne modifie ni n'annule aucun traitement en cours, et en renforce m\u00eame les bienfaits.\",\"image\":\"\",\"title\":\"I.\"}},{\"type\":\"grid_item\",\"props\":{\"content\":\"Il est totalement exempt d'utilisation de rayonnement lumineux, ou de rayonnement provenant de la lumi\u00e8re, sans aucune intervention d'une substance luminescente \u00e9mettant des photons.\",\"image\":\"\",\"title\":\"II.\"}},{\"type\":\"grid_item\",\"props\":{\"content\":\"Il n'\u00e9met ni chaleur ni vapeur, fonctionnant en l'absence de tout cela.\",\"image\":\"\",\"title\":\"III.\"}},{\"type\":\"grid_item\",\"props\":{\"content\":\"Il n'utilise aucun type de magn\u00e9tisme ou d'\u00e9lectromagn\u00e9tisme ; l'existence d'ondes \u00e9lectromagn\u00e9tiques, magn\u00e9tiques ou statiques est absolument nulle.\",\"image\":\"\",\"title\":\"IV.\"}},{\"type\":\"grid_item\",\"props\":{\"content\":\"Il n'utilise pas d'\u00e9lectricit\u00e9 (il ne n\u00e9cessite aucune \u00e9nergie \u00e9lectrique ni statique pour fonctionner).\",\"image\":\"\",\"title\":\"V.\"}},{\"type\":\"grid_item\",\"props\":{\"content\":\"Il n'\u00e9met aucune lumi\u00e8re, aucun son, aucune onde ultrasonore, quelle que soit sa fr\u00e9quence.\",\"image\":\"\",\"title\":\"VI.\"}}],\"props\":{\"content_column_breakpoint\":\"m\",\"content_style\":\"text-lead\",\"filter_align\":\"left\",\"filter_all\":true,\"filter_grid_breakpoint\":\"m\",\"filter_grid_width\":\"auto\",\"filter_position\":\"top\",\"filter_style\":\"tab\",\"grid_column_align\":false,\"grid_default\":\"1\",\"grid_divider\":true,\"grid_medium\":\"2\",\"grid_small\":\"2\",\"image_align\":\"top\",\"image_grid_breakpoint\":\"m\",\"image_grid_width\":\"1-2\",\"image_height\":\"50\",\"image_svg_animate\":false,\"image_svg_color\":\"primary\",\"image_svg_inline\":true,\"image_width\":\"50\",\"item_animation\":true,\"lightbox_bg_close\":true,\"link_style\":\"text\",\"link_text\":\"Read more\",\"margin_bottom\":\"default\",\"margin_top\":\"default\",\"meta_align\":\"below-title\",\"meta_element\":\"div\",\"meta_style\":\"text-lead\",\"panel_padding\":\"default\",\"parallax_breakpoint\":\"m\",\"parallax_easing\":\"1\",\"show_content\":true,\"show_hover_image\":true,\"show_hover_video\":true,\"show_image\":true,\"show_link\":true,\"show_meta\":true,\"show_title\":true,\"show_video\":true,\"text_align\":\"left\",\"text_align_breakpoint\":\"s\",\"text_align_fallback\":\"left\",\"title_align\":\"top\",\"title_color\":\"secondary\",\"title_element\":\"h3\",\"title_grid_breakpoint\":\"m\",\"title_grid_width\":\"1-2\",\"title_hover_style\":\"reset\",\"title_style\":\"h3\"}}]}]}]}],\"version\":\"5.0.12\"} --><\/p>\n","protected":false},"excerpt":{"rendered":"<p>Syst\u00e8me Syst\u00e8me HORSCONTRE-INDICATIONS Nous pr\u00e9cisons \u00e9galement que le terme QUANTIQUE utilis\u00e9 ici ne fait pas r\u00e9f\u00e9rence \u00e0 la PHYSIQUE QUANTIQUE, mais au concept scientifique de QUANTIQUE, omnipr\u00e9sent. I. Il ne modifie ni n&#8217;annule aucun traitement en cours, et en renforce m\u00eame les bienfaits. II. Il est totalement exempt d&#8217;utilisation de rayonnement lumineux, ou de rayonnement [&hellip;]<\/p>\n","protected":false},"author":1,"featured_media":0,"parent":0,"menu_order":0,"comment_status":"closed","ping_status":"closed","template":"","meta":{"_themeisle_gutenberg_block_has_review":false,"footnotes":""},"class_list":["post-3052","page","type-page","status-publish","hentry"],"_links":{"self":[{"href":"https:\/\/lightlifesystem.com\/index.php?rest_route=\/wp\/v2\/pages\/3052","targetHints":{"allow":["GET"]}}],"collection":[{"href":"https:\/\/lightlifesystem.com\/index.php?rest_route=\/wp\/v2\/pages"}],"about":[{"href":"https:\/\/lightlifesystem.com\/index.php?rest_route=\/wp\/v2\/types\/page"}],"author":[{"embeddable":true,"href":"https:\/\/lightlifesystem.com\/index.php?rest_route=\/wp\/v2\/users\/1"}],"replies":[{"embeddable":true,"href":"https:\/\/lightlifesystem.com\/index.php?rest_route=%2Fwp%2Fv2%2Fcomments&post=3052"}],"version-history":[{"count":10,"href":"https:\/\/lightlifesystem.com\/index.php?rest_route=\/wp\/v2\/pages\/3052\/revisions"}],"predecessor-version":[{"id":3235,"href":"https:\/\/lightlifesystem.com\/index.php?rest_route=\/wp\/v2\/pages\/3052\/revisions\/3235"}],"wp:attachment":[{"href":"https:\/\/lightlifesystem.com\/index.php?rest_route=%2Fwp%2Fv2%2Fmedia&parent=3052"}],"curies":[{"name":"wp","href":"https:\/\/api.w.org\/{rel}","templated":true}]}}