{"id":3050,"date":"2026-02-27T10:28:30","date_gmt":"2026-02-27T10:28:30","guid":{"rendered":"https:\/\/lightlifesystem.medecine-empirique.org\/?page_id=3050"},"modified":"2026-03-28T14:09:19","modified_gmt":"2026-03-28T14:09:19","slug":"activer-des-portails-dimensionnels","status":"publish","type":"page","link":"https:\/\/lightlifesystem.com\/?page_id=3050","title":{"rendered":"Installer et activer des portails dimensionnels"},"content":{"rendered":"<h1>Portails<br \/>Dimmensionnels<\/p>\n<\/h1>\n<h1>Monde actuel et proposition<\/p>\n<\/h1>\n<h1>INSTALLER ET ACTIVER DES PORTAILS DIMENSIONNELS<\/h1>\n<div>Nous cherchons \u00e0 installer et \u00e0 activer des portails dimensionnels pour relier deux mondes <\/p>\n<p>&#8211; le monde de l&#8217;abondance, dans sa pl\u00e9nitude,<br \/>\n&#8211; et le monde mat\u00e9riel, o\u00f9 pr\u00e9domine le manque.<\/div>\n<div>\n<p>\u00c0 travers ces portails, nous souhaitons donner acc\u00e8s aux \u00e9nergies d&#8217;\u00e9quilibre et de bien- \u00eatre. L&#8217;exposition aux portails g\u00e9n\u00e8re des bienfaits globaux qui englobent \u00e0 la fois le corps physique \u2014 ce qui est tangible \u2014 et les plans non physiques de l&#8217;\u00eatre humain : l&#8217;esprit, les pens\u00e9es, les \u00e9motions, les conflits int\u00e9rieurs, le chaos psychologique et la souffrance physique.<\/p>\n<\/div>\n<p><!--more--><br \/>\n<!-- {\"type\":\"layout\",\"children\":[{\"type\":\"section\",\"props\":{\"header_transparent\":true,\"header_transparent_noplaceholder\":true,\"header_transparent_text_color\":\"light\",\"image_position\":\"center-center\",\"padding_bottom\":\"none\",\"padding_top\":\"none\",\"preserve_color\":true,\"style\":\"default\",\"title_breakpoint\":\"xl\",\"title_position\":\"top-left\",\"title_rotation\":\"left\",\"vertical_align\":\"\",\"width\":\"\"},\"children\":[{\"type\":\"row\",\"props\":{\"height\":\"viewport\",\"height_viewport_offset\":true},\"children\":[{\"type\":\"column\",\"props\":{\"image\":\"wp-content\/uploads\/z2.png\",\"image_position\":\"center-center\",\"image_size\":\"cover\",\"image_width\":\"2560\",\"media_overlay\":\"rgba(0, 0, 0, 0)\",\"padding\":\"none\",\"position_sticky\":\"section\",\"position_sticky_breakpoint\":\"\"}}]},{\"type\":\"row\",\"props\":{\"css\":\".el-row {\\n    position: relative;\\n    z-index: 1;\\n    margin-top: -100vh;\\n}\",\"height\":\"viewport\"},\"children\":[{\"type\":\"column\",\"props\":{\"image_position\":\"center-center\",\"position_sticky_breakpoint\":\"m\",\"text_color\":\"light\",\"vertical_align\":\"middle\"},\"children\":[{\"type\":\"image\",\"props\":{\"animation\":\"parallax\",\"block_align\":\"center\",\"image\":\"\",\"image_loading\":true,\"image_svg_color\":\"emphasis\",\"image_width\":99,\"margin_bottom\":\"small\",\"margin_top\":\"small\",\"maxwidth\":\"xlarge\",\"parallax_blur\":\"50\",\"parallax_opacity\":\"1,0,0\",\"parallax_scale\":\"0.5\",\"parallax_start\":\"55vh + 50%\",\"position\":\"relative\",\"position_z_index\":\"1\",\"text_align\":\"left\",\"text_align_breakpoint\":\"l\",\"text_align_fallback\":\"left\"}},{\"type\":\"headline\",\"props\":{\"animation\":\"parallax\",\"content\":\"Portails<br \/>Dimmensionnels\\n\\n\\n\",\"image_align\":\"left\",\"image_margin\":\"xsmall\",\"margin_top\":\"remove\",\"parallax_opacity\":\"1,0,0\",\"parallax_scale\":\"0.5\",\"parallax_start\":\"55vh + 50%\",\"position\":\"relative\",\"position_z_index\":\"1\",\"text_align\":\"center\",\"title_color\":\"secondary\",\"title_element\":\"h1\",\"title_style\":\"heading-large\",\"visibility\":\"s\"}},{\"type\":\"headline\",\"props\":{\"animation\":\"parallax\",\"content\":\"\",\"image_align\":\"left\",\"image_margin\":\"xsmall\",\"margin_top\":\"remove\",\"parallax_opacity\":\"1,0,0\",\"parallax_scale\":\"0.5\",\"parallax_start\":\"55vh + 50%\",\"position\":\"relative\",\"position_z_index\":\"1\",\"text_align\":\"center\",\"title_color\":\"secondary\",\"title_element\":\"h1\",\"title_style\":\"heading-small\",\"visibility\":\"s\"}},{\"type\":\"headline\",\"props\":{\"animation\":\"parallax\",\"content\":\"Monde actuel et proposition\\n\\n\\n\",\"image_align\":\"left\",\"image_margin\":\"xsmall\",\"margin_top\":\"remove\",\"parallax_blur\":\"50\",\"parallax_opacity\":\"1,0,0\",\"parallax_scale\":\"0.5\",\"parallax_start\":\"50vh + 50%\",\"position\":\"relative\",\"position_z_index\":\"1\",\"text_align\":\"center\",\"title_element\":\"h1\",\"title_style\":\"heading-large\",\"visibility\":\"hidden-s\"}}]}]}],\"name\":\"Hero\"},{\"name\":\"01\",\"type\":\"section\",\"props\":{\"animation\":\"fade\",\"animation_delay\":\"200\",\"header_transparent\":true,\"header_transparent_noplaceholder\":true,\"header_transparent_text_color\":\"dark\",\"id\":\"01\",\"image_loading\":true,\"image_position\":\"center-center\",\"image_width\":\"1300\",\"padding_bottom\":\"xlarge\",\"padding_top\":\"large\",\"preserve_color\":true,\"style\":\"default\",\"title_breakpoint\":\"xl\",\"title_position\":\"top-left\",\"title_rotation\":\"left\",\"vertical_align\":\"\",\"width\":\"xsmall\"},\"children\":[{\"type\":\"row\",\"props\":{\"column_gap\":\"large\",\"row_gap\":\"large\"},\"children\":[{\"type\":\"column\",\"props\":{\"image_position\":\"center-center\",\"position_sticky_breakpoint\":\"m\"},\"children\":[{\"type\":\"headline\",\"props\":{\"block_align\":\"center\",\"content\":\"INSTALLER ET ACTIVER DES PORTAILS DIMENSIONNELS\",\"id\":\"01\",\"image_align\":\"left\",\"image_margin\":\"xsmall\",\"margin_bottom\":\"default\",\"maxwidth\":\"2xlarge\",\"maxwidth_breakpoint\":\"m\",\"text_align\":\"left\",\"text_align_breakpoint\":\"m\",\"text_align_fallback\":\"left\",\"title_color\":\"warning\",\"title_element\":\"h1\",\"title_style\":\"heading-large\"},\"name\":\"01\"},{\"type\":\"text\",\"props\":{\"block_align\":\"center\",\"column_breakpoint\":\"m\",\"content\":\"Nous cherchons \u00e0 installer et \u00e0 activer des portails dimensionnels pour relier deux mondes \n\n\\n- le monde de l'abondance, dans sa pl\u00e9nitude,<br \/>\\n- et le monde mat\u00e9riel, o\u00f9 pr\u00e9domine le manque.\",\"dropcap\":false,\"margin_bottom\":\"medium\",\"margin_top\":\"medium\",\"maxwidth_breakpoint\":\"m\",\"text_align\":\"left\",\"text_style\":\"lead\"}},{\"type\":\"text\",\"props\":{\"block_align\":\"center\",\"column_breakpoint\":\"m\",\"content\":\"\n\n<p>\u00c0 travers ces portails, nous souhaitons donner acc\u00e8s aux \u00e9nergies d'\u00e9quilibre et de bien- \u00eatre. L'exposition aux portails g\u00e9n\u00e8re des bienfaits globaux qui englobent \u00e0 la fois le corps physique \u2014 ce qui est tangible \u2014 et les plans non physiques de l'\u00eatre humain : l'esprit, les pens\u00e9es, les \u00e9motions, les conflits int\u00e9rieurs, le chaos psychologique et la souffrance physique.<\/p>\n\n\",\"dropcap\":false,\"margin_bottom\":\"medium\",\"margin_top\":\"medium\",\"maxwidth_breakpoint\":\"m\",\"text_align\":\"left\",\"text_style\":\"lead\"}}]}]}]}],\"version\":\"5.0.19\"} --><\/p>\n","protected":false},"excerpt":{"rendered":"<p>PortailsDimmensionnels Monde actuel et proposition INSTALLER ET ACTIVER DES PORTAILS DIMENSIONNELS Nous cherchons \u00e0 installer et \u00e0 activer des portails dimensionnels pour relier deux mondes &#8211; le monde de l&#8217;abondance, dans sa pl\u00e9nitude, &#8211; et le monde mat\u00e9riel, o\u00f9 pr\u00e9domine le manque. \u00c0 travers ces portails, nous souhaitons donner acc\u00e8s aux \u00e9nergies d&#8217;\u00e9quilibre et de [&hellip;]<\/p>\n","protected":false},"author":1,"featured_media":0,"parent":0,"menu_order":0,"comment_status":"closed","ping_status":"closed","template":"","meta":{"_themeisle_gutenberg_block_has_review":false,"footnotes":""},"class_list":["post-3050","page","type-page","status-publish","hentry"],"_links":{"self":[{"href":"https:\/\/lightlifesystem.com\/index.php?rest_route=\/wp\/v2\/pages\/3050","targetHints":{"allow":["GET"]}}],"collection":[{"href":"https:\/\/lightlifesystem.com\/index.php?rest_route=\/wp\/v2\/pages"}],"about":[{"href":"https:\/\/lightlifesystem.com\/index.php?rest_route=\/wp\/v2\/types\/page"}],"author":[{"embeddable":true,"href":"https:\/\/lightlifesystem.com\/index.php?rest_route=\/wp\/v2\/users\/1"}],"replies":[{"embeddable":true,"href":"https:\/\/lightlifesystem.com\/index.php?rest_route=%2Fwp%2Fv2%2Fcomments&post=3050"}],"version-history":[{"count":14,"href":"https:\/\/lightlifesystem.com\/index.php?rest_route=\/wp\/v2\/pages\/3050\/revisions"}],"predecessor-version":[{"id":3981,"href":"https:\/\/lightlifesystem.com\/index.php?rest_route=\/wp\/v2\/pages\/3050\/revisions\/3981"}],"wp:attachment":[{"href":"https:\/\/lightlifesystem.com\/index.php?rest_route=%2Fwp%2Fv2%2Fmedia&parent=3050"}],"curies":[{"name":"wp","href":"https:\/\/api.w.org\/{rel}","templated":true}]}}