{"id":3048,"date":"2026-02-27T10:27:57","date_gmt":"2026-02-27T10:27:57","guid":{"rendered":"https:\/\/lightlifesystem.medecine-empirique.org\/?page_id=3048"},"modified":"2026-03-28T13:45:24","modified_gmt":"2026-03-28T13:45:24","slug":"ce-que-nous-faisons-et-comment","status":"publish","type":"page","link":"https:\/\/lightlifesystem.com\/?page_id=3048","title":{"rendered":"Ce que nous faisons et comment"},"content":{"rendered":"<h1>\u00e9quilibre<\/h1>\n<h1>\u00e9quilibre<\/h1>\n<h1>CE QUE NOUS FAISONS ET COMMENT NOUS LE FAISONS<\/h1>\n<div>Actuellement, nous proposons des s\u00e9ances de soins individuels \u00e0 distance. Le receveur peut se trouver n&#8217;importe o\u00f9 dans le monde, car le travail ne d\u00e9pend pas d&#8217;une pr\u00e9sence physique, mais plut\u00f4t d&#8217;une connexion avec des dimensions sup\u00e9rieures. Ces soins visent \u00e0 aider les personnes \u00e0 de multiples niveaux : physique, psychologique, spirituel et transcendantal, en favorisant les processus de gu\u00e9rison, la clart\u00e9 int\u00e9rieure et la reconnexion \u00e0 leur v\u00e9ritable essence.<\/div>\n<div>Pour rendre ce travail possible et durable, nous facturons nos services. Cette contribution permet non seulement la poursuite des soins individuels, mais sert \u00e9galement un objectif plus vaste : \u00e9tablir des portails dimensionnels dans diff\u00e9rentes villes et diff\u00e9rents pays, \u00e9largissant ainsi l&#8217;acc\u00e8s \u00e0 ce plan d&#8217;abondance et d&#8217;\u00e9quilibre pour des communaut\u00e9s enti\u00e8res. Notre vision est que, gr\u00e2ce \u00e0 ce travail, de plus en plus de personnes puissent b\u00e9n\u00e9ficier d&#8217;une force qui restaure, \u00e9veille et rappelle la v\u00e9ritable essence de l&#8217;\u00eatre humain.<\/div>\n<p><!--more--><br \/>\n<!-- {\"type\":\"layout\",\"children\":[{\"type\":\"section\",\"props\":{\"header_transparent\":true,\"header_transparent_noplaceholder\":true,\"header_transparent_text_color\":\"light\",\"image_position\":\"center-center\",\"padding_bottom\":\"none\",\"padding_top\":\"none\",\"preserve_color\":true,\"style\":\"default\",\"title_breakpoint\":\"xl\",\"title_position\":\"top-left\",\"title_rotation\":\"left\",\"vertical_align\":\"\",\"width\":\"\"},\"children\":[{\"type\":\"row\",\"props\":{\"height\":\"viewport\",\"height_viewport_offset\":true},\"children\":[{\"type\":\"column\",\"props\":{\"image\":\"wp-content\/uploads\/two.png\",\"image_position\":\"center-center\",\"image_size\":\"cover\",\"image_width\":\"2560\",\"padding\":\"none\",\"position_sticky\":\"section\",\"position_sticky_breakpoint\":\"\"}}]},{\"type\":\"row\",\"props\":{\"css\":\".el-row {\\n    position: relative;\\n    z-index: 1;\\n    margin-top: -100vh;\\n}\",\"height\":\"viewport\"},\"children\":[{\"type\":\"column\",\"props\":{\"image_position\":\"center-center\",\"position_sticky_breakpoint\":\"m\",\"text_color\":\"light\",\"vertical_align\":\"middle\"},\"children\":[{\"type\":\"image\",\"props\":{\"animation\":\"parallax\",\"block_align\":\"center\",\"image\":\"\",\"image_loading\":true,\"image_svg_color\":\"emphasis\",\"image_width\":99,\"margin_bottom\":\"small\",\"margin_top\":\"small\",\"maxwidth\":\"xlarge\",\"parallax_blur\":\"50\",\"parallax_opacity\":\"1,0,0\",\"parallax_scale\":\"0.5\",\"parallax_start\":\"55vh + 50%\",\"position\":\"relative\",\"position_z_index\":\"1\",\"text_align\":\"left\",\"text_align_breakpoint\":\"l\",\"text_align_fallback\":\"left\"}},{\"type\":\"headline\",\"props\":{\"animation\":\"parallax\",\"content\":\"\u00e9quilibre\",\"image_align\":\"left\",\"image_margin\":\"xsmall\",\"margin_top\":\"remove\",\"parallax_opacity\":\"1,0,0\",\"parallax_scale\":\"0.5\",\"parallax_start\":\"55vh + 50%\",\"position\":\"relative\",\"position_z_index\":\"1\",\"text_align\":\"center\",\"title_color\":\"secondary\",\"title_element\":\"h1\",\"title_style\":\"heading-2xlarge\",\"visibility\":\"s\"}},{\"type\":\"headline\",\"props\":{\"animation\":\"parallax\",\"content\":\"\",\"image_align\":\"left\",\"image_margin\":\"xsmall\",\"margin_top\":\"remove\",\"parallax_opacity\":\"1,0,0\",\"parallax_scale\":\"0.5\",\"parallax_start\":\"55vh + 50%\",\"position\":\"relative\",\"position_z_index\":\"1\",\"text_align\":\"center\",\"title_color\":\"secondary\",\"title_element\":\"h1\",\"title_style\":\"heading-small\",\"visibility\":\"s\"}},{\"type\":\"headline\",\"props\":{\"animation\":\"parallax\",\"content\":\"\u00e9quilibre\",\"image_align\":\"left\",\"image_margin\":\"xsmall\",\"margin_top\":\"remove\",\"parallax_blur\":\"50\",\"parallax_opacity\":\"1,0,0\",\"parallax_scale\":\"0.5\",\"parallax_start\":\"50vh + 50%\",\"position\":\"relative\",\"position_z_index\":\"1\",\"text_align\":\"center\",\"title_element\":\"h1\",\"title_style\":\"heading-2xlarge\",\"visibility\":\"hidden-s\"}}]}]}],\"name\":\"Hero\"},{\"name\":\"01\",\"type\":\"section\",\"props\":{\"animation\":\"fade\",\"animation_delay\":\"200\",\"header_transparent\":true,\"header_transparent_noplaceholder\":true,\"header_transparent_text_color\":\"dark\",\"id\":\"01\",\"image_loading\":true,\"image_position\":\"center-center\",\"image_width\":\"1300\",\"padding_bottom\":\"xlarge\",\"padding_top\":\"large\",\"preserve_color\":true,\"style\":\"default\",\"title_breakpoint\":\"xl\",\"title_position\":\"top-left\",\"title_rotation\":\"left\",\"vertical_align\":\"\",\"width\":\"xsmall\"},\"children\":[{\"type\":\"row\",\"props\":{\"column_gap\":\"large\",\"row_gap\":\"large\"},\"children\":[{\"type\":\"column\",\"props\":{\"image_position\":\"center-center\",\"position_sticky_breakpoint\":\"m\"},\"children\":[{\"type\":\"headline\",\"props\":{\"block_align\":\"center\",\"content\":\"CE QUE NOUS FAISONS ET COMMENT NOUS LE FAISONS\",\"id\":\"01\",\"image_align\":\"left\",\"image_margin\":\"xsmall\",\"margin_bottom\":\"default\",\"maxwidth\":\"2xlarge\",\"maxwidth_breakpoint\":\"m\",\"text_align\":\"left\",\"text_align_breakpoint\":\"m\",\"text_align_fallback\":\"left\",\"title_color\":\"warning\",\"title_element\":\"h1\",\"title_style\":\"heading-large\"},\"name\":\"01\"},{\"type\":\"text\",\"props\":{\"block_align\":\"center\",\"column_breakpoint\":\"m\",\"content\":\"Actuellement, nous proposons des s\u00e9ances de soins individuels \u00e0 distance. Le receveur peut se trouver n'importe o\u00f9 dans le monde, car le travail ne d\u00e9pend pas d'une pr\u00e9sence physique, mais plut\u00f4t d'une connexion avec des dimensions sup\u00e9rieures. Ces soins visent \u00e0 aider les personnes \u00e0 de multiples niveaux : physique, psychologique, spirituel et transcendantal, en favorisant les processus de gu\u00e9rison, la clart\u00e9 int\u00e9rieure et la reconnexion \u00e0 leur v\u00e9ritable essence.\",\"dropcap\":false,\"margin_bottom\":\"medium\",\"margin_top\":\"medium\",\"maxwidth_breakpoint\":\"m\",\"text_align\":\"left\",\"text_style\":\"lead\"}},{\"type\":\"text\",\"props\":{\"block_align\":\"center\",\"column_breakpoint\":\"m\",\"content\":\"Pour rendre ce travail possible et durable, nous facturons nos services. Cette contribution permet non seulement la poursuite des soins individuels, mais sert \u00e9galement un objectif plus vaste : \u00e9tablir des portails dimensionnels dans diff\u00e9rentes villes et diff\u00e9rents pays, \u00e9largissant ainsi l'acc\u00e8s \u00e0 ce plan d'abondance et d'\u00e9quilibre pour des communaut\u00e9s enti\u00e8res. Notre vision est que, gr\u00e2ce \u00e0 ce travail, de plus en plus de personnes puissent b\u00e9n\u00e9ficier d'une force qui restaure, \u00e9veille et rappelle la v\u00e9ritable essence de l'\u00eatre humain.\",\"dropcap\":false,\"margin_bottom\":\"medium\",\"margin_top\":\"medium\",\"maxwidth_breakpoint\":\"m\",\"text_align\":\"left\",\"text_style\":\"lead\"}}]}]}]}],\"version\":\"5.0.19\"} --><\/p>\n","protected":false},"excerpt":{"rendered":"<p>\u00e9quilibre \u00e9quilibre CE QUE NOUS FAISONS ET COMMENT NOUS LE FAISONS Actuellement, nous proposons des s\u00e9ances de soins individuels \u00e0 distance. Le receveur peut se trouver n&#8217;importe o\u00f9 dans le monde, car le travail ne d\u00e9pend pas d&#8217;une pr\u00e9sence physique, mais plut\u00f4t d&#8217;une connexion avec des dimensions sup\u00e9rieures. Ces soins visent \u00e0 aider les personnes [&hellip;]<\/p>\n","protected":false},"author":1,"featured_media":0,"parent":0,"menu_order":0,"comment_status":"closed","ping_status":"closed","template":"","meta":{"_themeisle_gutenberg_block_has_review":false,"footnotes":""},"class_list":["post-3048","page","type-page","status-publish","hentry"],"_links":{"self":[{"href":"https:\/\/lightlifesystem.com\/index.php?rest_route=\/wp\/v2\/pages\/3048","targetHints":{"allow":["GET"]}}],"collection":[{"href":"https:\/\/lightlifesystem.com\/index.php?rest_route=\/wp\/v2\/pages"}],"about":[{"href":"https:\/\/lightlifesystem.com\/index.php?rest_route=\/wp\/v2\/types\/page"}],"author":[{"embeddable":true,"href":"https:\/\/lightlifesystem.com\/index.php?rest_route=\/wp\/v2\/users\/1"}],"replies":[{"embeddable":true,"href":"https:\/\/lightlifesystem.com\/index.php?rest_route=%2Fwp%2Fv2%2Fcomments&post=3048"}],"version-history":[{"count":8,"href":"https:\/\/lightlifesystem.com\/index.php?rest_route=\/wp\/v2\/pages\/3048\/revisions"}],"predecessor-version":[{"id":3953,"href":"https:\/\/lightlifesystem.com\/index.php?rest_route=\/wp\/v2\/pages\/3048\/revisions\/3953"}],"wp:attachment":[{"href":"https:\/\/lightlifesystem.com\/index.php?rest_route=%2Fwp%2Fv2%2Fmedia&parent=3048"}],"curies":[{"name":"wp","href":"https:\/\/api.w.org\/{rel}","templated":true}]}}