{"id":3046,"date":"2026-02-27T10:27:39","date_gmt":"2026-02-27T10:27:39","guid":{"rendered":"https:\/\/lightlifesystem.medecine-empirique.org\/?page_id=3046"},"modified":"2026-03-28T13:46:36","modified_gmt":"2026-03-28T13:46:36","slug":"therapie-quantique-bioenergetique","status":"publish","type":"page","link":"https:\/\/lightlifesystem.com\/?page_id=3046","title":{"rendered":"Syst\u00e8me de th\u00e9rapie quantique bio\u00e9nerg\u00e9tique"},"content":{"rendered":"<h1>LIGHT LIFE<\/h1>\n<h1>LIGHT LIFE<\/h1>\n<h1>SYST\u00c8ME DE TH\u00c9RAPIE QUANTIQUE BIO\u00c9NERG\u00c9TIQUE<\/h1>\n<div>Aujourd&#8217;hui, il est possible d&#8217;acc\u00e9der \u00e0 cette BIO\u00c9NERGIE comme jamais auparavant et d&#8217;aider l&#8217;\u00eatre dans son int\u00e9gralit\u00e9 \u00e0 se renforcer. Il lui donne la force de se r\u00e9tablir et la volont\u00e9 de grandir et d&#8217;\u00e9voluer l\u00e0 o\u00f9 c&#8217;est n\u00e9cessaire. L&#8217;\u00eatre humain se transforme alors en une puissante antenne r\u00e9ceptrice pendant l&#8217;acc\u00e8s \u00e0 cette \u00e9nergie, d\u00e9clenchant ainsi le processus de gu\u00e9rison.<\/div>\n<div>Ainsi, les processus physiologiques naturels que le corps g\u00e9n\u00e8re pour s&#8217;\u00e9quilibrer sont instantan\u00e9ment activ\u00e9s par la bio\u00e9nergie, sans provoquer la moindre g\u00eane, induisant un \u00e9tat de repos et de r\u00e9\u00e9quilibrage, et connectant l&#8217;\u00eatre humain \u00e0 un champ de force d&#8217;\u00e9nergies sup\u00e9rieures.<\/div>\n<div>Nous pr\u00e9cisons \u00e9galement que le terme QUANTIQUE utilis\u00e9 ici ne fait pas r\u00e9f\u00e9rence \u00e0 la PHYSIQUE QUANTIQUE, mais au concept scientifique de QUANTIQUE, omnipr\u00e9sent.<\/div>\n<p><!--more--><br \/>\n<!-- {\"type\":\"layout\",\"children\":[{\"type\":\"section\",\"props\":{\"header_transparent\":true,\"header_transparent_noplaceholder\":true,\"header_transparent_text_color\":\"light\",\"image_position\":\"center-center\",\"padding_bottom\":\"none\",\"padding_top\":\"none\",\"preserve_color\":true,\"style\":\"default\",\"title_breakpoint\":\"xl\",\"title_position\":\"top-left\",\"title_rotation\":\"left\",\"vertical_align\":\"\",\"width\":\"\"},\"children\":[{\"type\":\"row\",\"props\":{\"height\":\"viewport\",\"height_viewport_offset\":true},\"children\":[{\"type\":\"column\",\"props\":{\"image\":\"wp-content\/uploads\/three.png\",\"image_position\":\"center-center\",\"image_size\":\"cover\",\"image_width\":\"2560\",\"padding\":\"none\",\"position_sticky\":\"section\",\"position_sticky_breakpoint\":\"\"}}]},{\"type\":\"row\",\"props\":{\"css\":\".el-row {\\n    position: relative;\\n    z-index: 1;\\n    margin-top: -100vh;\\n}\",\"height\":\"viewport\"},\"children\":[{\"type\":\"column\",\"props\":{\"image_position\":\"center-center\",\"position_sticky_breakpoint\":\"m\",\"text_color\":\"light\",\"vertical_align\":\"middle\"},\"children\":[{\"type\":\"image\",\"props\":{\"animation\":\"parallax\",\"block_align\":\"center\",\"image\":\"\",\"image_loading\":true,\"image_svg_color\":\"emphasis\",\"image_width\":99,\"margin_bottom\":\"small\",\"margin_top\":\"small\",\"maxwidth\":\"xlarge\",\"parallax_blur\":\"50\",\"parallax_opacity\":\"1,0,0\",\"parallax_scale\":\"0.5\",\"parallax_start\":\"55vh + 50%\",\"position\":\"relative\",\"position_z_index\":\"1\",\"text_align\":\"left\",\"text_align_breakpoint\":\"l\",\"text_align_fallback\":\"left\"}},{\"type\":\"headline\",\"props\":{\"animation\":\"parallax\",\"content\":\"LIGHT LIFE\",\"image_align\":\"left\",\"image_margin\":\"xsmall\",\"margin_top\":\"remove\",\"parallax_opacity\":\"1,0,0\",\"parallax_scale\":\"0.5\",\"parallax_start\":\"55vh + 50%\",\"position\":\"relative\",\"position_z_index\":\"1\",\"text_align\":\"center\",\"title_color\":\"secondary\",\"title_element\":\"h1\",\"title_style\":\"heading-2xlarge\",\"visibility\":\"s\"}},{\"type\":\"headline\",\"props\":{\"animation\":\"parallax\",\"content\":\"\",\"image_align\":\"left\",\"image_margin\":\"xsmall\",\"margin_top\":\"remove\",\"parallax_opacity\":\"1,0,0\",\"parallax_scale\":\"0.5\",\"parallax_start\":\"55vh + 50%\",\"position\":\"relative\",\"position_z_index\":\"1\",\"text_align\":\"center\",\"title_color\":\"secondary\",\"title_element\":\"h1\",\"title_style\":\"heading-small\",\"visibility\":\"s\"}},{\"type\":\"headline\",\"props\":{\"animation\":\"parallax\",\"content\":\"LIGHT LIFE\",\"image_align\":\"left\",\"image_margin\":\"xsmall\",\"margin_top\":\"remove\",\"parallax_blur\":\"50\",\"parallax_opacity\":\"1,0,0\",\"parallax_scale\":\"0.5\",\"parallax_start\":\"50vh + 50%\",\"position\":\"relative\",\"position_z_index\":\"1\",\"text_align\":\"center\",\"title_element\":\"h1\",\"title_style\":\"heading-2xlarge\",\"visibility\":\"hidden-s\"}}]}]}],\"name\":\"Hero\"},{\"name\":\"01\",\"type\":\"section\",\"props\":{\"animation\":\"fade\",\"animation_delay\":\"200\",\"header_transparent\":true,\"header_transparent_noplaceholder\":true,\"header_transparent_text_color\":\"dark\",\"id\":\"01\",\"image_loading\":true,\"image_position\":\"center-center\",\"image_width\":\"1300\",\"padding_bottom\":\"xlarge\",\"padding_top\":\"large\",\"preserve_color\":true,\"style\":\"default\",\"title_breakpoint\":\"xl\",\"title_position\":\"top-left\",\"title_rotation\":\"left\",\"vertical_align\":\"\",\"width\":\"xsmall\"},\"children\":[{\"type\":\"row\",\"props\":{\"column_gap\":\"large\",\"row_gap\":\"large\"},\"children\":[{\"type\":\"column\",\"props\":{\"image_position\":\"center-center\",\"position_sticky_breakpoint\":\"m\"},\"children\":[{\"type\":\"headline\",\"props\":{\"block_align\":\"center\",\"content\":\"SYST\u00c8ME DE TH\u00c9RAPIE QUANTIQUE BIO\u00c9NERG\u00c9TIQUE\",\"id\":\"01\",\"image_align\":\"left\",\"image_margin\":\"xsmall\",\"margin_bottom\":\"default\",\"maxwidth\":\"2xlarge\",\"maxwidth_breakpoint\":\"m\",\"text_align\":\"left\",\"text_align_breakpoint\":\"m\",\"text_align_fallback\":\"left\",\"title_color\":\"warning\",\"title_element\":\"h1\",\"title_style\":\"heading-large\"},\"name\":\"01\"},{\"type\":\"text\",\"props\":{\"block_align\":\"center\",\"column_breakpoint\":\"m\",\"content\":\"Aujourd'hui, il est possible d'acc\u00e9der \u00e0 cette BIO\u00c9NERGIE comme jamais auparavant et d'aider l'\u00eatre dans son int\u00e9gralit\u00e9 \u00e0 se renforcer. Il lui donne la force de se r\u00e9tablir et la volont\u00e9 de grandir et d'\u00e9voluer l\u00e0 o\u00f9 c'est n\u00e9cessaire. L'\u00eatre humain se transforme alors en une puissante antenne r\u00e9ceptrice pendant l'acc\u00e8s \u00e0 cette \u00e9nergie, d\u00e9clenchant ainsi le processus de gu\u00e9rison.\",\"dropcap\":false,\"margin_bottom\":\"medium\",\"margin_top\":\"medium\",\"maxwidth_breakpoint\":\"m\",\"text_align\":\"left\",\"text_style\":\"lead\"}},{\"type\":\"text\",\"props\":{\"block_align\":\"center\",\"column_breakpoint\":\"m\",\"content\":\"Ainsi, les processus physiologiques naturels que le corps g\u00e9n\u00e8re pour s'\u00e9quilibrer sont instantan\u00e9ment activ\u00e9s par la bio\u00e9nergie, sans provoquer la moindre g\u00eane, induisant un \u00e9tat de repos et de r\u00e9\u00e9quilibrage, et connectant l'\u00eatre humain \u00e0 un champ de force d'\u00e9nergies sup\u00e9rieures.\",\"dropcap\":false,\"margin_bottom\":\"medium\",\"margin_top\":\"medium\",\"maxwidth_breakpoint\":\"m\",\"text_align\":\"left\",\"text_style\":\"lead\"}},{\"type\":\"text\",\"props\":{\"block_align\":\"center\",\"column_breakpoint\":\"m\",\"content\":\"Nous pr\u00e9cisons \u00e9galement que le terme QUANTIQUE utilis\u00e9 ici ne fait pas r\u00e9f\u00e9rence \u00e0 la PHYSIQUE QUANTIQUE, mais au concept scientifique de QUANTIQUE, omnipr\u00e9sent.\",\"dropcap\":false,\"margin_bottom\":\"medium\",\"margin_top\":\"medium\",\"maxwidth_breakpoint\":\"m\",\"text_align\":\"left\",\"text_style\":\"lead\"}}]}]}]}],\"version\":\"5.0.19\"} --><\/p>\n","protected":false},"excerpt":{"rendered":"<p>LIGHT LIFE LIGHT LIFE SYST\u00c8ME DE TH\u00c9RAPIE QUANTIQUE BIO\u00c9NERG\u00c9TIQUE Aujourd&#8217;hui, il est possible d&#8217;acc\u00e9der \u00e0 cette BIO\u00c9NERGIE comme jamais auparavant et d&#8217;aider l&#8217;\u00eatre dans son int\u00e9gralit\u00e9 \u00e0 se renforcer. Il lui donne la force de se r\u00e9tablir et la volont\u00e9 de grandir et d&#8217;\u00e9voluer l\u00e0 o\u00f9 c&#8217;est n\u00e9cessaire. L&#8217;\u00eatre humain se transforme alors en une [&hellip;]<\/p>\n","protected":false},"author":1,"featured_media":0,"parent":0,"menu_order":0,"comment_status":"closed","ping_status":"closed","template":"","meta":{"_themeisle_gutenberg_block_has_review":false,"footnotes":""},"class_list":["post-3046","page","type-page","status-publish","hentry"],"_links":{"self":[{"href":"https:\/\/lightlifesystem.com\/index.php?rest_route=\/wp\/v2\/pages\/3046","targetHints":{"allow":["GET"]}}],"collection":[{"href":"https:\/\/lightlifesystem.com\/index.php?rest_route=\/wp\/v2\/pages"}],"about":[{"href":"https:\/\/lightlifesystem.com\/index.php?rest_route=\/wp\/v2\/types\/page"}],"author":[{"embeddable":true,"href":"https:\/\/lightlifesystem.com\/index.php?rest_route=\/wp\/v2\/users\/1"}],"replies":[{"embeddable":true,"href":"https:\/\/lightlifesystem.com\/index.php?rest_route=%2Fwp%2Fv2%2Fcomments&post=3046"}],"version-history":[{"count":9,"href":"https:\/\/lightlifesystem.com\/index.php?rest_route=\/wp\/v2\/pages\/3046\/revisions"}],"predecessor-version":[{"id":3955,"href":"https:\/\/lightlifesystem.com\/index.php?rest_route=\/wp\/v2\/pages\/3046\/revisions\/3955"}],"wp:attachment":[{"href":"https:\/\/lightlifesystem.com\/index.php?rest_route=%2Fwp%2Fv2%2Fmedia&parent=3046"}],"curies":[{"name":"wp","href":"https:\/\/api.w.org\/{rel}","templated":true}]}}