{"id":3042,"date":"2026-02-27T10:26:38","date_gmt":"2026-02-27T10:26:38","guid":{"rendered":"https:\/\/lightlifesystem.medecine-empirique.org\/?page_id=3042"},"modified":"2026-02-28T15:36:19","modified_gmt":"2026-02-28T15:36:19","slug":"notre-proposition-face-a-ce-scenario","status":"publish","type":"page","link":"https:\/\/lightlifesystem.com\/?page_id=3042","title":{"rendered":"Notre proposition face \u00e0 ce sc\u00e9nario"},"content":{"rendered":"<h1>proposition<\/h1>\n<h1>proposition<\/h1>\n<h1>Notre proposition face \u00e0 ce sc\u00e9nario<\/p>\n<\/h1>\n<div>\n<p>Face a\u0300 ce contexte de chaos et de pe\u0301nurie, notre initiative vise a\u0300 contrer ces forces de\u0301stabilisatrices. Nous proposons d&#8217;agir comme un e\u0301quilibreur, en apportant au plan physique des e\u0301nergies provenant d&#8217;une source ou\u0300 le bien absolu abonde.<\/p>\n<\/div>\n<div>Il existe une dimension d&#8217;abondance compl\u00e8te \u2014 l&#8217;origine m\u00eame du monde mat\u00e9riel \u2014<br \/>\no\u00f9 le bien n&#8217;est pas rare, mais infini. Notre proposition consiste \u00e0 relier ce plan d&#8217; abondance \u00e0 ce monde mat\u00e9riel, marqu\u00e9 par la p\u00e9nurie et le d\u00e9s\u00e9quilibre, afin de restaurer l&#8217;harmonie \u00e0 diff\u00e9rents niveaux de l&#8217;\u00eatre humain.\n<\/div>\n<div>L&#8217;objectif est de faciliter le contact des individus avec ces portails, non seulement pour soulager la souffrance imm\u00e9diate, mais aussi pour \u00e9veiller une conscience plus profonde : la compr\u00e9hension qu&#8217;il existe un bien sup\u00e9rieur, une force r\u00e9elle capable de reconnecter les \u00eatres humains \u00e0 leur v\u00e9ritable nature.<\/div>\n<p><!--more--><br \/>\n<!-- {\"type\":\"layout\",\"children\":[{\"type\":\"section\",\"props\":{\"header_transparent\":true,\"header_transparent_noplaceholder\":true,\"header_transparent_text_color\":\"light\",\"image_position\":\"center-center\",\"padding_bottom\":\"none\",\"padding_top\":\"none\",\"preserve_color\":true,\"style\":\"default\",\"title_breakpoint\":\"xl\",\"title_position\":\"top-left\",\"title_rotation\":\"left\",\"vertical_align\":\"\",\"width\":\"\"},\"children\":[{\"type\":\"row\",\"props\":{\"height\":\"viewport\",\"height_viewport_offset\":true},\"children\":[{\"type\":\"column\",\"props\":{\"image_position\":\"center-center\",\"image_size\":\"cover\",\"image_width\":\"2560\",\"padding\":\"none\",\"position_sticky\":\"section\",\"position_sticky_breakpoint\":\"\",\"video\":\"wp-content\/uploads\/yootheme\/3.mp4\"}}]},{\"type\":\"row\",\"props\":{\"css\":\".el-row {\\n    position: relative;\\n    z-index: 1;\\n    margin-top: -100vh;\\n}\",\"height\":\"viewport\"},\"children\":[{\"type\":\"column\",\"props\":{\"image_position\":\"center-center\",\"position_sticky_breakpoint\":\"m\",\"text_color\":\"light\",\"vertical_align\":\"middle\"},\"children\":[{\"type\":\"image\",\"props\":{\"animation\":\"parallax\",\"block_align\":\"center\",\"image\":\"\",\"image_loading\":true,\"image_svg_color\":\"emphasis\",\"image_width\":99,\"margin_bottom\":\"small\",\"margin_top\":\"small\",\"maxwidth\":\"xlarge\",\"parallax_blur\":\"50\",\"parallax_opacity\":\"1,0,0\",\"parallax_scale\":\"0.5\",\"parallax_start\":\"55vh + 50%\",\"position\":\"relative\",\"position_z_index\":\"1\",\"text_align\":\"left\",\"text_align_breakpoint\":\"l\",\"text_align_fallback\":\"left\"}},{\"type\":\"headline\",\"props\":{\"animation\":\"parallax\",\"content\":\"proposition\",\"image_align\":\"left\",\"image_margin\":\"xsmall\",\"margin_top\":\"remove\",\"parallax_opacity\":\"1,0,0\",\"parallax_scale\":\"0.5\",\"parallax_start\":\"55vh + 50%\",\"position\":\"relative\",\"position_z_index\":\"1\",\"text_align\":\"center\",\"title_color\":\"secondary\",\"title_element\":\"h1\",\"title_style\":\"heading-2xlarge\",\"visibility\":\"s\"}},{\"type\":\"headline\",\"props\":{\"animation\":\"parallax\",\"content\":\"proposition\",\"image_align\":\"left\",\"image_margin\":\"xsmall\",\"margin_top\":\"remove\",\"parallax_blur\":\"50\",\"parallax_opacity\":\"1,0,0\",\"parallax_scale\":\"0.5\",\"parallax_start\":\"50vh + 50%\",\"position\":\"relative\",\"position_z_index\":\"1\",\"text_align\":\"center\",\"title_element\":\"h1\",\"title_style\":\"heading-2xlarge\",\"visibility\":\"hidden-s\"}}]}]}],\"name\":\"Hero\"},{\"name\":\"01\",\"type\":\"section\",\"props\":{\"animation\":\"fade\",\"animation_delay\":\"200\",\"header_transparent\":true,\"header_transparent_noplaceholder\":true,\"header_transparent_text_color\":\"dark\",\"height\":\"viewport\",\"id\":\"01\",\"image_loading\":true,\"image_position\":\"center-center\",\"image_width\":\"1300\",\"padding_bottom\":\"large\",\"padding_top\":\"large\",\"preserve_color\":true,\"style\":\"default\",\"title_breakpoint\":\"xl\",\"title_position\":\"top-left\",\"title_rotation\":\"left\",\"vertical_align\":\"\",\"width\":\"xsmall\"},\"children\":[{\"type\":\"row\",\"props\":{\"column_gap\":\"large\",\"row_gap\":\"large\"},\"children\":[{\"type\":\"column\",\"props\":{\"image_position\":\"center-center\",\"position_sticky_breakpoint\":\"m\"},\"children\":[{\"type\":\"headline\",\"props\":{\"block_align\":\"center\",\"content\":\"Notre proposition face \u00e0 ce sc\u00e9nario\\n\\n\\n\",\"id\":\"01\",\"image_align\":\"left\",\"image_margin\":\"xsmall\",\"margin_bottom\":\"default\",\"maxwidth\":\"2xlarge\",\"maxwidth_breakpoint\":\"m\",\"text_align\":\"left\",\"text_align_breakpoint\":\"m\",\"text_align_fallback\":\"left\",\"title_color\":\"warning\",\"title_element\":\"h1\",\"title_style\":\"heading-large\"},\"name\":\"01\"},{\"type\":\"text\",\"props\":{\"block_align\":\"center\",\"column_breakpoint\":\"m\",\"content\":\"\n\n<p>Face a\u0300 ce contexte de chaos et de pe\u0301nurie, notre initiative vise a\u0300 contrer ces forces de\u0301stabilisatrices. Nous proposons d'agir comme un e\u0301quilibreur, en apportant au plan physique des e\u0301nergies provenant d'une source ou\u0300 le bien absolu abonde.<\/p>\n\n\",\"dropcap\":false,\"margin_bottom\":\"medium\",\"margin_top\":\"medium\",\"maxwidth_breakpoint\":\"m\",\"text_align\":\"left\",\"text_style\":\"lead\"}},{\"type\":\"text\",\"props\":{\"block_align\":\"center\",\"column_breakpoint\":\"m\",\"content\":\"Il existe une dimension d'abondance compl\u00e8te \u2014 l'origine m\u00eame du monde mat\u00e9riel \u2014\\no\u00f9 le bien n'est pas rare, mais infini. Notre proposition consiste \u00e0 relier ce plan d' abondance \u00e0 ce monde mat\u00e9riel, marqu\u00e9 par la p\u00e9nurie et le d\u00e9s\u00e9quilibre, afin de restaurer l'harmonie \u00e0 diff\u00e9rents niveaux de l'\u00eatre humain.\\n\",\"dropcap\":false,\"margin_bottom\":\"medium\",\"margin_top\":\"medium\",\"maxwidth_breakpoint\":\"m\",\"text_align\":\"left\",\"text_style\":\"lead\"}},{\"type\":\"text\",\"props\":{\"block_align\":\"center\",\"column_breakpoint\":\"m\",\"content\":\"L'objectif est de faciliter le contact des individus avec ces portails, non seulement pour soulager la souffrance imm\u00e9diate, mais aussi pour \u00e9veiller une conscience plus profonde : la compr\u00e9hension qu'il existe un bien sup\u00e9rieur, une force r\u00e9elle capable de reconnecter les \u00eatres humains \u00e0 leur v\u00e9ritable nature.\",\"dropcap\":false,\"margin_bottom\":\"medium\",\"margin_top\":\"medium\",\"maxwidth_breakpoint\":\"m\",\"text_align\":\"left\",\"text_style\":\"lead\"}}]}]}]}],\"version\":\"5.0.12\"} --><\/p>\n","protected":false},"excerpt":{"rendered":"<p>proposition proposition Notre proposition face \u00e0 ce sc\u00e9nario Face a\u0300 ce contexte de chaos et de pe\u0301nurie, notre initiative vise a\u0300 contrer ces forces de\u0301stabilisatrices. Nous proposons d&#8217;agir comme un e\u0301quilibreur, en apportant au plan physique des e\u0301nergies provenant d&#8217;une source ou\u0300 le bien absolu abonde. Il existe une dimension d&#8217;abondance compl\u00e8te \u2014 l&#8217;origine m\u00eame [&hellip;]<\/p>\n","protected":false},"author":1,"featured_media":0,"parent":0,"menu_order":0,"comment_status":"closed","ping_status":"closed","template":"","meta":{"_themeisle_gutenberg_block_has_review":false,"footnotes":""},"class_list":["post-3042","page","type-page","status-publish","hentry"],"_links":{"self":[{"href":"https:\/\/lightlifesystem.com\/index.php?rest_route=\/wp\/v2\/pages\/3042","targetHints":{"allow":["GET"]}}],"collection":[{"href":"https:\/\/lightlifesystem.com\/index.php?rest_route=\/wp\/v2\/pages"}],"about":[{"href":"https:\/\/lightlifesystem.com\/index.php?rest_route=\/wp\/v2\/types\/page"}],"author":[{"embeddable":true,"href":"https:\/\/lightlifesystem.com\/index.php?rest_route=\/wp\/v2\/users\/1"}],"replies":[{"embeddable":true,"href":"https:\/\/lightlifesystem.com\/index.php?rest_route=%2Fwp%2Fv2%2Fcomments&post=3042"}],"version-history":[{"count":14,"href":"https:\/\/lightlifesystem.com\/index.php?rest_route=\/wp\/v2\/pages\/3042\/revisions"}],"predecessor-version":[{"id":3217,"href":"https:\/\/lightlifesystem.com\/index.php?rest_route=\/wp\/v2\/pages\/3042\/revisions\/3217"}],"wp:attachment":[{"href":"https:\/\/lightlifesystem.com\/index.php?rest_route=%2Fwp%2Fv2%2Fmedia&parent=3042"}],"curies":[{"name":"wp","href":"https:\/\/api.w.org\/{rel}","templated":true}]}}