{"id":3040,"date":"2026-02-27T10:26:14","date_gmt":"2026-02-27T10:26:14","guid":{"rendered":"https:\/\/lightlifesystem.medecine-empirique.org\/?page_id=3040"},"modified":"2026-04-03T19:48:50","modified_gmt":"2026-04-03T19:48:50","slug":"apercu-du-monde-actuel","status":"publish","type":"page","link":"https:\/\/lightlifesystem.com\/?page_id=3040","title":{"rendered":"Aper\u00e7u du monde actuel"},"content":{"rendered":"<h1>Maintenant<\/h1>\n<h1>Maintenant<\/h1>\n<div>Aper\u00e7u du monde actuel<\/div>\n<div>Notre initiative s&#8217;inscrit dans un contexte marqu\u00e9 par de profonds conflits id\u00e9ologiques, des catastrophes r\u00e9currentes et un d\u00e9s\u00e9quilibre dont l&#8217;humanit\u00e9 souffre depuis ses origines. Au fil du temps, ces probl\u00e8mes ont non seulement persist\u00e9, mais se sont intensifi\u00e9s, surtout aujourd&#8217;hui, en raison de la croissance d\u00e9mographique acc\u00e9l\u00e9r\u00e9e et de la d\u00e9connexion progressive de l&#8217;\u00eatre humain avec sa nature profonde et la plan\u00e8te qu&#8217;il habite.\n<\/div>\n<div>Nous vivons dans un monde o\u00f9 le chaos r\u00e8gne depuis des mill\u00e9naires. On parle sans cesse de probl\u00e8mes \u2013 sociaux, \u00e9motionnels, spirituels et environnementaux \u2013 mais les solutions r\u00e9elles et profondes sont rarement propos\u00e9es. L&#8217;humanit\u00e9 semble confront\u00e9e non seulement \u00e0 des forces ext\u00e9rieures, mais aussi \u00e0 des forces antagonistes qu&#8217;elle a elle-m\u00eame engendr\u00e9es : conflits internes, d\u00e9s\u00e9quilibres psychologiques, crises existentielles et une relation destructrice avec la Terre.\n<\/div>\n<div>Dans ce monde mat\u00e9riel, le manque pr\u00e9domine : manque d&#8217;\u00e9quilibre, de sens, de bien-\u00eatre global et de connexion \u00e0 un id\u00e9al sup\u00e9rieur.<\/div>\n<p><!--more--><br \/>\n<!-- {\"type\":\"layout\",\"children\":[{\"type\":\"section\",\"props\":{\"header_transparent\":true,\"header_transparent_noplaceholder\":true,\"header_transparent_text_color\":\"light\",\"image_position\":\"center-center\",\"padding_bottom\":\"none\",\"padding_top\":\"none\",\"preserve_color\":true,\"style\":\"default\",\"title_breakpoint\":\"xl\",\"title_position\":\"top-left\",\"title_rotation\":\"left\",\"vertical_align\":\"\",\"width\":\"\"},\"children\":[{\"type\":\"row\",\"props\":{\"height\":\"viewport\",\"height_viewport_offset\":true},\"children\":[{\"type\":\"column\",\"props\":{\"image_position\":\"center-center\",\"image_size\":\"cover\",\"image_width\":\"2560\",\"padding\":\"none\",\"position_sticky\":\"section\",\"position_sticky_breakpoint\":\"\",\"video\":\"wp-content\/uploads\/5.mp4\"}}]},{\"type\":\"row\",\"props\":{\"css\":\".el-row {\\n    position: relative;\\n    z-index: 1;\\n    margin-top: -100vh;\\n}\",\"height\":\"viewport\"},\"children\":[{\"type\":\"column\",\"props\":{\"image_position\":\"center-center\",\"position_sticky_breakpoint\":\"m\",\"text_color\":\"light\",\"vertical_align\":\"middle\"},\"children\":[{\"type\":\"image\",\"props\":{\"animation\":\"parallax\",\"block_align\":\"center\",\"image\":\"\",\"image_loading\":true,\"image_svg_color\":\"emphasis\",\"image_width\":99,\"margin_bottom\":\"small\",\"margin_top\":\"small\",\"maxwidth\":\"xlarge\",\"parallax_blur\":\"50\",\"parallax_opacity\":\"1,0,0\",\"parallax_scale\":\"0.5\",\"parallax_start\":\"55vh + 50%\",\"position\":\"relative\",\"position_z_index\":\"1\",\"text_align\":\"left\",\"text_align_breakpoint\":\"l\",\"text_align_fallback\":\"left\"}},{\"type\":\"headline\",\"props\":{\"animation\":\"parallax\",\"content\":\"Maintenant\",\"image_align\":\"left\",\"image_margin\":\"xsmall\",\"margin_top\":\"remove\",\"parallax_opacity\":\"1,0,0\",\"parallax_scale\":\"0.5\",\"parallax_start\":\"55vh + 50%\",\"position\":\"relative\",\"position_z_index\":\"1\",\"text_align\":\"center\",\"title_color\":\"secondary\",\"title_element\":\"h1\",\"title_style\":\"heading-2xlarge\",\"visibility\":\"s\"}},{\"type\":\"headline\",\"props\":{\"animation\":\"parallax\",\"content\":\"\",\"image_align\":\"left\",\"image_margin\":\"xsmall\",\"margin_top\":\"remove\",\"parallax_opacity\":\"1,0,0\",\"parallax_scale\":\"0.5\",\"parallax_start\":\"55vh + 50%\",\"position\":\"relative\",\"position_z_index\":\"1\",\"text_align\":\"center\",\"title_color\":\"secondary\",\"title_element\":\"h1\",\"title_style\":\"heading-small\",\"visibility\":\"s\"}},{\"type\":\"headline\",\"props\":{\"animation\":\"parallax\",\"content\":\"Maintenant\",\"image_align\":\"left\",\"image_margin\":\"xsmall\",\"margin_top\":\"remove\",\"parallax_blur\":\"50\",\"parallax_opacity\":\"1,0,0\",\"parallax_scale\":\"0.5\",\"parallax_start\":\"50vh + 50%\",\"position\":\"relative\",\"position_z_index\":\"1\",\"text_align\":\"center\",\"title_element\":\"h1\",\"title_style\":\"heading-2xlarge\",\"visibility\":\"hidden-s\"}}]}]}],\"name\":\"Hero\"},{\"name\":\"01\",\"type\":\"section\",\"props\":{\"animation\":\"fade\",\"animation_delay\":\"200\",\"header_transparent\":true,\"header_transparent_noplaceholder\":true,\"header_transparent_text_color\":\"dark\",\"id\":\"01\",\"image_loading\":true,\"image_position\":\"center-center\",\"image_width\":\"1300\",\"padding_bottom\":\"xlarge\",\"padding_top\":\"large\",\"preserve_color\":true,\"style\":\"default\",\"title_breakpoint\":\"xl\",\"title_position\":\"top-left\",\"title_rotation\":\"left\",\"vertical_align\":\"\",\"width\":\"xsmall\"},\"children\":[{\"type\":\"row\",\"props\":{\"column_gap\":\"large\",\"row_gap\":\"large\"},\"children\":[{\"type\":\"column\",\"props\":{\"image_position\":\"center-center\",\"position_sticky_breakpoint\":\"m\"},\"children\":[{\"type\":\"headline\",\"props\":{\"block_align\":\"center\",\"content\":\"Aper\u00e7u du monde actuel\",\"id\":\"01\",\"image_align\":\"left\",\"image_margin\":\"xsmall\",\"margin_bottom\":\"default\",\"maxwidth\":\"2xlarge\",\"maxwidth_breakpoint\":\"m\",\"text_align\":\"left\",\"text_align_breakpoint\":\"m\",\"text_align_fallback\":\"left\",\"title_color\":\"warning\",\"title_element\":\"div\",\"title_style\":\"heading-large\"},\"name\":\"01\"},{\"type\":\"text\",\"props\":{\"block_align\":\"center\",\"column_breakpoint\":\"m\",\"content\":\"Notre initiative s'inscrit dans un contexte marqu\u00e9 par de profonds conflits id\u00e9ologiques, des catastrophes r\u00e9currentes et un d\u00e9s\u00e9quilibre dont l'humanit\u00e9 souffre depuis ses origines. Au fil du temps, ces probl\u00e8mes ont non seulement persist\u00e9, mais se sont intensifi\u00e9s, surtout aujourd'hui, en raison de la croissance d\u00e9mographique acc\u00e9l\u00e9r\u00e9e et de la d\u00e9connexion progressive de l'\u00eatre humain avec sa nature profonde et la plan\u00e8te qu'il habite.\\n\",\"dropcap\":false,\"margin_bottom\":\"medium\",\"margin_top\":\"medium\",\"maxwidth_breakpoint\":\"m\",\"text_align\":\"left\",\"text_style\":\"lead\"}},{\"type\":\"text\",\"props\":{\"block_align\":\"center\",\"column_breakpoint\":\"m\",\"content\":\"Nous vivons dans un monde o\u00f9 le chaos r\u00e8gne depuis des mill\u00e9naires. On parle sans cesse de probl\u00e8mes \u2013 sociaux, \u00e9motionnels, spirituels et environnementaux \u2013 mais les solutions r\u00e9elles et profondes sont rarement propos\u00e9es. L'humanit\u00e9 semble confront\u00e9e non seulement \u00e0 des forces ext\u00e9rieures, mais aussi \u00e0 des forces antagonistes qu'elle a elle-m\u00eame engendr\u00e9es : conflits internes, d\u00e9s\u00e9quilibres psychologiques, crises existentielles et une relation destructrice avec la Terre.\\n\",\"dropcap\":false,\"margin_bottom\":\"medium\",\"margin_top\":\"medium\",\"maxwidth_breakpoint\":\"m\",\"text_align\":\"left\",\"text_style\":\"lead\"}},{\"type\":\"text\",\"props\":{\"block_align\":\"center\",\"column_breakpoint\":\"m\",\"content\":\"Dans ce monde mat\u00e9riel, le manque pr\u00e9domine : manque d'\u00e9quilibre, de sens, de bien-\u00eatre global et de connexion \u00e0 un id\u00e9al sup\u00e9rieur.\",\"dropcap\":false,\"margin_bottom\":\"medium\",\"margin_top\":\"medium\",\"maxwidth_breakpoint\":\"m\",\"text_align\":\"left\",\"text_style\":\"lead\"}}]}]}]}],\"version\":\"5.0.19\"} --><\/p>\n","protected":false},"excerpt":{"rendered":"<p>Maintenant Maintenant Aper\u00e7u du monde actuel Notre initiative s&#8217;inscrit dans un contexte marqu\u00e9 par de profonds conflits id\u00e9ologiques, des catastrophes r\u00e9currentes et un d\u00e9s\u00e9quilibre dont l&#8217;humanit\u00e9 souffre depuis ses origines. Au fil du temps, ces probl\u00e8mes ont non seulement persist\u00e9, mais se sont intensifi\u00e9s, surtout aujourd&#8217;hui, en raison de la croissance d\u00e9mographique acc\u00e9l\u00e9r\u00e9e et de [&hellip;]<\/p>\n","protected":false},"author":1,"featured_media":0,"parent":0,"menu_order":0,"comment_status":"closed","ping_status":"closed","template":"","meta":{"_themeisle_gutenberg_block_has_review":false,"footnotes":""},"class_list":["post-3040","page","type-page","status-publish","hentry"],"_links":{"self":[{"href":"https:\/\/lightlifesystem.com\/index.php?rest_route=\/wp\/v2\/pages\/3040","targetHints":{"allow":["GET"]}}],"collection":[{"href":"https:\/\/lightlifesystem.com\/index.php?rest_route=\/wp\/v2\/pages"}],"about":[{"href":"https:\/\/lightlifesystem.com\/index.php?rest_route=\/wp\/v2\/types\/page"}],"author":[{"embeddable":true,"href":"https:\/\/lightlifesystem.com\/index.php?rest_route=\/wp\/v2\/users\/1"}],"replies":[{"embeddable":true,"href":"https:\/\/lightlifesystem.com\/index.php?rest_route=%2Fwp%2Fv2%2Fcomments&post=3040"}],"version-history":[{"count":22,"href":"https:\/\/lightlifesystem.com\/index.php?rest_route=\/wp\/v2\/pages\/3040\/revisions"}],"predecessor-version":[{"id":4211,"href":"https:\/\/lightlifesystem.com\/index.php?rest_route=\/wp\/v2\/pages\/3040\/revisions\/4211"}],"wp:attachment":[{"href":"https:\/\/lightlifesystem.com\/index.php?rest_route=%2Fwp%2Fv2%2Fmedia&parent=3040"}],"curies":[{"name":"wp","href":"https:\/\/api.w.org\/{rel}","templated":true}]}}