{"id":3022,"date":"2026-02-27T09:53:35","date_gmt":"2026-02-27T09:53:35","guid":{"rendered":"https:\/\/lightlifesystem.medecine-empirique.org\/?page_id=3022"},"modified":"2026-04-02T16:27:58","modified_gmt":"2026-04-02T16:27:58","slug":"bioenergie-pour-tous","status":"publish","type":"page","link":"https:\/\/lightlifesystem.com\/?page_id=3022","title":{"rendered":"Bio\u00e9nergie pour tous"},"content":{"rendered":"<h1>Bio\u00e9nergie<br \/>pour tous<\/h1>\n<h1>Maintenant<\/h1>\n<ul>\n<li>\n<p><video src=\"\/wp-content\/uploads\/yootheme\/3.mp4\"><\/video><\/p>\n<h3>Hors contre-indications<\/h3>\n<div>Nous pr\u00e9cisons \u00e9galement que le terme QUANTIQUE utilis\u00e9 ici ne fait pas r\u00e9f\u00e9rence \u00e0 la PHYSIQUE QUANTIQUE, mais au concept scientifique de QUANTIQUE, omnipr\u00e9sent.<\/div>\n<p><a href=\"\/?page_id=3052&amp;lang=fr\">En savoir plus<\/a><\/p>\n<\/li>\n<li>\n<p>        <img decoding=\"async\" src=\"\/wp-content\/uploads\/four.png\" alt=\"\"><\/p>\n<h3>Th\u00e9rapie Bio\u00e9nerg\u00e9tique int\u00e9grative et compl\u00e9mentaire<\/h3>\n<div>La th\u00e9rapie bio\u00e9nerg\u00e9tique int\u00e9grative et compl\u00e9mentaire est reconnue et approuv\u00e9e par la l\u00e9gislation br\u00e9silienne et l\u2019Organisation mondiale de la Sant\u00e9 (OMS)<\/div>\n<p><a href=\"\/?page_id=3054&amp;lang=fr\">En savoir plus<\/a><\/p>\n<\/li>\n<li>\n<p>        <img decoding=\"async\" src=\"\/wp-content\/uploads\/six.png\" alt=\"\"><\/p>\n<h3>POUR TOUS<\/h3>\n<div>Humanitaire, philanthropique et altruiste, cette possibilit\u00e9 est pr\u00eate \u00e0 \u00eatre mise en \u0153uvre et pour accompagner toute personne en qu\u00eate de bien-\u00eatre et d\u2019\u00e9panouissement.<\/div>\n<p><a href=\"\/?page_id=3056&amp;lang=fr\">En savoir plus<\/a><\/p>\n<\/li>\n<\/ul>\n<p><!--more--><br \/>\n<!-- {\"type\":\"layout\",\"children\":[{\"type\":\"section\",\"props\":{\"header_transparent\":true,\"header_transparent_noplaceholder\":true,\"header_transparent_text_color\":\"light\",\"image_position\":\"center-center\",\"padding_bottom\":\"none\",\"padding_top\":\"none\",\"preserve_color\":true,\"style\":\"default\",\"title_breakpoint\":\"xl\",\"title_position\":\"top-left\",\"title_rotation\":\"left\",\"vertical_align\":\"\",\"width\":\"\"},\"children\":[{\"type\":\"row\",\"props\":{\"height\":\"viewport\",\"height_viewport_offset\":true},\"children\":[{\"type\":\"column\",\"props\":{\"image_position\":\"center-center\",\"image_size\":\"cover\",\"image_width\":\"2560\",\"padding\":\"none\",\"position_sticky\":\"section\",\"position_sticky_breakpoint\":\"\",\"video\":\"wp-content\/uploads\/yootheme\/3.mp4\"}}]},{\"type\":\"row\",\"props\":{\"css\":\".el-row {\\n    position: relative;\\n    z-index: 1;\\n    margin-top: -100vh;\\n}\",\"height\":\"viewport\"},\"children\":[{\"type\":\"column\",\"props\":{\"image_position\":\"center-center\",\"position_sticky_breakpoint\":\"m\",\"text_color\":\"light\",\"vertical_align\":\"middle\"},\"children\":[{\"type\":\"image\",\"props\":{\"animation\":\"parallax\",\"block_align\":\"center\",\"image\":\"\",\"image_loading\":true,\"image_svg_color\":\"emphasis\",\"image_width\":99,\"margin_bottom\":\"small\",\"margin_top\":\"small\",\"maxwidth\":\"xlarge\",\"parallax_blur\":\"50\",\"parallax_opacity\":\"1,0,0\",\"parallax_scale\":\"0.5\",\"parallax_start\":\"55vh + 50%\",\"position\":\"relative\",\"position_z_index\":\"1\",\"text_align\":\"left\",\"text_align_breakpoint\":\"l\",\"text_align_fallback\":\"left\"}},{\"type\":\"headline\",\"props\":{\"animation\":\"parallax\",\"content\":\"Bio\u00e9nergie<br \/>pour tous\",\"image_align\":\"left\",\"image_margin\":\"xsmall\",\"margin_top\":\"remove\",\"parallax_opacity\":\"1,0,0\",\"parallax_scale\":\"0.5\",\"parallax_start\":\"55vh + 50%\",\"position\":\"relative\",\"position_z_index\":\"1\",\"text_align\":\"center\",\"title_color\":\"secondary\",\"title_element\":\"h1\",\"title_style\":\"heading-2xlarge\",\"visibility\":\"s\"}},{\"type\":\"headline\",\"props\":{\"animation\":\"parallax\",\"content\":\"\",\"image_align\":\"left\",\"image_margin\":\"xsmall\",\"margin_top\":\"remove\",\"parallax_opacity\":\"1,0,0\",\"parallax_scale\":\"0.5\",\"parallax_start\":\"55vh + 50%\",\"position\":\"relative\",\"position_z_index\":\"1\",\"text_align\":\"center\",\"title_color\":\"secondary\",\"title_element\":\"h1\",\"title_style\":\"heading-small\",\"visibility\":\"s\"}},{\"type\":\"headline\",\"props\":{\"animation\":\"parallax\",\"content\":\"Maintenant\",\"image_align\":\"left\",\"image_margin\":\"xsmall\",\"margin_top\":\"remove\",\"parallax_blur\":\"50\",\"parallax_opacity\":\"1,0,0\",\"parallax_scale\":\"0.5\",\"parallax_start\":\"50vh + 50%\",\"position\":\"relative\",\"position_z_index\":\"1\",\"text_align\":\"center\",\"title_element\":\"h1\",\"title_style\":\"heading-2xlarge\",\"visibility\":\"hidden-s\"}}]}]}],\"name\":\"Hero\"},{\"type\":\"section\",\"props\":{\"height\":\"viewport\",\"image_position\":\"center-center\",\"padding_bottom\":\"xlarge\",\"padding_top\":\"xlarge\",\"style\":\"default\",\"title_breakpoint\":\"xl\",\"title_position\":\"top-left\",\"title_rotation\":\"left\",\"vertical_align\":\"middle\",\"width\":\"xlarge\"},\"children\":[{\"type\":\"row\",\"children\":[{\"type\":\"column\",\"props\":{\"image_position\":\"center-center\",\"position_sticky_breakpoint\":\"m\"},\"children\":[{\"name\":\"Grid Gaps None\",\"type\":\"grid\",\"children\":[{\"type\":\"grid_item\",\"props\":{\"content\":\"Nous pr\u00e9cisons \u00e9galement que le terme QUANTIQUE utilis\u00e9 ici ne fait pas r\u00e9f\u00e9rence \u00e0 la PHYSIQUE QUANTIQUE, mais au concept scientifique de QUANTIQUE, omnipr\u00e9sent.\",\"image\":\"\",\"link\":\"?page_id=3052&lang=fr\",\"meta\":\"\",\"title\":\"Hors contre-indications\",\"video\":\"wp-content\/uploads\/yootheme\/3.mp4\"}},{\"type\":\"grid_item\",\"props\":{\"content\":\"La th\u00e9rapie bio\u00e9nerg\u00e9tique int\u00e9grative et compl\u00e9mentaire est reconnue et approuv\u00e9e par la l\u00e9gislation br\u00e9silienne et l\u2019Organisation mondiale de la Sant\u00e9 (OMS)\",\"image\":\"wp-content\/uploads\/four.png\",\"link\":\"?page_id=3054&lang=fr\",\"meta\":\"\",\"title\":\"Th\u00e9rapie Bio\u00e9nerg\u00e9tique int\u00e9grative et compl\u00e9mentaire\",\"video\":\"\"}},{\"type\":\"grid_item\",\"props\":{\"content\":\"Humanitaire, philanthropique et altruiste, cette possibilit\u00e9 est pr\u00eate \u00e0 \u00eatre mise en \u0153uvre et pour accompagner toute personne en qu\u00eate de bien-\u00eatre et d\u2019\u00e9panouissement.\",\"image\":\"wp-content\/uploads\/six.png\",\"link\":\"?page_id=3056&lang=fr\",\"meta\":\"\",\"title\":\"POUR TOUS\",\"video\":\"\"}}],\"props\":{\"content_column_breakpoint\":\"m\",\"filter_align\":\"left\",\"filter_all\":true,\"filter_grid_breakpoint\":\"m\",\"filter_grid_width\":\"auto\",\"filter_position\":\"top\",\"filter_style\":\"tab\",\"grid_column_gap\":\"large\",\"grid_default\":\"1\",\"grid_medium\":\"3\",\"grid_row_gap\":\"large\",\"grid_small\":\"2\",\"image_align\":\"top\",\"image_expand\":false,\"image_grid_breakpoint\":\"m\",\"image_grid_width\":\"1-2\",\"image_height\":800,\"image_svg_color\":\"emphasis\",\"image_transition\":\"scale-up\",\"image_width\":800,\"item_animation\":true,\"lightbox_bg_close\":true,\"link_margin\":\"medium\",\"link_style\":\"primary\",\"link_text\":\"En savoir plus\",\"margin_bottom\":\"default\",\"margin_top\":\"default\",\"meta_align\":\"above-title\",\"meta_element\":\"div\",\"meta_margin\":\"small\",\"meta_style\":\"text-meta\",\"panel_link\":true,\"panel_padding\":\"default\",\"parallax_easing\":\"1\",\"show_content\":true,\"show_hover_image\":true,\"show_hover_video\":true,\"show_image\":true,\"show_link\":true,\"show_meta\":true,\"show_title\":true,\"show_video\":true,\"title_align\":\"top\",\"title_element\":\"h3\",\"title_grid_breakpoint\":\"m\",\"title_grid_width\":\"1-2\",\"title_hover_style\":\"reset\",\"title_margin\":\"small\",\"title_style\":\"h1\"}}]}]}]}],\"version\":\"5.0.19\"} --><\/p>\n","protected":false},"excerpt":{"rendered":"<p>Bio\u00e9nergiepour tous Maintenant Hors contre-indications Nous pr\u00e9cisons \u00e9galement que le terme QUANTIQUE utilis\u00e9 ici ne fait pas r\u00e9f\u00e9rence \u00e0 la PHYSIQUE QUANTIQUE, mais au concept scientifique de QUANTIQUE, omnipr\u00e9sent. En savoir plus Th\u00e9rapie Bio\u00e9nerg\u00e9tique int\u00e9grative et compl\u00e9mentaire La th\u00e9rapie bio\u00e9nerg\u00e9tique int\u00e9grative et compl\u00e9mentaire est reconnue et approuv\u00e9e par la l\u00e9gislation br\u00e9silienne et l\u2019Organisation mondiale de [&hellip;]<\/p>\n","protected":false},"author":1,"featured_media":0,"parent":0,"menu_order":0,"comment_status":"closed","ping_status":"closed","template":"","meta":{"_themeisle_gutenberg_block_has_review":false,"footnotes":""},"class_list":["post-3022","page","type-page","status-publish","hentry"],"_links":{"self":[{"href":"https:\/\/lightlifesystem.com\/index.php?rest_route=\/wp\/v2\/pages\/3022","targetHints":{"allow":["GET"]}}],"collection":[{"href":"https:\/\/lightlifesystem.com\/index.php?rest_route=\/wp\/v2\/pages"}],"about":[{"href":"https:\/\/lightlifesystem.com\/index.php?rest_route=\/wp\/v2\/types\/page"}],"author":[{"embeddable":true,"href":"https:\/\/lightlifesystem.com\/index.php?rest_route=\/wp\/v2\/users\/1"}],"replies":[{"embeddable":true,"href":"https:\/\/lightlifesystem.com\/index.php?rest_route=%2Fwp%2Fv2%2Fcomments&post=3022"}],"version-history":[{"count":15,"href":"https:\/\/lightlifesystem.com\/index.php?rest_route=\/wp\/v2\/pages\/3022\/revisions"}],"predecessor-version":[{"id":4021,"href":"https:\/\/lightlifesystem.com\/index.php?rest_route=\/wp\/v2\/pages\/3022\/revisions\/4021"}],"wp:attachment":[{"href":"https:\/\/lightlifesystem.com\/index.php?rest_route=%2Fwp%2Fv2%2Fmedia&parent=3022"}],"curies":[{"name":"wp","href":"https:\/\/api.w.org\/{rel}","templated":true}]}}