{"id":2313,"date":"2026-01-25T15:55:59","date_gmt":"2026-01-25T15:55:59","guid":{"rendered":"https:\/\/lightlifesystem.medecine-empirique.org\/?page_id=2313"},"modified":"2026-03-26T23:38:33","modified_gmt":"2026-03-26T23:38:33","slug":"le-fondateur","status":"publish","type":"page","link":"https:\/\/lightlifesystem.com\/?page_id=2313","title":{"rendered":"Ara\u0144du\u00e9te fr"},"content":{"rendered":"<div>\n<p>    <img decoding=\"async\" src=\"\/wp-content\/uploads\/2_.png\" alt=\"\"><\/p>\n<h2>Ara&#8217;ndu&#8217;e&#8217;te<\/h2>\n<p>Nouvelle M\u00e9thode Naturelle pour une Sant\u00e9 hHmaine Int\u00e9grale<\/p>\n<p><a href=\"https:\/\/clubedeautores.com.br\/livro\/aranduete-nuevo-metodo-natural-auxilio-en-la-salud-humana-integral\">Acheter le livre<\/a><\/p>\n<\/div>\n<h1>Nouvelle M\u00e9thode Naturelle pour une Sant\u00e9 Humaine Int\u00e9grale<\/h1>\n<h1>Les versions anglaise et fran\u00e7aise sont en cours d\u2019\u00e9dition et seront bient\u00f4t disponibles. Vous pouvez d\u2019ores et d\u00e9j\u00e0 acheter ce livre. Il est actuellement disponible en espagnol et en portugais, en version num\u00e9rique et imprim\u00e9e, via les plateformes suivantes :<\/h1>\n<ul>\n<li>\n<p>        <img decoding=\"async\" src=\"\/wp-content\/uploads\/book.jpg\" alt=\"\"><\/p>\n<h2>AUTORES EDITORE<\/h2>\n<p>Espagnol<\/p>\n<p><a href=\"https:\/\/www.autoreseditores.com\/libro\/20755\/abel-lopez-aguilera-angeles-vargas\/aranduete-nuevo-metodo-natural.html#:~:text=Ara'ndu'e'te\">Acheter le livre<\/a><\/p>\n<\/li>\n<li>\n<p>        <img decoding=\"async\" src=\"\/wp-content\/uploads\/book.jpg\" alt=\"\"><\/p>\n<h2>CLUBE DE AUTORES<\/h2>\n<p>Espagnol, Portugais<\/p>\n<p><a href=\"https:\/\/clubedeautores.com.br\/livro\/aranduete-nuevo-metodo-natural-auxilio-en-la-salud-humana-integral\">Acheter le livre<\/a><\/p>\n<\/li>\n<li>\n<p>        <img decoding=\"async\" src=\"\/wp-content\/uploads\/book.jpg\" alt=\"\"><\/p>\n<h2>GOOGLE BOOKS<\/h2>\n<p>Espagnol<\/p>\n<p><a href=\"https:\/\/www.google.com.br\/books\/edition\/Aranduete_Nuevo_M\u00e9todo_Natural_Auxilio\/QGVtEAAAQBAJ?hl=pt- BR&#038;gbpv=1&#038;dq=aranduete+nuevo+metodo&#038;pg=PA16&#038;printsec=frontcover\">Acheter le livre<\/a><\/p>\n<\/li>\n<\/ul>\n<h1>Pour des commentaires ou des questions, contactez-nous<\/h1>\n<div><a href=\"mailto:aranduete244@gmail.com\">aranduete244@gmail.com<\/a><\/div>\n<h1>Nous suivre sur les r\u00e9seaux<\/h1>\n<ul>\n<li><a href=\"https:\/\/www.facebook.com\/\">facebook<\/a>\n<\/li>\n<li><a href=\"https:\/\/www.instagram.com\/\">instagram<\/a>\n<\/li>\n<\/ul>\n<p><!--more--><br \/>\n<!-- {\"type\":\"layout\",\"children\":[{\"type\":\"section\",\"props\":{\"header_transparent\":true,\"header_transparent_noplaceholder\":true,\"header_transparent_text_color\":\"light\",\"image_position\":\"center-center\",\"padding_bottom\":\"none\",\"padding_top\":\"none\",\"style\":\"default\",\"title_breakpoint\":\"xl\",\"title_position\":\"top-left\",\"title_rotation\":\"left\",\"vertical_align\":\"middle\",\"width\":\"\"},\"children\":[{\"type\":\"row\",\"children\":[{\"type\":\"column\",\"props\":{\"image_position\":\"center-center\",\"position_sticky_breakpoint\":\"m\"},\"children\":[{\"name\":\"Slideshow Viewport Height Content Left\",\"type\":\"slideshow\",\"children\":[{\"type\":\"slideshow_item\",\"props\":{\"content\":\"\",\"image\":\"wp-content\/uploads\/2_.png\",\"link\":\"https:\/\/clubedeautores.com.br\/livro\/aranduete-nuevo-metodo-natural-auxilio-en-la-salud-humana-integral\",\"meta\":\"Nouvelle M\u00e9thode Naturelle pour une Sant\u00e9 hHmaine Int\u00e9grale\",\"title\":\"Ara'ndu'e'te\"}}],\"props\":{\"height_viewport\":\"viewport\",\"image_width\":\"2560\",\"link_margin\":\"large\",\"link_style\":\"primary\",\"link_text\":\"Acheter le livre\",\"margin_bottom\":\"default\",\"margin_top\":\"default\",\"meta_align\":\"below-title\",\"meta_element\":\"div\",\"meta_style\":\"text-large\",\"nav\":\"thumbnav\",\"nav_align\":\"center\",\"nav_below\":false,\"nav_breakpoint\":\"\",\"nav_position\":\"bottom-center\",\"nav_position_margin\":\"medium\",\"nav_vertical\":false,\"overlay_animation\":\"parallax\",\"overlay_container\":\"default\",\"overlay_position\":\"center-left\",\"overlay_width\":\"large\",\"show_content\":true,\"show_link\":true,\"show_meta\":true,\"show_thumbnail\":true,\"show_title\":true,\"slidenav\":\"default\",\"slidenav_breakpoint\":\"m\",\"slidenav_hover\":true,\"slidenav_large\":true,\"slidenav_margin\":\"medium\",\"slidenav_outside_breakpoint\":\"xl\",\"slideshow_animation\":\"fade\",\"slideshow_autoplay\":false,\"slideshow_autoplay_pause\":true,\"slideshow_kenburns\":\"center-center\",\"slideshow_min_height\":\"700\",\"slideshow_velocity\":0.6,\"text_align\":\"left\",\"text_align_fallback\":\"center\",\"text_color\":\"light\",\"thumbnav_height\":\"75\",\"thumbnav_shrink\":true,\"thumbnav_svg_color\":\"emphasis\",\"thumbnav_width\":\"100\",\"title_element\":\"h2\",\"title_hover_style\":\"reset\",\"title_style\":\"heading-xlarge\"}}]}]}]},{\"name\":\"natural\",\"type\":\"section\",\"props\":{\"animation\":\"fade\",\"animation_delay\":\"200\",\"header_transparent\":true,\"header_transparent_noplaceholder\":true,\"header_transparent_text_color\":\"dark\",\"height\":\"viewport\",\"id\":\"natural\",\"image_loading\":true,\"image_position\":\"center-center\",\"image_width\":\"1300\",\"padding_bottom\":\"large\",\"padding_top\":\"large\",\"preserve_color\":true,\"style\":\"default\",\"title_breakpoint\":\"xl\",\"title_position\":\"top-left\",\"title_rotation\":\"left\",\"vertical_align\":\"\",\"width\":\"default\"},\"children\":[{\"type\":\"row\",\"props\":{\"column_gap\":\"large\",\"row_gap\":\"large\"},\"children\":[{\"type\":\"column\",\"props\":{\"image_position\":\"center-center\",\"position_sticky_breakpoint\":\"m\"},\"children\":[{\"type\":\"headline\",\"props\":{\"content\":\"Nouvelle M\u00e9thode Naturelle pour une Sant\u00e9 Humaine Int\u00e9grale\",\"image_align\":\"left\",\"image_margin\":\"xsmall\",\"maxwidth\":\"2xlarge\",\"maxwidth_breakpoint\":\"m\",\"text_align\":\"left\",\"text_align_breakpoint\":\"m\",\"title_color\":\"warning\",\"title_element\":\"h1\",\"title_style\":\"heading-medium\"}},{\"type\":\"headline\",\"props\":{\"content\":\"Les versions anglaise et fran\u00e7aise sont en cours d\u2019\u00e9dition et seront bient\u00f4t disponibles. Vous pouvez d\u2019ores et d\u00e9j\u00e0 acheter ce livre. Il est actuellement disponible en espagnol et en portugais, en version num\u00e9rique et imprim\u00e9e, via les plateformes suivantes :\",\"image_align\":\"left\",\"image_margin\":\"xsmall\",\"margin_bottom\":\"medium\",\"margin_top\":\"large\",\"maxwidth\":\"2xlarge\",\"maxwidth_breakpoint\":\"m\",\"text_align\":\"left\",\"title_element\":\"h1\",\"title_style\":\"text-lead\"}},{\"name\":\"Grid Panel Style Card\",\"type\":\"grid\",\"children\":[{\"type\":\"grid_item\",\"props\":{\"content\":\"\",\"image\":\"wp-content\/uploads\/book.jpg\",\"link\":\"https:\/\/www.autoreseditores.com\/libro\/20755\/abel-lopez-aguilera-angeles-vargas\/aranduete-nuevo-metodo-natural.html#:~:text=Ara'ndu'e'te\",\"link_text\":\"Acheter le livre\",\"meta\":\"Espagnol\",\"title\":\"AUTORES EDITORE\"}},{\"type\":\"grid_item\",\"props\":{\"content\":\"\",\"image\":\"wp-content\/uploads\/book.jpg\",\"link\":\"https:\/\/clubedeautores.com.br\/livro\/aranduete-nuevo-metodo-natural-auxilio-en-la-salud-humana-integral\",\"link_text\":\"Acheter le livre\",\"meta\":\"Espagnol, Portugais\",\"title\":\"CLUBE DE AUTORES\"}},{\"type\":\"grid_item\",\"props\":{\"content\":\"\",\"image\":\"wp-content\/uploads\/book.jpg\",\"link\":\"https:\/\/www.google.com.br\/books\/edition\/Aranduete_Nuevo_M\u00e9todo_Natural_Auxilio\/QGVtEAAAQBAJ?hl=pt- BR&gbpv=1&dq=aranduete+nuevo+metodo&pg=PA16&printsec=frontcover\",\"link_text\":\"Acheter le livre\",\"meta\":\"Espagnol\",\"title\":\"GOOGLE BOOKS\"}}],\"props\":{\"content_column_breakpoint\":\"m\",\"content_margin\":\"small\",\"filter_align\":\"left\",\"filter_all\":true,\"filter_grid_breakpoint\":\"m\",\"filter_grid_width\":\"auto\",\"filter_position\":\"top\",\"filter_style\":\"tab\",\"grid_column_align\":true,\"grid_default\":\"1\",\"grid_large\":\"3\",\"grid_medium\":\"3\",\"grid_small\":\"3\",\"grid_xlarge\":\"3\",\"image_align\":\"top\",\"image_grid_breakpoint\":\"m\",\"image_grid_width\":\"1-2\",\"image_link\":true,\"image_loading\":true,\"image_svg_color\":\"emphasis\",\"image_transition\":\"scale-up\",\"image_width\":\"900\",\"item_animation\":true,\"lightbox_bg_close\":true,\"link_download\":false,\"link_size\":\"small\",\"link_style\":\"danger\",\"link_text\":\"Acheter le livre\",\"margin_bottom\":\"remove\",\"margin_top\":\"large\",\"meta_align\":\"below-title\",\"meta_element\":\"div\",\"meta_style\":\"text-lead\",\"panel_image_no_padding\":true,\"panel_link\":true,\"panel_link_hover\":true,\"panel_padding\":\"large\",\"panel_style\":\"card-primary\",\"parallax_easing\":\"1\",\"show_content\":true,\"show_hover_image\":true,\"show_hover_video\":true,\"show_image\":true,\"show_link\":true,\"show_meta\":true,\"show_title\":true,\"show_video\":true,\"title_align\":\"top\",\"title_element\":\"h2\",\"title_grid_breakpoint\":\"m\",\"title_grid_width\":\"1-2\",\"title_hover_style\":\"reset\",\"title_link\":true,\"title_margin\":\"small\",\"title_style\":\"h1\"}},{\"type\":\"headline\",\"props\":{\"content\":\"Pour des commentaires ou des questions, contactez-nous\",\"image_align\":\"left\",\"image_margin\":\"xsmall\",\"margin_bottom\":\"default\",\"margin_top\":\"large\",\"maxwidth\":\"2xlarge\",\"maxwidth_breakpoint\":\"m\",\"text_align\":\"left\",\"title_element\":\"h1\",\"title_style\":\"h4\"}},{\"type\":\"headline\",\"props\":{\"content\":\"aranduete244@gmail.com\",\"icon\":\"mail\",\"image_align\":\"left\",\"image_margin\":\"xsmall\",\"link\":\"mailto:aranduete244@gmail.com\",\"link_style\":false,\"margin_top\":\"remove\",\"title_element\":\"div\",\"title_style\":\"text-lead\"}},{\"type\":\"headline\",\"props\":{\"content\":\"Nous suivre sur les r\u00e9seaux\",\"image_align\":\"left\",\"image_margin\":\"xsmall\",\"margin_bottom\":\"auto\",\"margin_top\":\"medium\",\"maxwidth\":\"2xlarge\",\"maxwidth_breakpoint\":\"m\",\"text_align\":\"justify\",\"title_element\":\"h1\",\"title_style\":\"h4\"}},{\"type\":\"social\",\"props\":{\"grid\":\"horizontal\",\"grid_column_gap\":\"small\",\"grid_row_gap\":\"small\",\"image_height\":\"25\",\"image_svg_inline\":true,\"image_width\":\"25\",\"link_style\":\"text\",\"margin_bottom\":\"large\",\"margin_top\":\"default\"},\"children\":[{\"type\":\"social_item\",\"props\":{\"link\":\"https:\/\/www.facebook.com\/\"}},{\"type\":\"social_item\",\"props\":{\"link\":\"https:\/\/www.instagram.com\/\"}}],\"name\":\"22\"}]}]}]}],\"version\":\"5.0.19\"} --><\/p>\n","protected":false},"excerpt":{"rendered":"<p>Ara&#8217;ndu&#8217;e&#8217;te Nouvelle M\u00e9thode Naturelle pour une Sant\u00e9 hHmaine Int\u00e9grale Acheter le livre Nouvelle M\u00e9thode Naturelle pour une Sant\u00e9 Humaine Int\u00e9grale Les versions anglaise et fran\u00e7aise sont en cours d\u2019\u00e9dition et seront bient\u00f4t disponibles. Vous pouvez d\u2019ores et d\u00e9j\u00e0 acheter ce livre. Il est actuellement disponible en espagnol et en portugais, en version num\u00e9rique et imprim\u00e9e, [&hellip;]<\/p>\n","protected":false},"author":1,"featured_media":0,"parent":0,"menu_order":0,"comment_status":"closed","ping_status":"closed","template":"","meta":{"_themeisle_gutenberg_block_has_review":false,"footnotes":""},"class_list":["post-2313","page","type-page","status-publish","hentry"],"_links":{"self":[{"href":"https:\/\/lightlifesystem.com\/index.php?rest_route=\/wp\/v2\/pages\/2313","targetHints":{"allow":["GET"]}}],"collection":[{"href":"https:\/\/lightlifesystem.com\/index.php?rest_route=\/wp\/v2\/pages"}],"about":[{"href":"https:\/\/lightlifesystem.com\/index.php?rest_route=\/wp\/v2\/types\/page"}],"author":[{"embeddable":true,"href":"https:\/\/lightlifesystem.com\/index.php?rest_route=\/wp\/v2\/users\/1"}],"replies":[{"embeddable":true,"href":"https:\/\/lightlifesystem.com\/index.php?rest_route=%2Fwp%2Fv2%2Fcomments&post=2313"}],"version-history":[{"count":93,"href":"https:\/\/lightlifesystem.com\/index.php?rest_route=\/wp\/v2\/pages\/2313\/revisions"}],"predecessor-version":[{"id":3815,"href":"https:\/\/lightlifesystem.com\/index.php?rest_route=\/wp\/v2\/pages\/2313\/revisions\/3815"}],"wp:attachment":[{"href":"https:\/\/lightlifesystem.com\/index.php?rest_route=%2Fwp%2Fv2%2Fmedia&parent=2313"}],"curies":[{"name":"wp","href":"https:\/\/api.w.org\/{rel}","templated":true}]}}